{"id":146945,"date":"2021-01-15T10:54:28","date_gmt":"2021-01-15T10:54:28","guid":{"rendered":"https:\/\/codengine3.ch\/?product=import-placeholder-for-207336"},"modified":"2024-06-13T11:37:11","modified_gmt":"2024-06-13T09:37:11","slug":"die-rote-rakete-am-nanga-parbat","status":"publish","type":"product","link":"https:\/\/pizbube.ch\/en\/shop\/die-rote-rakete-am-nanga-parbat\/","title":{"rendered":"Die rote Rakete am Nanga Parbat"},"content":{"rendered":"<p>Am 27. Juni 1970 gelingt den S\u00fcdtiroler Br\u00fcdern Reinhold und G\u00fcnther Messner<br \/>\nerstmals die Durchsteigung der Rupalflanke am Nanga Parbat, der mit 4500<br \/>\nMetern h\u00f6chsten Fels- und Eiswand der Welt. Doch der Abstieg \u00fcber die andere<br \/>\nSeite ins Diamirtal endet tragisch mit G\u00fcnthers Lawinentod.<\/p>\n<p>Auf Betreiben des Expeditionsleiters werden die wahren Umst\u00e4nde der<br \/>\nKatastrophe unterschlagen. Reinhold Messners eigene Darstellung wird verboten,<br \/>\ner selbst zum Ziel jahrzehntelanger Rufmordkampagnen, den j\u00fcngeren Bruder<br \/>\nseinem Ehrgeiz geopfert zu haben.<\/p>\n<p>\u00bbDie rote Rakete am Nanga Parbat\u00ab, nach Jahren wieder erh\u00e4ltlich, ist sein<br \/>\nSchl\u00fcsselwerk zur gr\u00f6\u00dften Kontroverse der j\u00fcngeren Alpingeschichte.<\/p>\n<p>3. Auflage 2021<br \/>\n336 Seiten, Klappenbroschur<\/p>","protected":false},"excerpt":{"rendered":"<p>Am 27. Juni 1970 gelingt den S\u00fcdtiroler Br\u00fcdern Reinhold und G\u00fcnther Messner erstmals die Durchsteigung der Rupalflanke am Nanga Parbat, der mit 4500 Metern h\u00f6chsten Fels- und Eiswand der Welt. Doch der Abstieg \u00fcber die andere Seite ins Diamirtal endet tragisch mit G\u00fcnthers Lawinentod. Auf Betreiben des Expeditionsleiters werden die wahren Umst\u00e4nde der Katastrophe unterschlagen. [&#8230;]\n","protected":false},"featured_media":160563,"template":"","meta":[],"product_brand":[],"product_cat":[21542],"product_tag":[],"class_list":{"0":"post-146945","1":"product","2":"type-product","3":"status-publish","4":"has-post-thumbnail","6":"product_cat-sachbuecher-dokumentationen","7":"pa_autor-messner","8":"pa_erscheinungsjahr-25440","9":"pa_region-asien","10":"pa_sprache-de","12":"first","13":"instock","14":"taxable","15":"shipping-taxable","16":"purchasable","17":"product-type-simple"},"_links":{"self":[{"href":"https:\/\/pizbube.ch\/en\/wp-json\/wp\/v2\/product\/146945","targetHints":{"allow":["GET"]}}],"collection":[{"href":"https:\/\/pizbube.ch\/en\/wp-json\/wp\/v2\/product"}],"about":[{"href":"https:\/\/pizbube.ch\/en\/wp-json\/wp\/v2\/types\/product"}],"wp:featuredmedia":[{"embeddable":true,"href":"https:\/\/pizbube.ch\/en\/wp-json\/wp\/v2\/media\/160563"}],"wp:attachment":[{"href":"https:\/\/pizbube.ch\/en\/wp-json\/wp\/v2\/media?parent=146945"}],"wp:term":[{"taxonomy":"product_brand","embeddable":true,"href":"https:\/\/pizbube.ch\/en\/wp-json\/wp\/v2\/product_brand?post=146945"},{"taxonomy":"product_cat","embeddable":true,"href":"https:\/\/pizbube.ch\/en\/wp-json\/wp\/v2\/product_cat?post=146945"},{"taxonomy":"product_tag","embeddable":true,"href":"https:\/\/pizbube.ch\/en\/wp-json\/wp\/v2\/product_tag?post=146945"}],"curies":[{"name":"wp","href":"https:\/\/api.w.org\/{rel}","templated":true}]}}