{"id":146947,"date":"2021-01-15T10:54:28","date_gmt":"2021-01-15T10:54:28","guid":{"rendered":"https:\/\/codengine3.ch\/?product=import-placeholder-for-206461"},"modified":"2021-01-15T14:49:07","modified_gmt":"2021-01-15T14:49:07","slug":"dolomiti-150-itinerari-per-medi-e-buoni-scialpinisti","status":"publish","type":"product","link":"https:\/\/pizbube.ch\/en\/shop\/dolomiti-150-itinerari-per-medi-e-buoni-scialpinisti\/","title":{"rendered":"DOLOMITI &#8211; 150 ITINERARI PER MEDI E BUONI SCIALPINISTI"},"content":{"rendered":"<p>Marmolada, Pale di San Martino e Cima Bocche, Col di Lana, Tofane, Croda da<br \/>\nLago e Form\u00ecn, Pelmo, Civetta e Moi\u00e0zza Bosconero, T\u00e0mer e San Sebastiano,<br \/>\nPramp\u00e8r e Mezzod\u00ec, Schiara, Alpi Feltrine, Cristallo e Croda Rossa, Dolomiti<br \/>\ndi Auronzo, Sesto e Comelico, Antelao, Monti del Comelico e Sappada, Dolomiti<br \/>\ndi Sinistra Piave, Col Nudo e Cavallo  <\/p>\n<p>La guida si presenta subito molto accattivante. Gi\u00e0 dal titolo si intuisce il<br \/>\n&#8218;taglio&#8216; degli itinerari proposti. Infatti, quel &#8218;per medi e buoni<br \/>\nscialpinisti&#8216; fa chiaramente intendere a chi \u00e8 dedicato il libro e cio\u00e8 alla<br \/>\nstragrande maggioranza degli appassionati di scialpinismo. Moltissime sono le<br \/>\npersone che praticano questa affascinante disciplina sportiva alla ricerca di<br \/>\nmomenti di svago e divertimento senza necessariamente saper padroneggiare gli<br \/>\nsci in modo perfetto o senza doversi sobbarcare nello zaino l&#8217;intera<br \/>\nattrezzatura alpinistica, come corda ed imbragatura, spesso indispensabile per<br \/>\npoter affrontare in sicurezza alcuni itinerari classificati &#8218;OSA&#8216;.<br \/>\nE&#8216; chiaro che in Dolomiti non c&#8217;\u00e8 pi\u00f9 nulla di nuovo da scoprire, sempre che<br \/>\nsi escludano itinerari estremi riservati ad un numero ristrettissimo di<br \/>\n(sci)alpinisti in grado di cogliere il momento giusto per affrontarli.<br \/>\nIn realt\u00e0 &#8211; per\u00f2 &#8211; ci sono itinerari super blasonati, descritti pressoch\u00e9 in<br \/>\ntutte le guide dedicate alla zona, ed altri meno alla moda ma altrettanto<br \/>\naffascinanti sia per l&#8217;ambiente che per la possibilit\u00e0 di trascorrere una<br \/>\nintera giornata in solitudine. L&#8217;Autore, come ormai ci ha abituato con le<br \/>\naltre sue opere, ha voluto riportare all&#8217;attenzione del pubblico che il<br \/>\nterreno di gioco \u00e8 assai vasto e che vale la pena provare a guardarsi intorno<br \/>\ncon maggiore attenzione.<br \/>\nLa descrizione degli itinerari fornisce tutte le informazioni necessarie ad<br \/>\naffrontare l&#8217;escursione. Se necessario, l&#8217;aggiunta di alcune note avvisa della<br \/>\nnecessit\u00e0 di porre particolare attenzione circa la sicurezza. Ottimo il<br \/>\ncorredo fotografico; molto efficaci le cartine topografiche che accompagnano<br \/>\nogni itinerario (ovviamente, nello studiare l&#8217;itinerario a casa e poi sul<br \/>\ncampo, sar\u00e0 indispensabile disporre di adeguata cartografia della zona<br \/>\ninteressata).<br \/>\nSi tratta, quindi, di una guida che non pu\u00f2 mancare nella biblioteca personale<br \/>\ndi ogni scialpinista.  <\/p>","protected":false},"excerpt":{"rendered":"<p>Marmolada, Pale di San Martino e Cima Bocche, Col di Lana, Tofane, Croda da Lago e Form\u00ecn, Pelmo, Civetta e Moi\u00e0zza Bosconero, T\u00e0mer e San Sebastiano, Pramp\u00e8r e Mezzod\u00ec, Schiara, Alpi Feltrine, Cristallo e Croda Rossa, Dolomiti di Auronzo, Sesto e Comelico, Antelao, Monti del Comelico e Sappada, Dolomiti di Sinistra Piave, Col Nudo e [&#8230;]\n","protected":false},"featured_media":35507,"template":"","meta":[],"product_brand":[],"product_cat":[21540],"product_tag":[],"class_list":{"0":"post-146947","1":"product","2":"type-product","3":"status-publish","4":"has-post-thumbnail","6":"product_cat-fuehrerliteratur-alpin-winter","7":"pa_autor-rizzato","8":"pa_erscheinungsjahr-21830","9":"pa_region-italien","10":"pa_sprache-it","12":"first","13":"instock","14":"taxable","15":"shipping-taxable","16":"purchasable","17":"product-type-simple"},"_links":{"self":[{"href":"https:\/\/pizbube.ch\/en\/wp-json\/wp\/v2\/product\/146947","targetHints":{"allow":["GET"]}}],"collection":[{"href":"https:\/\/pizbube.ch\/en\/wp-json\/wp\/v2\/product"}],"about":[{"href":"https:\/\/pizbube.ch\/en\/wp-json\/wp\/v2\/types\/product"}],"wp:featuredmedia":[{"embeddable":true,"href":"https:\/\/pizbube.ch\/en\/wp-json\/wp\/v2\/media\/35507"}],"wp:attachment":[{"href":"https:\/\/pizbube.ch\/en\/wp-json\/wp\/v2\/media?parent=146947"}],"wp:term":[{"taxonomy":"product_brand","embeddable":true,"href":"https:\/\/pizbube.ch\/en\/wp-json\/wp\/v2\/product_brand?post=146947"},{"taxonomy":"product_cat","embeddable":true,"href":"https:\/\/pizbube.ch\/en\/wp-json\/wp\/v2\/product_cat?post=146947"},{"taxonomy":"product_tag","embeddable":true,"href":"https:\/\/pizbube.ch\/en\/wp-json\/wp\/v2\/product_tag?post=146947"}],"curies":[{"name":"wp","href":"https:\/\/api.w.org\/{rel}","templated":true}]}}