{"id":146948,"date":"2021-01-15T10:54:28","date_gmt":"2021-01-15T10:54:28","guid":{"rendered":"https:\/\/codengine3.ch\/?product=import-placeholder-for-205500"},"modified":"2021-01-15T14:41:44","modified_gmt":"2021-01-15T14:41:44","slug":"skitouren-in-suedtirol-band-2","status":"publish","type":"product","link":"https:\/\/pizbube.ch\/en\/shop\/skitouren-in-suedtirol-band-2\/","title":{"rendered":"Skitouren in S\u00fcdtirol Band 2"},"content":{"rendered":"<p>Zillertaler Alpen, Dolomiten und Lagorai.  <\/p>\n<p>Dieser Skitourenf\u00fchrer f\u00fcr das Gebiet Zillertaler Alpen, Ahrntal, die<br \/>\nDolomiten und Lagorai beeindruckt mit spektakul\u00e4ren und informativen<br \/>\nLuftbildern, mit genau eingezeichneten Routen inkl. Startpunkt, Routenverlauf<br \/>\nund Gipfel bzw. Ziel.  <\/p>\n<p>Dieser Band enth\u00e4lt 60 der sch\u00f6nsten Touren im \u00f6stlichen Teil S\u00fcdtirols. Jede<br \/>\nTour enth\u00e4lt die wichtigsten technischen Daten wie Anfahrt, Ausgangspunkt,<br \/>\nParkm\u00f6glichkeiten, Aufstiegszeit, H\u00f6henunterschied, Karten, skitechnische- und<br \/>\nalpintechnische Schwierigkeiten sowie eine detaillierte Routenbeschreibung.<br \/>\nEine phantastische Luftbildaufnahme mit eingezeichneter Route vervollst\u00e4ndigt<br \/>\ndie jeweilige Skitour.<br \/>\n141 S.<\/p>","protected":false},"excerpt":{"rendered":"<p>Zillertaler Alpen, Dolomiten und Lagorai. Dieser Skitourenf\u00fchrer f\u00fcr das Gebiet Zillertaler Alpen, Ahrntal, die Dolomiten und Lagorai beeindruckt mit spektakul\u00e4ren und informativen Luftbildern, mit genau eingezeichneten Routen inkl. Startpunkt, Routenverlauf und Gipfel bzw. Ziel. Dieser Band enth\u00e4lt 60 der sch\u00f6nsten Touren im \u00f6stlichen Teil S\u00fcdtirols. Jede Tour enth\u00e4lt die wichtigsten technischen Daten wie Anfahrt, Ausgangspunkt, [&#8230;]\n","protected":false},"featured_media":41430,"template":"","meta":[],"product_brand":[],"product_cat":[21540],"product_tag":[],"class_list":{"0":"post-146948","1":"product","2":"type-product","3":"status-publish","4":"has-post-thumbnail","6":"product_cat-fuehrerliteratur-alpin-winter","7":"pa_autor-koessler","8":"pa_erscheinungsjahr-21693","9":"pa_region-italien","10":"pa_sprache-de","12":"first","13":"outofstock","14":"taxable","15":"shipping-taxable","16":"purchasable","17":"product-type-simple"},"_links":{"self":[{"href":"https:\/\/pizbube.ch\/en\/wp-json\/wp\/v2\/product\/146948","targetHints":{"allow":["GET"]}}],"collection":[{"href":"https:\/\/pizbube.ch\/en\/wp-json\/wp\/v2\/product"}],"about":[{"href":"https:\/\/pizbube.ch\/en\/wp-json\/wp\/v2\/types\/product"}],"wp:featuredmedia":[{"embeddable":true,"href":"https:\/\/pizbube.ch\/en\/wp-json\/wp\/v2\/media\/41430"}],"wp:attachment":[{"href":"https:\/\/pizbube.ch\/en\/wp-json\/wp\/v2\/media?parent=146948"}],"wp:term":[{"taxonomy":"product_brand","embeddable":true,"href":"https:\/\/pizbube.ch\/en\/wp-json\/wp\/v2\/product_brand?post=146948"},{"taxonomy":"product_cat","embeddable":true,"href":"https:\/\/pizbube.ch\/en\/wp-json\/wp\/v2\/product_cat?post=146948"},{"taxonomy":"product_tag","embeddable":true,"href":"https:\/\/pizbube.ch\/en\/wp-json\/wp\/v2\/product_tag?post=146948"}],"curies":[{"name":"wp","href":"https:\/\/api.w.org\/{rel}","templated":true}]}}