{"id":146952,"date":"2021-01-15T10:54:28","date_gmt":"2021-01-15T10:54:28","guid":{"rendered":"https:\/\/codengine3.ch\/?product=import-placeholder-for-205717"},"modified":"2021-01-15T14:43:22","modified_gmt":"2021-01-15T14:43:22","slug":"orte-guten-lebens","status":"publish","type":"product","link":"https:\/\/pizbube.ch\/en\/shop\/orte-guten-lebens\/","title":{"rendered":"Orte guten Lebens"},"content":{"rendered":"<p>\nDie Alpen jenseits von \u00dcbernutzung und Idyll  <\/p>\n<p>Ein Leben f\u00fcr die Alpen<br \/>\nWerner B\u00e4tzing besch\u00e4ftigt sich seit \u00fcber 30 Jahren mit dem Alpenraum, und er<br \/>\ngilt heute als der bedeutendste Alpenforscher in Europa. Dieser Band enth\u00e4lt<br \/>\neine Auswahl von Aufs\u00e4tzen, die er in den Jahren 1978 bis 2008 verfasst hat.<br \/>\nEs sind Texte, die sich an ein breites Publikum wenden und zugleich die gro\u00dfe<br \/>\nBreite seiner Alpenforschungen sichtbar machen.  <\/p>\n<p>Die Themen reichen von Darstellungen der Entsiedlung und Wildnisentwicklung in<br \/>\npiemontesischen Alpent\u00e4lern und den Folgen des Massentourismus in Gastein \u00fcber<br \/>\nAnalysen der Berglandwirtschaft, der Alpenst\u00e4dte, der Alpenkultur und des<br \/>\nalpinen Umweltschutzes bis hin zu Gesamtdarstellungen der Alpenentwicklung im<br \/>\nKontext der Globalisierung.  <\/p>\n<p>Alle Texte kreisen um die Frage, wie unter den heutigen Rahmenbedingungen ein<br \/>\nlebenswertes Leben in den Alpen m\u00f6glich ist, das seine eigenen Grundlagen<br \/>\nnicht zerst\u00f6rt. Damit weisen sie auch weit \u00fcber diesen Gebirgsraum hinaus.<\/p>","protected":false},"excerpt":{"rendered":"<p>Die Alpen jenseits von \u00dcbernutzung und Idyll Ein Leben f\u00fcr die Alpen Werner B\u00e4tzing besch\u00e4ftigt sich seit \u00fcber 30 Jahren mit dem Alpenraum, und er gilt heute als der bedeutendste Alpenforscher in Europa. Dieser Band enth\u00e4lt eine Auswahl von Aufs\u00e4tzen, die er in den Jahren 1978 bis 2008 verfasst hat. Es sind Texte, die sich [&#8230;]\n","protected":false},"featured_media":34533,"template":"","meta":[],"product_brand":[],"product_cat":[21542],"product_tag":[],"class_list":{"0":"post-146952","1":"product","2":"type-product","3":"status-publish","4":"has-post-thumbnail","6":"product_cat-sachbuecher-dokumentationen","7":"pa_autor-baetzing","8":"pa_erscheinungsjahr-21693","9":"pa_region-schweiz","10":"pa_sprache-de","12":"first","13":"instock","14":"taxable","15":"shipping-taxable","16":"purchasable","17":"product-type-simple"},"_links":{"self":[{"href":"https:\/\/pizbube.ch\/en\/wp-json\/wp\/v2\/product\/146952","targetHints":{"allow":["GET"]}}],"collection":[{"href":"https:\/\/pizbube.ch\/en\/wp-json\/wp\/v2\/product"}],"about":[{"href":"https:\/\/pizbube.ch\/en\/wp-json\/wp\/v2\/types\/product"}],"wp:featuredmedia":[{"embeddable":true,"href":"https:\/\/pizbube.ch\/en\/wp-json\/wp\/v2\/media\/34533"}],"wp:attachment":[{"href":"https:\/\/pizbube.ch\/en\/wp-json\/wp\/v2\/media?parent=146952"}],"wp:term":[{"taxonomy":"product_brand","embeddable":true,"href":"https:\/\/pizbube.ch\/en\/wp-json\/wp\/v2\/product_brand?post=146952"},{"taxonomy":"product_cat","embeddable":true,"href":"https:\/\/pizbube.ch\/en\/wp-json\/wp\/v2\/product_cat?post=146952"},{"taxonomy":"product_tag","embeddable":true,"href":"https:\/\/pizbube.ch\/en\/wp-json\/wp\/v2\/product_tag?post=146952"}],"curies":[{"name":"wp","href":"https:\/\/api.w.org\/{rel}","templated":true}]}}