{"id":146953,"date":"2021-01-15T10:54:28","date_gmt":"2021-01-15T10:54:28","guid":{"rendered":"https:\/\/codengine3.ch\/?product=import-placeholder-for-208334"},"modified":"2021-07-31T09:54:00","modified_gmt":"2021-07-31T07:54:00","slug":"die-alpen-das-verschwinden-einer-kulturlandschaft","status":"publish","type":"product","link":"https:\/\/pizbube.ch\/en\/shop\/die-alpen-das-verschwinden-einer-kulturlandschaft\/","title":{"rendered":"Die Alpen &#8211; Das Verschwinden einer Kulturlandschaft"},"content":{"rendered":"<p>\u00bbWas Sie hier sehen ist keine Idylle, sondern Zeichen einer tiefen Krise!\u00ab<\/p>\n<p>Der Geograph und ausgewiesene Alpenfachmann Werner B\u00e4tzing k\u00e4mpft seit<br \/>\nJahrzehnten als Forscher und Aktivist f\u00fcr den Erhalt des Natur- und<br \/>\nKulturraumes Alpen. Massentourismus, Autobahnen, Stauseen und neue<br \/>\nGewerbegebiete ver\u00e4ndern den Alpenraum derzeit stark und die Natur- und<br \/>\nKulturlandschaft droht zu verschwinden.<\/p>\n<p>Anhand von aussagekr\u00e4ftigen und eindr\u00fccklichen Bildern und ihrer Abfolge im<br \/>\nBand erlebt der Betrachter den Wandel der Alpen sehr direkt. Die kurzen<br \/>\nErl\u00e4uterungen vertiefen die Bildaussagen und lassen die Ursachen dieses<br \/>\nfundamentalen Wandels verstehbar werden.<\/p>\n<p>Werner B\u00e4tzing bezieht Stellung und kritisiert die aktuellen Entwicklungen der<br \/>\nAlpen scharf. Damit greift dieser Bildband \u2013 wie auch der Autor \u2013 in die<br \/>\naktuelle gesellschaftliche Diskussion um die Zukunft der Alpen ein. Ein<br \/>\nabsolutes Muss f\u00fcr Alpnebesucher, Einheimische, Verantwortungstr\u00e4ger, Forscher<br \/>\nund Didaktiker.<\/p>\n<p><span class=\"value\">2., durchgesehene Auflage<\/span> 2021.<br \/>\n216 S. mit 228 meist farb. Fotos + 2 Karten (Vor-\/Nachsatz), 22 x 29<br \/>\ncm, Fadenh., geb. mit SU.<\/p>","protected":false},"excerpt":{"rendered":"<p>\u00bbWas Sie hier sehen ist keine Idylle, sondern Zeichen einer tiefen Krise!\u00ab Der Geograph und ausgewiesene Alpenfachmann Werner B\u00e4tzing k\u00e4mpft seit Jahrzehnten als Forscher und Aktivist f\u00fcr den Erhalt des Natur- und Kulturraumes Alpen. Massentourismus, Autobahnen, Stauseen und neue Gewerbegebiete ver\u00e4ndern den Alpenraum derzeit stark und die Natur- und Kulturlandschaft droht zu verschwinden. Anhand von [&#8230;]\n","protected":false},"featured_media":158218,"template":"","meta":[],"product_brand":[],"product_cat":[21542],"product_tag":[],"class_list":{"0":"post-146953","1":"product","2":"type-product","3":"status-publish","4":"has-post-thumbnail","6":"product_cat-sachbuecher-dokumentationen","7":"pa_autor-baetzing","8":"pa_erscheinungsjahr-25440","9":"pa_region-deutschland","10":"pa_sprache-de","12":"first","13":"instock","14":"taxable","15":"shipping-taxable","16":"purchasable","17":"product-type-simple"},"_links":{"self":[{"href":"https:\/\/pizbube.ch\/en\/wp-json\/wp\/v2\/product\/146953","targetHints":{"allow":["GET"]}}],"collection":[{"href":"https:\/\/pizbube.ch\/en\/wp-json\/wp\/v2\/product"}],"about":[{"href":"https:\/\/pizbube.ch\/en\/wp-json\/wp\/v2\/types\/product"}],"wp:featuredmedia":[{"embeddable":true,"href":"https:\/\/pizbube.ch\/en\/wp-json\/wp\/v2\/media\/158218"}],"wp:attachment":[{"href":"https:\/\/pizbube.ch\/en\/wp-json\/wp\/v2\/media?parent=146953"}],"wp:term":[{"taxonomy":"product_brand","embeddable":true,"href":"https:\/\/pizbube.ch\/en\/wp-json\/wp\/v2\/product_brand?post=146953"},{"taxonomy":"product_cat","embeddable":true,"href":"https:\/\/pizbube.ch\/en\/wp-json\/wp\/v2\/product_cat?post=146953"},{"taxonomy":"product_tag","embeddable":true,"href":"https:\/\/pizbube.ch\/en\/wp-json\/wp\/v2\/product_tag?post=146953"}],"curies":[{"name":"wp","href":"https:\/\/api.w.org\/{rel}","templated":true}]}}