{"id":146956,"date":"2021-01-15T10:54:28","date_gmt":"2021-01-15T10:54:28","guid":{"rendered":"https:\/\/codengine3.ch\/?product=import-placeholder-for-200627"},"modified":"2021-01-15T10:59:23","modified_gmt":"2021-01-15T10:59:23","slug":"orchideenwanderungen","status":"publish","type":"product","link":"https:\/\/pizbube.ch\/en\/shop\/orchideenwanderungen\/","title":{"rendered":"Orchideenwanderungen"},"content":{"rendered":"<p>24 Routen zu Hotspots in der Schweiz<\/p>\n<p>24 Wanderrouten mit Karten und praktischen Tipps.<br \/>\nZahlreiche Artenportr\u00e4ts, viel Hintergrundwissen zu Biologie und \u00d6kologie.<br \/>\nTop-Autorenteam zum Thema Orchideen.<\/p>\n<p>Mehr als ein Wanderf\u00fchrer, mehr als ein Bestimmungsbuch: 24 Routen f\u00fchren zu<br \/>\nOrten in der Schweiz, an denen einheimische Orchideen bewundert werden k\u00f6nnen.<br \/>\nWir begegnen den faszinierenden Pflanzen auf artenreichen Blumenwiesen und in<br \/>\nfeuchten Rieden, an trockenen S\u00fcdh\u00e4ngen und in schattigen W\u00e4ldern, an<br \/>\nStra\u00dfenb\u00f6schungen und auf hoch gelegenen Alpweiden.<\/p>\n<p>Zahlreiche Orchideenarten werden in Wort und Bild vorgestellt, sodass es<br \/>\nleichtf\u00e4llt, die Kleinode am Wegrand zu entdecken und zu bestimmen.<br \/>\nHintergrundinformationen zu Biologie und \u00d6kologie sowie praktische Tipps<br \/>\nmachen dieses Buch zu einem unentbehrlichen Begleiter f\u00fcr Wanderer und<br \/>\nNaturbegeisterte.<\/p>\n<p>1. Auflage 2018; 184 Seiten, 245 Farbfotos, 25 Karten, 1 Tabelle<\/p>","protected":false},"excerpt":{"rendered":"<p>24 Routen zu Hotspots in der Schweiz 24 Wanderrouten mit Karten und praktischen Tipps. Zahlreiche Artenportr\u00e4ts, viel Hintergrundwissen zu Biologie und \u00d6kologie. Top-Autorenteam zum Thema Orchideen. Mehr als ein Wanderf\u00fchrer, mehr als ein Bestimmungsbuch: 24 Routen f\u00fchren zu Orten in der Schweiz, an denen einheimische Orchideen bewundert werden k\u00f6nnen. Wir begegnen den faszinierenden Pflanzen auf [&#8230;]\n","protected":false},"featured_media":27439,"template":"","meta":[],"product_brand":[],"product_cat":[21605],"product_tag":[],"class_list":{"0":"post-146956","1":"product","2":"type-product","3":"status-publish","4":"has-post-thumbnail","6":"product_cat-wanderfuehrer-trekking","7":"pa_autor-wartmann-wartmann","8":"pa_erscheinungsjahr-21546","9":"pa_region-schweiz","10":"pa_sprache-de","12":"first","13":"instock","14":"taxable","15":"shipping-taxable","16":"purchasable","17":"product-type-simple"},"_links":{"self":[{"href":"https:\/\/pizbube.ch\/en\/wp-json\/wp\/v2\/product\/146956","targetHints":{"allow":["GET"]}}],"collection":[{"href":"https:\/\/pizbube.ch\/en\/wp-json\/wp\/v2\/product"}],"about":[{"href":"https:\/\/pizbube.ch\/en\/wp-json\/wp\/v2\/types\/product"}],"wp:featuredmedia":[{"embeddable":true,"href":"https:\/\/pizbube.ch\/en\/wp-json\/wp\/v2\/media\/27439"}],"wp:attachment":[{"href":"https:\/\/pizbube.ch\/en\/wp-json\/wp\/v2\/media?parent=146956"}],"wp:term":[{"taxonomy":"product_brand","embeddable":true,"href":"https:\/\/pizbube.ch\/en\/wp-json\/wp\/v2\/product_brand?post=146956"},{"taxonomy":"product_cat","embeddable":true,"href":"https:\/\/pizbube.ch\/en\/wp-json\/wp\/v2\/product_cat?post=146956"},{"taxonomy":"product_tag","embeddable":true,"href":"https:\/\/pizbube.ch\/en\/wp-json\/wp\/v2\/product_tag?post=146956"}],"curies":[{"name":"wp","href":"https:\/\/api.w.org\/{rel}","templated":true}]}}