{"id":146957,"date":"2021-01-15T10:54:28","date_gmt":"2021-01-15T10:54:28","guid":{"rendered":"https:\/\/codengine3.ch\/?product=import-placeholder-for-200128"},"modified":"2025-03-26T11:52:04","modified_gmt":"2025-03-26T10:52:04","slug":"a-ski-autour-du-monde","status":"publish","type":"product","link":"https:\/\/pizbube.ch\/en\/shop\/a-ski-autour-du-monde\/","title":{"rendered":"A ski autour du monde"},"content":{"rendered":"<p>Les 24 plus beaux voyages<\/p>\n<p>Les guides Jean Annequin et Michel Zalio racontent leurs vingt raids \u00e0 skis<br \/>\nles plus m\u00e9morables, de la Turquie au Groenland, du Maroc au N\u00e9pal en passant<br \/>\npar le Caucase, le Japon ou le Kamtchatka, du Canada au Chili et \u00e0 travers la<br \/>\nG\u00e9orgie du Sud sur les traces de Shackleton\u2026<\/p>\n<p>Imaginez : vous descendez au cr\u00e9puscule vers un village des montagnes<br \/>\nalbanaises ; dans un hameau blotti sous la neige, vous \u00eates accueilli par une<br \/>\nfamille chaleureuse de paysans iraniens ; vous accostez apr\u00e8s une semaine de<br \/>\ntravers\u00e9e en voilier sur un glacier de la p\u00e9ninsule antarctique ; vous<br \/>\ntraversez le Liban skis aux pieds ou vous montez vers un volcan au Chili ;<br \/>\nvous go\u00fbtez la neige incomparable du Japon\u2026<\/p>\n<p>Depuis vingt ans, Jean Annequin et Michel Zalio conduisent des clients en raid<br \/>\n\u00e0 skis dans les massifs montagneux du monde entier. Ils ont voulu faire<br \/>\npartager leurs surprises : les itin\u00e9raires mais surtout les rencontres, ces<br \/>\npays d\u00e9couverts \u00ab \u00e0 revers \u00bb, en d\u00e9barquant skis aux pieds comme des extra-<br \/>\nterrestres dans ce qu\u2019ils ont de plus intime : leurs montagnes.<\/p>\n<p>352 Pages<br \/>\nFormat : 25 x 25 cm<\/p>","protected":false},"excerpt":{"rendered":"<p>Les 24 plus beaux voyages Les guides Jean Annequin et Michel Zalio racontent leurs vingt raids \u00e0 skis les plus m\u00e9morables, de la Turquie au Groenland, du Maroc au N\u00e9pal en passant par le Caucase, le Japon ou le Kamtchatka, du Canada au Chili et \u00e0 travers la G\u00e9orgie du Sud sur les traces de [&#8230;]\n","protected":false},"featured_media":159018,"template":"","meta":[],"product_brand":[],"product_cat":[21540],"product_tag":[],"class_list":{"0":"post-146957","1":"product","2":"type-product","3":"status-publish","4":"has-post-thumbnail","6":"product_cat-fuehrerliteratur-alpin-winter","7":"pa_autor-annequin-zalio","8":"pa_erscheinungsjahr-21546","9":"pa_region-uebrigers-europa","10":"pa_sprache-fr","12":"first","13":"instock","14":"taxable","15":"shipping-taxable","16":"purchasable","17":"product-type-simple"},"_links":{"self":[{"href":"https:\/\/pizbube.ch\/en\/wp-json\/wp\/v2\/product\/146957","targetHints":{"allow":["GET"]}}],"collection":[{"href":"https:\/\/pizbube.ch\/en\/wp-json\/wp\/v2\/product"}],"about":[{"href":"https:\/\/pizbube.ch\/en\/wp-json\/wp\/v2\/types\/product"}],"wp:featuredmedia":[{"embeddable":true,"href":"https:\/\/pizbube.ch\/en\/wp-json\/wp\/v2\/media\/159018"}],"wp:attachment":[{"href":"https:\/\/pizbube.ch\/en\/wp-json\/wp\/v2\/media?parent=146957"}],"wp:term":[{"taxonomy":"product_brand","embeddable":true,"href":"https:\/\/pizbube.ch\/en\/wp-json\/wp\/v2\/product_brand?post=146957"},{"taxonomy":"product_cat","embeddable":true,"href":"https:\/\/pizbube.ch\/en\/wp-json\/wp\/v2\/product_cat?post=146957"},{"taxonomy":"product_tag","embeddable":true,"href":"https:\/\/pizbube.ch\/en\/wp-json\/wp\/v2\/product_tag?post=146957"}],"curies":[{"name":"wp","href":"https:\/\/api.w.org\/{rel}","templated":true}]}}