{"id":146958,"date":"2021-01-15T10:54:28","date_gmt":"2021-01-15T10:54:28","guid":{"rendered":"https:\/\/codengine3.ch\/?product=import-placeholder-for-207662"},"modified":"2026-01-14T12:02:16","modified_gmt":"2026-01-14T11:02:16","slug":"skitinerrances-1","status":"publish","type":"product","link":"https:\/\/pizbube.ch\/en\/shop\/skitinerrances-1\/","title":{"rendered":"SKITINERRANCES 1"},"content":{"rendered":"<p>Ce premier volume d&#8216; \u00ab itinerrances \u00bb \u00e0 ski nous m\u00e8ne \u00e0 travers les Alpes<br \/>\nfran\u00e7aises, suisses et italiennes, dans les Abruzzes, en Norv\u00e8ge, au Chili et<br \/>\nen Nouvelle Z\u00e9lande.<\/p>\n<p>C&#8217;est une v\u00e9ritable invitation au voyage, qui nous fait red\u00e9couvrir des<br \/>\nmassifs qu&#8217;on croyait connus et d\u00e9couvrir d&#8217;autres souvent m\u00e9connus. Les<br \/>\nr\u00e9cits, pr\u00e9f\u00e9r\u00e9s \u00e0 des descriptions laborieuses, nous font revivre ces<br \/>\ntravers\u00e9es aventureuses et nous plongent au c\u0153ur de la montagne, en dormant<br \/>\ndans des refuges ou bivouacs rudimentaires, et en suivant des itin\u00e9raires<br \/>\nparfois improbables, loin des sentiers battus. Ils sont accompagn\u00e9s de cartes<br \/>\nsch\u00e9matiques d\u00e9crivant les itin\u00e9raires suivis, et des informations<br \/>\nessentielles relatives \u00e0 la cartographie, l&#8217;acc\u00e8s et l&#8217;h\u00e9bergement.<\/p>\n<p>Partis des Abruzzes, au c\u0153ur du massif italien des Apennins, nous remontons<br \/>\ntout l&#8217;arc alpin, en commen\u00e7ant par traverser les Alpes Ligures, \u00e0 l&#8217;extr\u00e9mit\u00e9<br \/>\nm\u00e9ridionale. Au sud du massif des Ecrins, deux travers\u00e9es nous font d\u00e9couvrir<br \/>\n\u00ab l&#8217;Oisans sauvage \u00bb, puis nous passons en Italie, et traversons int\u00e9gralement<br \/>\nle massif du Grand Paradis. Plus au nord et \u00e0 l&#8217;est, nous p\u00e9n\u00e9trons en Suisse<br \/>\net faisons un tour complet du massif du Dammastock, aux possibilit\u00e9s<br \/>\ninnombrables. Puis nous d\u00e9couvrons un secteur totalement inconnu du Tessin, le<br \/>\nVal Calanca, avant d&#8217;atteindre le massif du Bergell, dont nous faisons la<br \/>\ntravers\u00e9e compl\u00e8te, en l&#8217;agr\u00e9mentant d&#8217;un superbe tour de la Disgrazia, que<br \/>\nnous gravissons au passage.<\/p>\n<p>De retour en Italie, nous r\u00e9alisons une extraordinaire travers\u00e9e des Alpes<br \/>\nBergamasques, peut-\u00eatre in\u00e9dite, puis explorons le massif Adamello-Presanella<br \/>\ndans son int\u00e9gralit\u00e9, et enfin nous \u00e9merveillons au pied des grandes parois<br \/>\ndolomitiques, en suivant l&#8217;Alta Via n\u00b01. Nous quittons l&#8217;Italie par une<br \/>\ntravers\u00e9e difficile et sauvage des Alpes de Zillertal, le long de la fronti\u00e8re<br \/>\nautrichienne. Le livre s&#8217;ach\u00e8ve par trois r\u00e9cits de voyage, dans les Alpes de<br \/>\nLyngen, en Norv\u00e8ge, au nord du Cercle Polaire, sur les volcans d&#8217;Araucanie,<br \/>\ndans le sud du Chili, puis en Nouvelle Z\u00e9lande, avec l&#8217;ascension du Ruapehu et<br \/>\ndu Taranaki, sur l&#8217;Ile du Nord, et une magnifique travers\u00e9e au pied du Mount<br \/>\nCook.<\/p>","protected":false},"excerpt":{"rendered":"<p>Ce premier volume d&#8216; \u00ab itinerrances \u00bb \u00e0 ski nous m\u00e8ne \u00e0 travers les Alpes fran\u00e7aises, suisses et italiennes, dans les Abruzzes, en Norv\u00e8ge, au Chili et en Nouvelle Z\u00e9lande. C&#8217;est une v\u00e9ritable invitation au voyage, qui nous fait red\u00e9couvrir des massifs qu&#8217;on croyait connus et d\u00e9couvrir d&#8217;autres souvent m\u00e9connus. Les r\u00e9cits, pr\u00e9f\u00e9r\u00e9s \u00e0 des [&#8230;]\n","protected":false},"featured_media":38087,"template":"","meta":[],"product_brand":[],"product_cat":[21540],"product_tag":[],"class_list":{"0":"post-146958","1":"product","2":"type-product","3":"status-publish","4":"has-post-thumbnail","6":"product_cat-fuehrerliteratur-alpin-winter","7":"pa_autor-renard","8":"pa_erscheinungsjahr-21597","9":"pa_region-uebrigers-europa","10":"pa_sprache-fr","12":"first","13":"outofstock","14":"taxable","15":"shipping-taxable","16":"purchasable","17":"product-type-simple"},"_links":{"self":[{"href":"https:\/\/pizbube.ch\/en\/wp-json\/wp\/v2\/product\/146958","targetHints":{"allow":["GET"]}}],"collection":[{"href":"https:\/\/pizbube.ch\/en\/wp-json\/wp\/v2\/product"}],"about":[{"href":"https:\/\/pizbube.ch\/en\/wp-json\/wp\/v2\/types\/product"}],"wp:featuredmedia":[{"embeddable":true,"href":"https:\/\/pizbube.ch\/en\/wp-json\/wp\/v2\/media\/38087"}],"wp:attachment":[{"href":"https:\/\/pizbube.ch\/en\/wp-json\/wp\/v2\/media?parent=146958"}],"wp:term":[{"taxonomy":"product_brand","embeddable":true,"href":"https:\/\/pizbube.ch\/en\/wp-json\/wp\/v2\/product_brand?post=146958"},{"taxonomy":"product_cat","embeddable":true,"href":"https:\/\/pizbube.ch\/en\/wp-json\/wp\/v2\/product_cat?post=146958"},{"taxonomy":"product_tag","embeddable":true,"href":"https:\/\/pizbube.ch\/en\/wp-json\/wp\/v2\/product_tag?post=146958"}],"curies":[{"name":"wp","href":"https:\/\/api.w.org\/{rel}","templated":true}]}}