{"id":146961,"date":"2021-01-15T10:54:28","date_gmt":"2021-01-15T10:54:28","guid":{"rendered":"https:\/\/codengine3.ch\/?product=import-placeholder-for-205079"},"modified":"2024-04-02T09:00:31","modified_gmt":"2024-04-02T07:00:31","slug":"chili-argentine-topo-de-ski-andinisme","status":"publish","type":"product","link":"https:\/\/pizbube.ch\/en\/shop\/chili-argentine-topo-de-ski-andinisme\/","title":{"rendered":"Chili &#8211; Argentine Topo de ski andinisme"},"content":{"rendered":"<p>Ce topo de 80 itin\u00e9raires \u00e0 ski couvre la Cordill\u00e8re des Andes entre le Chili<br \/>\net l&#8217;Argentine de la ligne de Santiago &#8211; Mendoza \u00e0 celle de Puerto-Montt &#8211;<br \/>\nBariloche.<\/p>\n<p>Le tour du Fitz-Roy et du Cerro Torre, plus au sud, \u00e0 ski et pulka sur le<br \/>\nCampo de Hielo Sur est lui aussi d\u00e9crit en d\u00e9tail.<br \/>\nTous les itin\u00e9raires d\u00e9crits ont \u00e9t\u00e9 r\u00e9alis\u00e9s dans leur int\u00e9gralit\u00e9 par<br \/>\nl&#8217;auteur.<\/p>\n<p>80 itin\u00e9raires d\u00e9crits; 400 photos; 9 cartes<\/p>","protected":false},"excerpt":{"rendered":"<p>Ce topo de 80 itin\u00e9raires \u00e0 ski couvre la Cordill\u00e8re des Andes entre le Chili et l&#8217;Argentine de la ligne de Santiago &#8211; Mendoza \u00e0 celle de Puerto-Montt &#8211; Bariloche. Le tour du Fitz-Roy et du Cerro Torre, plus au sud, \u00e0 ski et pulka sur le Campo de Hielo Sur est lui aussi d\u00e9crit [&#8230;]\n","protected":false},"featured_media":33677,"template":"","meta":[],"product_brand":[],"product_cat":[21540],"product_tag":[],"class_list":{"0":"post-146961","1":"product","2":"type-product","3":"status-publish","4":"has-post-thumbnail","6":"product_cat-fuehrerliteratur-alpin-winter","7":"pa_autor-lena","8":"pa_erscheinungsjahr-21842","9":"pa_region-amerika-sued","10":"pa_sprache-fr","12":"first","13":"outofstock","14":"taxable","15":"shipping-taxable","16":"purchasable","17":"product-type-simple"},"_links":{"self":[{"href":"https:\/\/pizbube.ch\/en\/wp-json\/wp\/v2\/product\/146961","targetHints":{"allow":["GET"]}}],"collection":[{"href":"https:\/\/pizbube.ch\/en\/wp-json\/wp\/v2\/product"}],"about":[{"href":"https:\/\/pizbube.ch\/en\/wp-json\/wp\/v2\/types\/product"}],"wp:featuredmedia":[{"embeddable":true,"href":"https:\/\/pizbube.ch\/en\/wp-json\/wp\/v2\/media\/33677"}],"wp:attachment":[{"href":"https:\/\/pizbube.ch\/en\/wp-json\/wp\/v2\/media?parent=146961"}],"wp:term":[{"taxonomy":"product_brand","embeddable":true,"href":"https:\/\/pizbube.ch\/en\/wp-json\/wp\/v2\/product_brand?post=146961"},{"taxonomy":"product_cat","embeddable":true,"href":"https:\/\/pizbube.ch\/en\/wp-json\/wp\/v2\/product_cat?post=146961"},{"taxonomy":"product_tag","embeddable":true,"href":"https:\/\/pizbube.ch\/en\/wp-json\/wp\/v2\/product_tag?post=146961"}],"curies":[{"name":"wp","href":"https:\/\/api.w.org\/{rel}","templated":true}]}}