{"id":146962,"date":"2021-01-15T10:54:28","date_gmt":"2021-01-15T10:54:28","guid":{"rendered":"https:\/\/codengine3.ch\/?product=import-placeholder-for-200273"},"modified":"2025-10-04T15:21:05","modified_gmt":"2025-10-04T13:21:05","slug":"ski-touring-guide-book-europe-best-of-skitouring-ski-rando-europe-le-meilleur-du-ski-de-rando-en-europe","status":"publish","type":"product","link":"https:\/\/pizbube.ch\/en\/shop\/ski-touring-guide-book-europe-best-of-skitouring-ski-rando-europe-le-meilleur-du-ski-de-rando-en-europe\/","title":{"rendered":"Ski touring guide book Europe: Best of Skitouring &#8211; Ski Rando Europe: le meilleur du ski de rando en Europe"},"content":{"rendered":"<p>Discover the most beautiful routes, whether they be close to home or at the<br \/>\nother end of Europe. For each country and each mountain range you will find<br \/>\npractical information, tips, and topos, all illustrated with large photos that<br \/>\nwill get you excited to go skiing there.<\/p>\n<p>\u25a0 276 pages<br \/>\n\u25a0 size 222 * 289mm<br \/>\n\u25a0 18 countries \/ 54 ranges<br \/>\n\u25a0 more than 400 routes<br \/>\n\u25a0 Dual-language (French \/ English)<br \/>\n\u25a0 practical information, tips, and topos<\/p>\n<p>Partez \u00e0 la d\u00e9couverte des plus beaux itin\u00e9raires de ski de randonn\u00e9e que ce<br \/>\nsoit \u00e0 deux pas de chez vous ou \u00e0 l\u2019autre bout de l\u2019Europe. Des stations aux<br \/>\nraids \u00e0 skis en passant par un peu de pente raide, il y en a pour tous les<br \/>\ngo\u00fbts.<\/p>\n<p>Pour chaque pays et chaque massif, retrouvez les infos pratiques, les bons<br \/>\nplans, les itin\u00e9raires d\u00e9taill\u00e9s, les cartes&#8230; Le tout illustr\u00e9 avec de<br \/>\nlarges photos pour vous donner envie d\u2019y poser vos spatules. Vous trouverez<br \/>\ndans ce livre pas moins de 400 itin\u00e9raires r\u00e9partis sur 18 pays et 54 massifs<br \/>\nqui devraient vous donner de bonnes id\u00e9es pour vos prochaines sorties.<\/p>\n<p>\u25a0 Livre broch\u00e9, souple, 276 pages<br \/>\n\u25a0 Format 28 X 22cm<br \/>\n\u25a0 18 pays \/ 54 massifs<br \/>\n\u25a0 Plus de 400 itin\u00e9raires<br \/>\n\u25a0 Texte en fran\u00e7ais et anglais<br \/>\n\u25a0 Des infos pratiques et des topos d\u00e9taill\u00e9s<br \/>\n\u25a0 Plus de 150 pages pour les massifs proches<\/p>","protected":false},"excerpt":{"rendered":"<p>Discover the most beautiful routes, whether they be close to home or at the other end of Europe. For each country and each mountain range you will find practical information, tips, and topos, all illustrated with large photos that will get you excited to go skiing there. \u25a0 276 pages \u25a0 size 222 * 289mm [&#8230;]\n","protected":false},"featured_media":160304,"template":"","meta":[],"product_brand":[],"product_cat":[21540],"product_tag":[],"class_list":{"0":"post-146962","1":"product","2":"type-product","3":"status-publish","4":"has-post-thumbnail","6":"product_cat-fuehrerliteratur-alpin-winter","7":"pa_erscheinungsjahr-21586","8":"pa_region-uebrigers-europa","9":"pa_sprache-en-fr","11":"first","12":"outofstock","13":"taxable","14":"shipping-taxable","15":"purchasable","16":"product-type-simple"},"_links":{"self":[{"href":"https:\/\/pizbube.ch\/en\/wp-json\/wp\/v2\/product\/146962","targetHints":{"allow":["GET"]}}],"collection":[{"href":"https:\/\/pizbube.ch\/en\/wp-json\/wp\/v2\/product"}],"about":[{"href":"https:\/\/pizbube.ch\/en\/wp-json\/wp\/v2\/types\/product"}],"wp:featuredmedia":[{"embeddable":true,"href":"https:\/\/pizbube.ch\/en\/wp-json\/wp\/v2\/media\/160304"}],"wp:attachment":[{"href":"https:\/\/pizbube.ch\/en\/wp-json\/wp\/v2\/media?parent=146962"}],"wp:term":[{"taxonomy":"product_brand","embeddable":true,"href":"https:\/\/pizbube.ch\/en\/wp-json\/wp\/v2\/product_brand?post=146962"},{"taxonomy":"product_cat","embeddable":true,"href":"https:\/\/pizbube.ch\/en\/wp-json\/wp\/v2\/product_cat?post=146962"},{"taxonomy":"product_tag","embeddable":true,"href":"https:\/\/pizbube.ch\/en\/wp-json\/wp\/v2\/product_tag?post=146962"}],"curies":[{"name":"wp","href":"https:\/\/api.w.org\/{rel}","templated":true}]}}