{"id":146965,"date":"2021-01-15T10:54:28","date_gmt":"2021-01-15T10:54:28","guid":{"rendered":"https:\/\/codengine3.ch\/?product=import-placeholder-for-207380"},"modified":"2025-03-26T11:51:29","modified_gmt":"2025-03-26T10:51:29","slug":"skitouren-mit-meerblick-in-griechenland","status":"publish","type":"product","link":"https:\/\/pizbube.ch\/en\/shop\/skitouren-mit-meerblick-in-griechenland\/","title":{"rendered":"Skitouren mit Meerblick in Griechenland"},"content":{"rendered":"<p>Der erste Ski-Alpinf\u00fchrer f\u00fcr Griechenland.<br \/>\nEnth\u00e4lt allgemeine Einf\u00fchrungen und detaillierte Beschreibungen \u00fcber Routen<br \/>\nauf 23 Bergen auf dem griechischen Festland, der Peloponnes, Eub\u00f6a und Kreta.<\/p>\n<p>F\u00fcr jeden der Berge gibt es eine Detailkarte mit allen vorgeschlagenen Touren<br \/>\nund zahlreichen Fotos.<\/p>\n<p>Wichtig zu erw\u00e4hnen ist, dass dieser Skif\u00fchrer sich auch an Nicht-<br \/>\nWintersportler wendet, da die meisten beschriebenen Touren auch im Sommer<br \/>\ngewandert werden k\u00f6nnen.<\/p>\n<p>Au\u00dferdem, und das ist ein besonderes Schmankerl dieses Buches: Alle im Buch<br \/>\nals \u00b4TIPP\u00b4 erw\u00e4hnten Locations (Hotels, Restaurants, Weing\u00fcter) gew\u00e4hren 10%<br \/>\nRabatt demjenigen, der das Buch vorweisen kann.<\/p>","protected":false},"excerpt":{"rendered":"<p>Der erste Ski-Alpinf\u00fchrer f\u00fcr Griechenland. Enth\u00e4lt allgemeine Einf\u00fchrungen und detaillierte Beschreibungen \u00fcber Routen auf 23 Bergen auf dem griechischen Festland, der Peloponnes, Eub\u00f6a und Kreta. F\u00fcr jeden der Berge gibt es eine Detailkarte mit allen vorgeschlagenen Touren und zahlreichen Fotos. Wichtig zu erw\u00e4hnen ist, dass dieser Skif\u00fchrer sich auch an Nicht- Wintersportler wendet, da die [&#8230;]\n","protected":false},"featured_media":171524,"template":"","meta":[],"product_brand":[],"product_cat":[21540],"product_tag":[],"class_list":{"0":"post-146965","1":"product","2":"type-product","3":"status-publish","4":"has-post-thumbnail","6":"product_cat-fuehrerliteratur-alpin-winter","7":"pa_autor-mayer","8":"pa_erscheinungsjahr-21571","9":"pa_region-griechenland","10":"pa_sprache-de","12":"first","13":"instock","14":"taxable","15":"shipping-taxable","16":"purchasable","17":"product-type-simple"},"_links":{"self":[{"href":"https:\/\/pizbube.ch\/en\/wp-json\/wp\/v2\/product\/146965","targetHints":{"allow":["GET"]}}],"collection":[{"href":"https:\/\/pizbube.ch\/en\/wp-json\/wp\/v2\/product"}],"about":[{"href":"https:\/\/pizbube.ch\/en\/wp-json\/wp\/v2\/types\/product"}],"wp:featuredmedia":[{"embeddable":true,"href":"https:\/\/pizbube.ch\/en\/wp-json\/wp\/v2\/media\/171524"}],"wp:attachment":[{"href":"https:\/\/pizbube.ch\/en\/wp-json\/wp\/v2\/media?parent=146965"}],"wp:term":[{"taxonomy":"product_brand","embeddable":true,"href":"https:\/\/pizbube.ch\/en\/wp-json\/wp\/v2\/product_brand?post=146965"},{"taxonomy":"product_cat","embeddable":true,"href":"https:\/\/pizbube.ch\/en\/wp-json\/wp\/v2\/product_cat?post=146965"},{"taxonomy":"product_tag","embeddable":true,"href":"https:\/\/pizbube.ch\/en\/wp-json\/wp\/v2\/product_tag?post=146965"}],"curies":[{"name":"wp","href":"https:\/\/api.w.org\/{rel}","templated":true}]}}