{"id":146966,"date":"2021-01-15T10:54:28","date_gmt":"2021-01-15T10:54:28","guid":{"rendered":"https:\/\/codengine3.ch\/?product=import-placeholder-for-208227"},"modified":"2025-02-26T14:35:46","modified_gmt":"2025-02-26T13:35:46","slug":"abenteuer-skitouren-best-of-europa","status":"publish","type":"product","link":"https:\/\/pizbube.ch\/en\/shop\/abenteuer-skitouren-best-of-europa\/","title":{"rendered":"Abenteuer Skitouren &#8211; Best of Europa"},"content":{"rendered":"<p>Skitourenabenteuer zwischen Island und Kreta, Nord-Norwegen und Sierra Nevada.<\/p>\n<p>In der Reihe Best of Skitouren pr\u00e4sentieren wir nun den dritten,<br \/>\ngro\u00dfformatigen Skif\u00fchrer: Abenteuer &#8211; Best of Skitouren &#8211; Europa von Stefan<br \/>\nStadler. Und wagen damit gleich mal den ganz gro\u00dfen Wurf: Dieser pr\u00e4chtige<br \/>\nBand beinhaltet teils klassische, teils exotische Skiabenteuer fernab des<br \/>\nGew\u00f6hnlichen.<\/p>\n<p>Die Palette reicht vom Sn\u00e6fellsj\u00f8kull, einem erloschenen Vulkan auf Island<br \/>\n\u00fcber nordnorwegische Skitourenklassiker hoch \u00fcber den Fjorden (Romsdal,<br \/>\nSunmore, Lofoten, Senja &amp; Lyngen), Touren zwischen W\u00f6lfen und B\u00e4ren in der<br \/>\nHohen Tatra und Bulgarien, Dolce Vita in den Abruzzen, Skiabenteuern mit<br \/>\nAfrikablick auf Kreta und der Sierra Nevada bis hin zu rassigen Firntouren in<br \/>\nden Pyren\u00e4en.<\/p>\n<p>Alle Touren sind vom Autor pers\u00f6nlich und \u00e4u\u00dferst akribisch recherchiert.<br \/>\nDetaillierte Routenbeschreibungen werden von informativen Karten,<br \/>\nAnstiegstopos und fantastischen Panoramaaufnahmen erg\u00e4nzt. Dass es die Routen<br \/>\ns\u00e4mtlich auch als GPS-Tracks zum Download gibt, versteht sich nat\u00fcrlich von<br \/>\nselbst.<\/p>\n<p>Ziele:<br \/>\nNorwegen:<br \/>\nSunnm\u00f8re \/ Romsdal<br \/>\nLofoten<br \/>\nSenja \/ Troms\u00f8<br \/>\nLyngen Alps<\/p>\n<p>Polen\/Slowakai:<br \/>\nHohe Tatra<\/p>\n<p>Bulgarien:<br \/>\nPirin Gebirge<br \/>\nRila Gebirge<\/p>\n<p>Griechenland-Kreta:<br \/>\nLefka Ori<br \/>\nPsiloritis<\/p>\n<p>Italien:<br \/>\nAbruzzen<\/p>\n<p>Spanien:<br \/>\nPyren\u00e4en<br \/>\nSierra Nevada<\/p>\n<p>Island<\/p>\n<p>1. Auflage 2019, 480 Seiten, 148 x 185 mm, Softcover, komplett 4 Farbig<\/p>","protected":false},"excerpt":{"rendered":"<ul>\n<li><strong><a href=\"https:\/\/pizbube.ch\/wp-content\/uploads\/attachments\/a_029\/CC44ED0BEF8C5E2259BE79969E44F05D.pdf\" target=\"_blank\" rel=\"noopener\">PDF: Abenteuer_Skitouren-Europa_Leseprobe<\/a><\/strong><\/li>\n<\/ul>","protected":false},"featured_media":159021,"template":"","meta":[],"product_brand":[],"product_cat":[21540],"product_tag":[],"class_list":{"0":"post-146966","1":"product","2":"type-product","3":"status-publish","4":"has-post-thumbnail","6":"product_cat-fuehrerliteratur-alpin-winter","7":"pa_autor-stadler","8":"pa_erscheinungsjahr-21558","9":"pa_region-uebrigers-europa","10":"pa_sprache-de","12":"first","13":"instock","14":"taxable","15":"shipping-taxable","16":"purchasable","17":"product-type-simple"},"_links":{"self":[{"href":"https:\/\/pizbube.ch\/en\/wp-json\/wp\/v2\/product\/146966","targetHints":{"allow":["GET"]}}],"collection":[{"href":"https:\/\/pizbube.ch\/en\/wp-json\/wp\/v2\/product"}],"about":[{"href":"https:\/\/pizbube.ch\/en\/wp-json\/wp\/v2\/types\/product"}],"wp:featuredmedia":[{"embeddable":true,"href":"https:\/\/pizbube.ch\/en\/wp-json\/wp\/v2\/media\/159021"}],"wp:attachment":[{"href":"https:\/\/pizbube.ch\/en\/wp-json\/wp\/v2\/media?parent=146966"}],"wp:term":[{"taxonomy":"product_brand","embeddable":true,"href":"https:\/\/pizbube.ch\/en\/wp-json\/wp\/v2\/product_brand?post=146966"},{"taxonomy":"product_cat","embeddable":true,"href":"https:\/\/pizbube.ch\/en\/wp-json\/wp\/v2\/product_cat?post=146966"},{"taxonomy":"product_tag","embeddable":true,"href":"https:\/\/pizbube.ch\/en\/wp-json\/wp\/v2\/product_tag?post=146966"}],"curies":[{"name":"wp","href":"https:\/\/api.w.org\/{rel}","templated":true}]}}