{"id":146967,"date":"2021-01-15T10:54:28","date_gmt":"2021-01-15T10:54:28","guid":{"rendered":"https:\/\/codengine3.ch\/?product=import-placeholder-for-200129"},"modified":"2021-01-15T10:54:33","modified_gmt":"2021-01-15T10:54:33","slug":"pierre-mazeaud-la-vie-en-faces","status":"publish","type":"product","link":"https:\/\/pizbube.ch\/en\/shop\/pierre-mazeaud-la-vie-en-faces\/","title":{"rendered":"Pierre Mazeaud, la vie en face(s)"},"content":{"rendered":"<p>Ce film nous fait d\u00e9couvrir le destin hors norme de Pierre Mazeaud,<br \/>\npersonnalit\u00e9 picaresque au parler franc et direct, qui a r\u00e9ussi \u00e0 marier au<br \/>\nplus haut niveau trois passions en apparence inconciliables -la montagne, le<br \/>\ndroit, la politique- sans jamais renier les valeurs inculqu\u00e9es par ses parents<br \/>\net sa fid\u00e9lit\u00e9 \u00e0 ses racines grenobloises.  <\/p>\n<p>C&#8217;est le portrait d&#8217;un alpiniste singulier qui se dessine au fil de ses<br \/>\nsouvenirs et de ses confidences illustr\u00e9es par des images de montagne<br \/>\nsaisissantes. Avec comme ligne directrice cette d\u00e9finition que donne Pierre<br \/>\nMazeaud lui-m\u00eame : \u00ab L&#8217;alpinisme appartient \u00e0 ceux qui se donnent les moyens<br \/>\nd&#8217;atteindre les objectifs qu&#8217;ils se sont fix\u00e9, qui ne s&#8217;engagent pas qu&#8217;\u00e0<br \/>\nmoiti\u00e9, qui connaissent la valeur de la solidarit\u00e9 entre les hommes, qui<br \/>\nsavent que c&#8217;est en s&#8217;encordant \u00e0 ses semblables que l&#8217;\u00eatre humain s&#8217;accomplit<br \/>\n\u00bb.  <\/p>\n<p>L&#8217;homme de l&#8217;Everest, le rescap\u00e9 du Fr\u00e9ney, l&#8217;\u00e9pris des lois, l&#8217;ancien<br \/>\nministre des Sports, le conseiller d&#8217;Etat devenu pr\u00e9sident du Conseil<br \/>\nconstitutionnel, est aujourd&#8217;hui membre de l&#8217;Acad\u00e9mie des sciences morales et<br \/>\npolitiques. A l&#8217;heure des bilans, cet homme, qui a v\u00e9cu plusieurs vies, ose au<br \/>\nfinal ce constat apais\u00e9 : \u00ab Mes plus grandes joies, je les ai \u00e9prouv\u00e9es en<br \/>\nmontagne. Et puis cela peut faire sourire, j&#8217;y ai trouv\u00e9 l&#8217;amiti\u00e9 et \u00e7a c&#8217;est<br \/>\nquelque chose(&#8230;). Oui, plus que la politique, plus que mon travail de<br \/>\njuriste, la montagne a \u00e9t\u00e9 jusqu&#8217;au bout ma passion.\u00bb<br \/>\nDur\u00e9e 52 mins.<\/p>","protected":false},"excerpt":{"rendered":"<ul>\n<li><a href=\"https:\/\/youtu.be\/AsMmrqyyVdU\" target=\"_blank\" rel=\"noopener\">Video: Pierre Mazeaud, Trailer<\/a><\/li>\n<\/ul>","protected":false},"featured_media":25994,"template":"","meta":[],"product_brand":[],"product_cat":[21628],"product_tag":[],"class_list":{"0":"post-146967","1":"product","2":"type-product","3":"status-publish","4":"has-post-thumbnail","6":"product_cat-video-dvd-multimedia","7":"pa_autor-chappaz","8":"pa_erscheinungsjahr-21568","9":"pa_region-frankreich","10":"pa_sprache-fr","12":"first","13":"instock","14":"taxable","15":"shipping-taxable","16":"purchasable","17":"product-type-simple"},"_links":{"self":[{"href":"https:\/\/pizbube.ch\/en\/wp-json\/wp\/v2\/product\/146967","targetHints":{"allow":["GET"]}}],"collection":[{"href":"https:\/\/pizbube.ch\/en\/wp-json\/wp\/v2\/product"}],"about":[{"href":"https:\/\/pizbube.ch\/en\/wp-json\/wp\/v2\/types\/product"}],"wp:featuredmedia":[{"embeddable":true,"href":"https:\/\/pizbube.ch\/en\/wp-json\/wp\/v2\/media\/25994"}],"wp:attachment":[{"href":"https:\/\/pizbube.ch\/en\/wp-json\/wp\/v2\/media?parent=146967"}],"wp:term":[{"taxonomy":"product_brand","embeddable":true,"href":"https:\/\/pizbube.ch\/en\/wp-json\/wp\/v2\/product_brand?post=146967"},{"taxonomy":"product_cat","embeddable":true,"href":"https:\/\/pizbube.ch\/en\/wp-json\/wp\/v2\/product_cat?post=146967"},{"taxonomy":"product_tag","embeddable":true,"href":"https:\/\/pizbube.ch\/en\/wp-json\/wp\/v2\/product_tag?post=146967"}],"curies":[{"name":"wp","href":"https:\/\/api.w.org\/{rel}","templated":true}]}}