{"id":146968,"date":"2021-01-15T10:54:28","date_gmt":"2021-01-15T10:54:28","guid":{"rendered":"https:\/\/codengine3.ch\/?product=import-placeholder-for-207162"},"modified":"2021-06-10T08:39:45","modified_gmt":"2021-06-10T06:39:45","slug":"pierre-mazeaud-linsoumis","status":"publish","type":"product","link":"https:\/\/pizbube.ch\/en\/shop\/pierre-mazeaud-linsoumis\/","title":{"rendered":"Pierre Mazeaud, l&#8217;insoumis"},"content":{"rendered":"<p>La premi\u00e8re grande biographie de Pierre Mazeaud raconte le destin hors du<br \/>\ncommun d&#8217;un homme partag\u00e9 entre trois passions, le droit, la politique et la<br \/>\nmontagne.<\/p>\n<p>Cette premi\u00e8re biographie de Pierre Mazeaud \u00e9crite par Olivier Guillaumont<br \/>\nretrace la vie de l&#8217;un des plus singuliers personnages de la Ve R\u00e9publique.<br \/>\nUne vie men\u00e9e tambour battant entre trois passions: le droit, la politique et<br \/>\nla montagne. Du drame du Fr\u00eaney au minist\u00e8re de la jeunesse et des Sports,<br \/>\nd&#8217;une carri\u00e8re de d\u00e9put\u00e9 aux grandes ouvertures des Dolomites, du sommet de<br \/>\nl&#8217;Everest au Conseil Constitutionnel qu&#8217;il pr\u00e9sidera devenant ainsi le 3e<br \/>\npersonnage de l&#8217;Etat.<\/p>\n<p>Pour r\u00e9ussir un tel parcours il fallait une passion solidement ancr\u00e9e et une<br \/>\n\u00e9nergie inalt\u00e9rable. Il fallait \u00e9galement un caract\u00e8re que Pierre Mazeaud<br \/>\nd\u00e9finit lui-m\u00eame comme &#8218;ex\u00e9crable&#8216;, n&#8217;h\u00e9sitant jamais \u00e0 dire clairement ce<br \/>\nqu&#8217;il pense quel que soit son interlocuteur: compagnon de cord\u00e9e, adversaire<br \/>\ncomme ami politique, jusqu&#8217;au Pr\u00e9sident de la R\u00e9publique\u2026 Une franchise<br \/>\nassoci\u00e9e \u00e0 une tr\u00e8s grande fid\u00e9lit\u00e9 envers ses amis de toujours, notamment les<br \/>\ncompagnons de cord\u00e9e de sa jeunesse.<\/p>\n<p>Pr\u00e9face de Reinhold Messner<br \/>\n328 pages, 267 photos couleur et noir &amp; blanc<\/p>","protected":false},"excerpt":{"rendered":"<ul>\n<li><a href=\"https:\/\/youtu.be\/IP_xqBAiSSg\" target=\"_blank\" rel=\"noopener\">Video: Pierre Mazeaud l&#8217;insoumis, naissance d&#8217;un livre<\/a><\/li>\n<\/ul>","protected":false},"featured_media":157520,"template":"","meta":[],"product_brand":[],"product_cat":[21542],"product_tag":[],"class_list":{"0":"post-146968","1":"product","2":"type-product","3":"status-publish","4":"has-post-thumbnail","6":"product_cat-sachbuecher-dokumentationen","7":"pa_autor-guillaumont","8":"pa_erscheinungsjahr-21621","9":"pa_region-frankreich","10":"pa_sprache-fr","12":"first","13":"instock","14":"taxable","15":"shipping-taxable","16":"purchasable","17":"product-type-simple"},"_links":{"self":[{"href":"https:\/\/pizbube.ch\/en\/wp-json\/wp\/v2\/product\/146968","targetHints":{"allow":["GET"]}}],"collection":[{"href":"https:\/\/pizbube.ch\/en\/wp-json\/wp\/v2\/product"}],"about":[{"href":"https:\/\/pizbube.ch\/en\/wp-json\/wp\/v2\/types\/product"}],"wp:featuredmedia":[{"embeddable":true,"href":"https:\/\/pizbube.ch\/en\/wp-json\/wp\/v2\/media\/157520"}],"wp:attachment":[{"href":"https:\/\/pizbube.ch\/en\/wp-json\/wp\/v2\/media?parent=146968"}],"wp:term":[{"taxonomy":"product_brand","embeddable":true,"href":"https:\/\/pizbube.ch\/en\/wp-json\/wp\/v2\/product_brand?post=146968"},{"taxonomy":"product_cat","embeddable":true,"href":"https:\/\/pizbube.ch\/en\/wp-json\/wp\/v2\/product_cat?post=146968"},{"taxonomy":"product_tag","embeddable":true,"href":"https:\/\/pizbube.ch\/en\/wp-json\/wp\/v2\/product_tag?post=146968"}],"curies":[{"name":"wp","href":"https:\/\/api.w.org\/{rel}","templated":true}]}}