{"id":146969,"date":"2021-01-15T10:54:28","date_gmt":"2021-01-15T10:54:28","guid":{"rendered":"https:\/\/codengine3.ch\/?product=import-placeholder-for-201391"},"modified":"2021-01-15T12:01:12","modified_gmt":"2021-01-15T12:01:12","slug":"les-conquerants-de-linutile","status":"publish","type":"product","link":"https:\/\/pizbube.ch\/en\/shop\/les-conquerants-de-linutile\/","title":{"rendered":"Les conqu\u00e9rants de l&#8217;inutile"},"content":{"rendered":"<p>\nUn grand classique de la litt\u00e9rature alpine enfin r\u00e9imprim\u00e9 dans sa version<br \/>\nillustr\u00e9e \u00e0 l&#8217;occasion des 25 ans de Gu\u00e9rin. Lionel Terray signe la plus<br \/>\nadmirable et la plus sinc\u00e8re autobiographie d&#8217;alpiniste. Pr\u00e9face de Jean-<br \/>\nChristophe Rufin.  <\/p>\n<p>Conqu\u00e9rant des plus grands sommets dans les Alpes comme en Himalaya, Terray<br \/>\ndevient vite un g\u00e9ant de L&#8217;alpinisme mondial. Mais son plus grand succ\u00e8s,<br \/>\nc&#8217;est peut-\u00eatre L&#8217;amiti\u00e9 qui le lie \u00e0 Louis Lachenal. Une amiti\u00e9 q&#8217;il ne cesse<br \/>\nde chanter au fil des pages de ce livre. La r\u00e9\u00e9dition du c\u00e9l\u00e8bre r\u00e9cit de<br \/>\nLionel Terray, alpiniste mythique, premier vainqueur de l&#8216; Annapurna, un livre<br \/>\nsuperbement illustr\u00e9 et enrichi de 450 photos et dessins pour la plupart<br \/>\nin\u00e9dits.<\/p>\n<p>Plus qu\u2019un r\u00e9cit d\u2019alpinisme, c\u2019est le livre d\u2019une vie.<br \/>\nAux critiques de son p\u00e8re qui ne comprend pas cette activit\u00e9 qui consiste \u00e0 se<br \/>\nhisser sur des montagnes o\u00f9 l\u2019on ne trouve &#171;pas seulement un billet de 100<br \/>\nfrancs au sommet&#187;, Lionel oppose la gratuit\u00e9 du jeu, l\u2019\u00e9loge de l\u2019inutile. Il<br \/>\nassouvit sa soif de grimper sur les plus hauts sommets des Alpes puis en<br \/>\nHimalaya et devient un g\u00e9ant de l\u2019alpinisme mondial.<\/p>\n<p>Au-del\u00e0 des drames qui font battre le c\u0153ur, ce livre est un grand texte sur la<br \/>\npassion et les hommes qui sont br\u00fbl\u00e9s par elle.<br \/>\nPremier livre publi\u00e9 par Michel Gu\u00e9rin dans la collection rouge, il a initi\u00e9<br \/>\nun nouveau mode de lecture : 450 photos, dont la plupart sont in\u00e9dites,<br \/>\npioch\u00e9es dans les albums de famille de Marianne Terray, s\u2019organisent autour du<br \/>\ntexte, l\u2019\u00e9clairent, et en ravivent toute l\u2019\u00e9motion. C\u2019est gr\u00e2ce \u00e0 Marianne que<br \/>\nles \u00e9ditions Gu\u00e9rin ont pu voir le jour.<\/p>\n<p>Format (Taille) 23 x 23 cm<br \/>\nNombre de pages 458<br \/>\nNombre d&#8217;ilustrations 450<\/p>","protected":false},"excerpt":{"rendered":"<p>Un grand classique de la litt\u00e9rature alpine enfin r\u00e9imprim\u00e9 dans sa version illustr\u00e9e \u00e0 l&#8217;occasion des 25 ans de Gu\u00e9rin. Lionel Terray signe la plus admirable et la plus sinc\u00e8re autobiographie d&#8217;alpiniste. Pr\u00e9face de Jean- Christophe Rufin. Conqu\u00e9rant des plus grands sommets dans les Alpes comme en Himalaya, Terray devient vite un g\u00e9ant de L&#8217;alpinisme [&#8230;]\n","protected":false},"featured_media":28727,"template":"","meta":[],"product_brand":[],"product_cat":[21542],"product_tag":[],"class_list":{"0":"post-146969","1":"product","2":"type-product","3":"status-publish","4":"has-post-thumbnail","6":"product_cat-sachbuecher-dokumentationen","7":"pa_autor-terray","8":"pa_erscheinungsjahr-21558","9":"pa_region-frankreich","10":"pa_sprache-fr","12":"first","13":"instock","14":"taxable","15":"shipping-taxable","16":"purchasable","17":"product-type-simple"},"_links":{"self":[{"href":"https:\/\/pizbube.ch\/en\/wp-json\/wp\/v2\/product\/146969","targetHints":{"allow":["GET"]}}],"collection":[{"href":"https:\/\/pizbube.ch\/en\/wp-json\/wp\/v2\/product"}],"about":[{"href":"https:\/\/pizbube.ch\/en\/wp-json\/wp\/v2\/types\/product"}],"wp:featuredmedia":[{"embeddable":true,"href":"https:\/\/pizbube.ch\/en\/wp-json\/wp\/v2\/media\/28727"}],"wp:attachment":[{"href":"https:\/\/pizbube.ch\/en\/wp-json\/wp\/v2\/media?parent=146969"}],"wp:term":[{"taxonomy":"product_brand","embeddable":true,"href":"https:\/\/pizbube.ch\/en\/wp-json\/wp\/v2\/product_brand?post=146969"},{"taxonomy":"product_cat","embeddable":true,"href":"https:\/\/pizbube.ch\/en\/wp-json\/wp\/v2\/product_cat?post=146969"},{"taxonomy":"product_tag","embeddable":true,"href":"https:\/\/pizbube.ch\/en\/wp-json\/wp\/v2\/product_tag?post=146969"}],"curies":[{"name":"wp","href":"https:\/\/api.w.org\/{rel}","templated":true}]}}