{"id":146970,"date":"2021-01-15T10:54:28","date_gmt":"2021-01-15T10:54:28","guid":{"rendered":"https:\/\/codengine3.ch\/?product=import-placeholder-for-206097"},"modified":"2021-01-15T14:46:21","modified_gmt":"2021-01-15T14:46:21","slug":"coffret-gaston-rebuffat-dvd-et-livret","status":"publish","type":"product","link":"https:\/\/pizbube.ch\/en\/shop\/coffret-gaston-rebuffat-dvd-et-livret\/","title":{"rendered":"Coffret Gaston R\u00e9buffat DVD et livret"},"content":{"rendered":"<p>3 films d&#8217;exception et un livret pour d\u00e9couvrir le monde de Gaston R\u00e9buffat.<br \/>\nFran\u00e7aise, English subtitled  <\/p>\n<p>Tout au long de sa vie, le c\u00e9l\u00e8bre guide de haute montagne Gaston R\u00e9buffat<br \/>\nn&#8217;eut de cesse d&#8217;ouvrir les portes de son jardin au plus grand nombre. Livres,<br \/>\nphotographies, films, articles dans la presse, conf\u00e9rences&#8230; tous les moyens<br \/>\n\u00e9taient bons pour vivre et transmettre sa passion d\u00e9vorante pour la montagne,<br \/>\nqu&#8217;elle soit de neige, de glace ou de roc.<br \/>\nAmiti\u00e9 des compagnons de cord\u00e9e, amiti\u00e9 de la montagne, amiti\u00e9 de la nature<br \/>\ntout enti\u00e8re, il racontait la montagne avec simplicit\u00e9 et bonheur.<br \/>\nPr\u00e9curseur, visionnaire, Gaston R\u00e9buffat \u00e9tait un \u00eatre r\u00e9solument engag\u00e9, sans<br \/>\navoir pourtant jamais parler d&#8217;exploit encore moins de combat (entre autres<br \/>\nhauts faits, il fut le premier \u00e0 gravir les six faces nord des Alpes en une<br \/>\nvie d&#8217;alpiniste).  <\/p>\n<p>Ce coffret contient :<br \/>\nDeux films documentaires<br \/>\n\u2022Le monde de Gaston, un documentaire r\u00e9cent, balaie le &#171;style&#187; R\u00e9buffat qui<br \/>\nfut tour \u00e0 tour guide, photographe, cin\u00e9aste, \u00e9crivain, po\u00e8te, journaliste.<br \/>\nUne griffe, un style qui ont marqu\u00e9 les esprits de tous ceux qui l&#8217;ont c\u00f4toy\u00e9<br \/>\nou qui ont march\u00e9 dans ses traces.<br \/>\n\u2022Des hommes et des montagnes, un documentaire d&#8217;\u00e9poque r\u00e9alis\u00e9 par Jean-<br \/>\nJacques Languepin et Gaston R\u00e9buffat sorti en 1953. Des prises de vues<br \/>\ng\u00e9niales, la voix off de Bernard Blier \u00e0 tomber par terre, une montagne belle,<br \/>\nen noir et blanc, n\u00e9anmoins haute en couleur.  <\/p>\n<p>L&#8217;interview int\u00e9grale de Fran\u00e7oise R\u00e9buffat<br \/>\nMoment fort de ce coffret, l&#8217;interview int\u00e9grale de Fran\u00e7oise R\u00e9buffat, ultime<br \/>\nt\u00e9moignage dr\u00f4le et sensible, avant d&#8217;\u00eatre elle aussi emport\u00e9e par la maladie,<br \/>\nde celle avec qui Gaston, avait form\u00e9 une cord\u00e9e amoureuse pendant les 35 ans<br \/>\nde leur vie commune.  <\/p>\n<p>Un livret de 84 pages<br \/>\nPour perp\u00e9tuer ce travail de m\u00e9moire et (re)d\u00e9couvrir Gaston R\u00e9buffat c\u00f4t\u00e9<br \/>\npile, laissez-vous guider au fil des pages d&#8217;un livret de 84 pages, hommage<br \/>\nsensible \u00e0 l&#8217;exceptionnel ambassadeur de la montagne. Un livret illustr\u00e9 de<br \/>\nses plus belles photographies, de documents in\u00e9dits : ses carnets d&#8217;enfance,<br \/>\ncarnets de courses et archives de famille.<br \/>\n3 films + 1 livret de 84 pages<br \/>\nDur\u00e9e : 100 minutes  <\/p>","protected":false},"excerpt":{"rendered":"<p>3 films d&#8217;exception et un livret pour d\u00e9couvrir le monde de Gaston R\u00e9buffat. Fran\u00e7aise, English subtitled Tout au long de sa vie, le c\u00e9l\u00e8bre guide de haute montagne Gaston R\u00e9buffat n&#8217;eut de cesse d&#8217;ouvrir les portes de son jardin au plus grand nombre. Livres, photographies, films, articles dans la presse, conf\u00e9rences&#8230; tous les moyens \u00e9taient [&#8230;]\n","protected":false},"featured_media":35010,"template":"","meta":[],"product_brand":[],"product_cat":[21628],"product_tag":[],"class_list":{"0":"post-146970","1":"product","2":"type-product","3":"status-publish","4":"has-post-thumbnail","6":"product_cat-video-dvd-multimedia","7":"pa_erscheinungsjahr-21693","8":"pa_region-frankreich","9":"pa_sprache-e","10":"pa_sprache-f","12":"first","13":"instock","14":"taxable","15":"shipping-taxable","16":"purchasable","17":"product-type-simple"},"_links":{"self":[{"href":"https:\/\/pizbube.ch\/en\/wp-json\/wp\/v2\/product\/146970","targetHints":{"allow":["GET"]}}],"collection":[{"href":"https:\/\/pizbube.ch\/en\/wp-json\/wp\/v2\/product"}],"about":[{"href":"https:\/\/pizbube.ch\/en\/wp-json\/wp\/v2\/types\/product"}],"wp:featuredmedia":[{"embeddable":true,"href":"https:\/\/pizbube.ch\/en\/wp-json\/wp\/v2\/media\/35010"}],"wp:attachment":[{"href":"https:\/\/pizbube.ch\/en\/wp-json\/wp\/v2\/media?parent=146970"}],"wp:term":[{"taxonomy":"product_brand","embeddable":true,"href":"https:\/\/pizbube.ch\/en\/wp-json\/wp\/v2\/product_brand?post=146970"},{"taxonomy":"product_cat","embeddable":true,"href":"https:\/\/pizbube.ch\/en\/wp-json\/wp\/v2\/product_cat?post=146970"},{"taxonomy":"product_tag","embeddable":true,"href":"https:\/\/pizbube.ch\/en\/wp-json\/wp\/v2\/product_tag?post=146970"}],"curies":[{"name":"wp","href":"https:\/\/api.w.org\/{rel}","templated":true}]}}