{"id":146971,"date":"2021-01-15T10:54:28","date_gmt":"2021-01-15T10:54:28","guid":{"rendered":"https:\/\/codengine3.ch\/?product=import-placeholder-for-204441"},"modified":"2021-01-15T14:33:12","modified_gmt":"2021-01-15T14:33:12","slug":"la-voie-terray-dvd","status":"publish","type":"product","link":"https:\/\/pizbube.ch\/en\/shop\/la-voie-terray-dvd\/","title":{"rendered":"La Voie Terray DVD"},"content":{"rendered":"<p>Enfin un film en hommage \u00e0 Lionel Terray!<br \/>\nTerray. Ce nom claque comme un d\u00e9fi, et r\u00e9sonne avec \u00e9clat dans l&#8217;inconscient<br \/>\ncollectif des montagnards. Pour tous, Lionel Terray est \u00e0 tous jamais le<br \/>\nConqu\u00e9rant de l&#8217;inutile par excellence.<br \/>\nQuarante ans apr\u00e8s la disparition de ce guide et alpiniste d&#8217;exception, qui se<br \/>\nd\u00e9finissait &#8218;tout simplement comme un montagnard&#8216;, ses compagnons de course et<br \/>\nla jeune g\u00e9n\u00e9ration ont bien voulu \u00e9voquer son h\u00e9ritage.<br \/>\n&#8218;La Voie Terray&#8216; s&#8217;appuie sur des documents d&#8217;\u00e9poque, des films et des images<br \/>\nin\u00e9dites.<br \/>\nDVD, 52 minutes  <\/p>","protected":false},"excerpt":{"rendered":"<p>Enfin un film en hommage \u00e0 Lionel Terray! Terray. Ce nom claque comme un d\u00e9fi, et r\u00e9sonne avec \u00e9clat dans l&#8217;inconscient collectif des montagnards. Pour tous, Lionel Terray est \u00e0 tous jamais le Conqu\u00e9rant de l&#8217;inutile par excellence. Quarante ans apr\u00e8s la disparition de ce guide et alpiniste d&#8217;exception, qui se d\u00e9finissait &#8218;tout simplement comme [&#8230;]\n","protected":false},"featured_media":32313,"template":"","meta":[],"product_brand":[],"product_cat":[21628],"product_tag":[],"class_list":{"0":"post-146971","1":"product","2":"type-product","3":"status-publish","4":"has-post-thumbnail","6":"product_cat-video-dvd-multimedia","7":"pa_autor-chappaz","8":"pa_erscheinungsjahr-21842","9":"pa_region-frankreich","10":"pa_sprache-fr","12":"first","13":"instock","14":"taxable","15":"shipping-taxable","16":"purchasable","17":"product-type-simple"},"_links":{"self":[{"href":"https:\/\/pizbube.ch\/en\/wp-json\/wp\/v2\/product\/146971","targetHints":{"allow":["GET"]}}],"collection":[{"href":"https:\/\/pizbube.ch\/en\/wp-json\/wp\/v2\/product"}],"about":[{"href":"https:\/\/pizbube.ch\/en\/wp-json\/wp\/v2\/types\/product"}],"wp:featuredmedia":[{"embeddable":true,"href":"https:\/\/pizbube.ch\/en\/wp-json\/wp\/v2\/media\/32313"}],"wp:attachment":[{"href":"https:\/\/pizbube.ch\/en\/wp-json\/wp\/v2\/media?parent=146971"}],"wp:term":[{"taxonomy":"product_brand","embeddable":true,"href":"https:\/\/pizbube.ch\/en\/wp-json\/wp\/v2\/product_brand?post=146971"},{"taxonomy":"product_cat","embeddable":true,"href":"https:\/\/pizbube.ch\/en\/wp-json\/wp\/v2\/product_cat?post=146971"},{"taxonomy":"product_tag","embeddable":true,"href":"https:\/\/pizbube.ch\/en\/wp-json\/wp\/v2\/product_tag?post=146971"}],"curies":[{"name":"wp","href":"https:\/\/api.w.org\/{rel}","templated":true}]}}