{"id":146972,"date":"2021-01-15T10:54:29","date_gmt":"2021-01-15T10:54:29","guid":{"rendered":"https:\/\/codengine3.ch\/?product=import-placeholder-for-200130"},"modified":"2021-01-15T10:54:34","modified_gmt":"2021-01-15T10:54:34","slug":"guia-descalades-al-mont-roig","status":"publish","type":"product","link":"https:\/\/pizbube.ch\/en\/shop\/guia-descalades-al-mont-roig\/","title":{"rendered":"Guia d&#8217;Escalades al Mont-Roig"},"content":{"rendered":"<p>El Mont-Roig ofrece un terreno ideal para la escalada en roca sobre todo<br \/>\ndurante los meses m\u00e1s fr\u00edos del a\u00f1o. Su situaci\u00f3n permite disfrutar a menudo<br \/>\nde una roca acariciada por el sol por encima de un espectacular mar de nubes.<\/p>\n<p>En esta gu\u00eda se rese\u00f1an m\u00e1s de 213 itinerarios incluyendo desde cortas v\u00edas<br \/>\ndeportivas de alta dificultad hasta comprometidos itinerarios artificiales en<br \/>\nparedes que superan los doscientos metros. La gu\u00eda recoge en un solo volumen<br \/>\nla informaci\u00f3n existente de una de las escuelas de escalada Leridanas m\u00e1s<br \/>\natractivas.<\/p>","protected":false},"excerpt":{"rendered":"<p>El Mont-Roig ofrece un terreno ideal para la escalada en roca sobre todo durante los meses m\u00e1s fr\u00edos del a\u00f1o. Su situaci\u00f3n permite disfrutar a menudo de una roca acariciada por el sol por encima de un espectacular mar de nubes. En esta gu\u00eda se rese\u00f1an m\u00e1s de 213 itinerarios incluyendo desde cortas v\u00edas deportivas [&#8230;]\n","protected":false},"featured_media":26000,"template":"","meta":[],"product_brand":[],"product_cat":[21539],"product_tag":[],"class_list":{"0":"post-146972","1":"product","2":"type-product","3":"status-publish","4":"has-post-thumbnail","6":"product_cat-fuehrerliteratur-sportklettern-bouldern","7":"pa_autor-marmolejo-escuer","8":"pa_erscheinungsjahr-21550","9":"pa_region-spanien","10":"pa_sprache-de","12":"first","13":"instock","14":"taxable","15":"shipping-taxable","16":"purchasable","17":"product-type-simple"},"_links":{"self":[{"href":"https:\/\/pizbube.ch\/en\/wp-json\/wp\/v2\/product\/146972","targetHints":{"allow":["GET"]}}],"collection":[{"href":"https:\/\/pizbube.ch\/en\/wp-json\/wp\/v2\/product"}],"about":[{"href":"https:\/\/pizbube.ch\/en\/wp-json\/wp\/v2\/types\/product"}],"wp:featuredmedia":[{"embeddable":true,"href":"https:\/\/pizbube.ch\/en\/wp-json\/wp\/v2\/media\/26000"}],"wp:attachment":[{"href":"https:\/\/pizbube.ch\/en\/wp-json\/wp\/v2\/media?parent=146972"}],"wp:term":[{"taxonomy":"product_brand","embeddable":true,"href":"https:\/\/pizbube.ch\/en\/wp-json\/wp\/v2\/product_brand?post=146972"},{"taxonomy":"product_cat","embeddable":true,"href":"https:\/\/pizbube.ch\/en\/wp-json\/wp\/v2\/product_cat?post=146972"},{"taxonomy":"product_tag","embeddable":true,"href":"https:\/\/pizbube.ch\/en\/wp-json\/wp\/v2\/product_tag?post=146972"}],"curies":[{"name":"wp","href":"https:\/\/api.w.org\/{rel}","templated":true}]}}