{"id":146974,"date":"2021-01-15T10:54:29","date_gmt":"2021-01-15T10:54:29","guid":{"rendered":"https:\/\/codengine3.ch\/?product=import-placeholder-for-202330"},"modified":"2023-04-01T09:19:15","modified_gmt":"2023-04-01T07:19:15","slug":"rodellar-mascun-andrebot-alcanadre-vias-largas","status":"publish","type":"product","link":"https:\/\/pizbube.ch\/en\/shop\/rodellar-mascun-andrebot-alcanadre-vias-largas\/","title":{"rendered":"Rodellar Masc\u00fan, Andrebot, Alcanadre, V\u00edas Largas"},"content":{"rendered":"<p>Kalkklettergebiete bei Huesca \/ Barbastro; Guia escalada<br \/>\nAs\u00ed pues, contamos ya con casi m\u00e1s de 300 itinerarios abiertos en 37 sectores<br \/>\naproximadamente adem\u00e1s de una selecci\u00f3n de v\u00edas largas que tambi\u00e9n inclu\u00edmos<br \/>\ncomo en la anterior edici\u00f3n.<\/p>\n<p>Esta escuela que gana en visitantes a\u00f1o tras a\u00f1o,<br \/>\ngoza de gran variedad de rincones, orientaciones y alg\u00fan acceso aventura. Con<br \/>\nuna cuidada edici\u00f3n, esta gu\u00eda se presenta como una invitaci\u00f3n a una de las<br \/>\nzonas de escalada m\u00e1s importantes de la provincia de Huesca.<\/p>","protected":false},"excerpt":{"rendered":"<p>Kalkklettergebiete bei Huesca \/ Barbastro; Guia escalada As\u00ed pues, contamos ya con casi m\u00e1s de 300 itinerarios abiertos en 37 sectores aproximadamente adem\u00e1s de una selecci\u00f3n de v\u00edas largas que tambi\u00e9n inclu\u00edmos como en la anterior edici\u00f3n. Esta escuela que gana en visitantes a\u00f1o tras a\u00f1o, goza de gran variedad de rincones, orientaciones y alg\u00fan [&#8230;]\n","protected":false},"featured_media":29708,"template":"","meta":[],"product_brand":[],"product_cat":[21539],"product_tag":[],"class_list":{"0":"post-146974","1":"product","2":"type-product","3":"status-publish","4":"has-post-thumbnail","6":"product_cat-fuehrerliteratur-sportklettern-bouldern","7":"pa_autor-ascaso-logrono","8":"pa_erscheinungsjahr-21776","9":"pa_region-spanien","10":"pa_sprache-sp-2","12":"first","13":"outofstock","14":"taxable","15":"shipping-taxable","16":"purchasable","17":"product-type-simple"},"_links":{"self":[{"href":"https:\/\/pizbube.ch\/en\/wp-json\/wp\/v2\/product\/146974","targetHints":{"allow":["GET"]}}],"collection":[{"href":"https:\/\/pizbube.ch\/en\/wp-json\/wp\/v2\/product"}],"about":[{"href":"https:\/\/pizbube.ch\/en\/wp-json\/wp\/v2\/types\/product"}],"wp:featuredmedia":[{"embeddable":true,"href":"https:\/\/pizbube.ch\/en\/wp-json\/wp\/v2\/media\/29708"}],"wp:attachment":[{"href":"https:\/\/pizbube.ch\/en\/wp-json\/wp\/v2\/media?parent=146974"}],"wp:term":[{"taxonomy":"product_brand","embeddable":true,"href":"https:\/\/pizbube.ch\/en\/wp-json\/wp\/v2\/product_brand?post=146974"},{"taxonomy":"product_cat","embeddable":true,"href":"https:\/\/pizbube.ch\/en\/wp-json\/wp\/v2\/product_cat?post=146974"},{"taxonomy":"product_tag","embeddable":true,"href":"https:\/\/pizbube.ch\/en\/wp-json\/wp\/v2\/product_tag?post=146974"}],"curies":[{"name":"wp","href":"https:\/\/api.w.org\/{rel}","templated":true}]}}