{"id":146975,"date":"2021-01-15T10:54:29","date_gmt":"2021-01-15T10:54:29","guid":{"rendered":"https:\/\/codengine3.ch\/?product=import-placeholder-for-203965"},"modified":"2022-06-24T08:43:50","modified_gmt":"2022-06-24T06:43:50","slug":"escalades-a-ordesa-escalades-en-ordesa","status":"publish","type":"product","link":"https:\/\/pizbube.ch\/en\/shop\/escalades-a-ordesa-escalades-en-ordesa\/","title":{"rendered":"Escalades \u00e0 Ordesa &#8211; Escalades en Ordesa"},"content":{"rendered":"<p>Une petite \u00e9quipe de grimpeurs fran\u00e7ais passe la Br\u00e8che de Roland et gagne la<br \/>\nvall\u00e9e d&#8217;Ordesa. Le lendemain, ils graviront la tr\u00e8s convoit\u00e9e face sud du<br \/>\nTozal del Mallo. Un demi-si\u00e8cle plus tard, au c\u00a6ur d&#8217;une nature d&#8217;une beaut\u00e9<br \/>\nexceptionnelle, les parois de Mondarruego, du Tozal, de Salar\u00f3n, du Gallinero<br \/>\net de la Fraucata sont devenus un terrain de jeu de premier ordre pour les<br \/>\namateurs d&#8217;escalade libre.<br \/>\nAu fil des ans, ces visiteurs ont r\u00e9v\u00e9l\u00e9 les cheminements parfois complexes<br \/>\ninscrits dans ces grandes murailles de calcaire gr\u00e9seux, scellant un style<br \/>\naventureux o\u00f9 l&#8217;\u00e9quipement brille souvent par son absence. Engag\u00e9s dans un<br \/>\nunivers surplombant et chaotique, envo\u00fbt\u00e9s par la d\u00e9licieuse incertitude d&#8217;une<br \/>\nescalade exigeante, ils continuent cette histoire, la plus vivante sans nul<br \/>\ndoute de la cha\u00eene pyr\u00e9n\u00e9enne.<\/p>","protected":false},"excerpt":{"rendered":"<p>Une petite \u00e9quipe de grimpeurs fran\u00e7ais passe la Br\u00e8che de Roland et gagne la vall\u00e9e d&#8217;Ordesa. Le lendemain, ils graviront la tr\u00e8s convoit\u00e9e face sud du Tozal del Mallo. Un demi-si\u00e8cle plus tard, au c\u00a6ur d&#8217;une nature d&#8217;une beaut\u00e9 exceptionnelle, les parois de Mondarruego, du Tozal, de Salar\u00f3n, du Gallinero et de la Fraucata sont [&#8230;]\n","protected":false},"featured_media":31686,"template":"","meta":[],"product_brand":[],"product_cat":[21539],"product_tag":[26950],"class_list":{"0":"post-146975","1":"product","2":"type-product","3":"status-publish","4":"has-post-thumbnail","6":"product_cat-fuehrerliteratur-sportklettern-bouldern","7":"product_tag-pyrenaeen","8":"pa_autor-ravier-thivel","9":"pa_erscheinungsjahr-21610","10":"pa_region-spanien","11":"pa_sprache-f","12":"pa_sprache-sp","14":"first","15":"outofstock","16":"taxable","17":"shipping-taxable","18":"purchasable","19":"product-type-simple"},"_links":{"self":[{"href":"https:\/\/pizbube.ch\/en\/wp-json\/wp\/v2\/product\/146975","targetHints":{"allow":["GET"]}}],"collection":[{"href":"https:\/\/pizbube.ch\/en\/wp-json\/wp\/v2\/product"}],"about":[{"href":"https:\/\/pizbube.ch\/en\/wp-json\/wp\/v2\/types\/product"}],"wp:featuredmedia":[{"embeddable":true,"href":"https:\/\/pizbube.ch\/en\/wp-json\/wp\/v2\/media\/31686"}],"wp:attachment":[{"href":"https:\/\/pizbube.ch\/en\/wp-json\/wp\/v2\/media?parent=146975"}],"wp:term":[{"taxonomy":"product_brand","embeddable":true,"href":"https:\/\/pizbube.ch\/en\/wp-json\/wp\/v2\/product_brand?post=146975"},{"taxonomy":"product_cat","embeddable":true,"href":"https:\/\/pizbube.ch\/en\/wp-json\/wp\/v2\/product_cat?post=146975"},{"taxonomy":"product_tag","embeddable":true,"href":"https:\/\/pizbube.ch\/en\/wp-json\/wp\/v2\/product_tag?post=146975"}],"curies":[{"name":"wp","href":"https:\/\/api.w.org\/{rel}","templated":true}]}}