{"id":146977,"date":"2021-01-15T10:54:29","date_gmt":"2021-01-15T10:54:29","guid":{"rendered":"https:\/\/codengine3.ch\/?product=import-placeholder-for-206993"},"modified":"2022-06-29T13:36:29","modified_gmt":"2022-06-29T11:36:29","slug":"roca-espana-pyrenaeen-und-aragon","status":"publish","type":"product","link":"https:\/\/pizbube.ch\/en\/shop\/roca-espana-pyrenaeen-und-aragon\/","title":{"rendered":"Roca Espa\u00f1a Pyren\u00e4en und Arag\u00f3n"},"content":{"rendered":"<p>Pr\u00e4sentiert die sch\u00f6nsten 70 Sportklettergebiete in den Pyren\u00e4en und Aragon.<\/p>\n<p>Unbekannte Klettergebiete an der sonnenverw\u00f6hnten Costa Brava wo man Klettern<br \/>\nund Baden ideal verbinden kann. Bekannte und beliebte Gebiete wie Sadernes,<br \/>\nMontgrony oder Berga. Weiter im Westen Perles, Coll de Nargo oder die<br \/>\nAusdauergebiete Oliana und Tres Ponts. Oder die sch\u00f6nsten Sinterrouten der<br \/>\nPyren\u00e4en an der Paroi de Bruixes. Ruhige Sektoren in Camarasa oder<br \/>\ninternationales Publikum in der gnadenlos \u00fcberh\u00e4ngenden Grotte in Santa<br \/>\nLlinya. Griffige Granitrouten in Cavallers oder unbekannte Sektoren im Val<br \/>\nd\u2019Aran.<\/p>\n<p>Die sch\u00f6nsten Sportklettergebiete um die h\u00f6chsten Gipfel der Pyren\u00e4en bei<br \/>\nBenasque. Rauer Granit in Remune oder steiler Kalk am Sektor SACS. Steile<br \/>\nPlattenrouten in Canfranc an der Grenze zu Frankreich oder anspruchsvolle<br \/>\nKonglomeratrouten in Vadiello. S\u00fcdlich von Zaragoza das familienfreundliche<br \/>\nMorata de Jalon, ein Paradies f\u00fcr Genusskletterer oder Torralba de los<br \/>\nFrailes.<\/p>\n<p>Die Pyren\u00e4en und Aragon haben dir enorm viel zu bieten. Egal ob<br \/>\nGenusskletterer oder Extremer &#8211; hier wird jeder f\u00fcndig. Und das beinahe<br \/>\nunendliche Felsangebot reicht f\u00fcr viele Klettertage und Urlaube. Die Saison<br \/>\nbeginnt zeitig im Fr\u00fchjahr und endet im sp\u00e4ten Herbst. Es gibt nur wenige Tage<br \/>\nim Jahr, an denen man in den Pyren\u00e4en und Aragon nicht klettern kann.<\/p>\n<p>Der neue F\u00fchrer setzt Ma\u00dfst\u00e4be: auf 480 Seiten wurden die besten<br \/>\nSportklettergebiete der Pyren\u00e4en und Aragons zusammengetragen. Die weit \u00fcber<br \/>\n5.300 Routen werden bis auf wenige Ausnahmen in Fototopos dargestellt. Zu<br \/>\njedem Gebiet erh\u00e4lt man in einer Piktogramm best\u00fcckten Kopfleiste alle<br \/>\nwichtigen Infos. Zahlreiche detaillierte Karten in verschiedenen Ma\u00dfst\u00e4ben und<br \/>\n\u00dcbersichtskarten zusammen mit pr\u00e4zisen GPS-Daten erleichtern die Orientierung<br \/>\nerheblich. Der Kletterf\u00fchrer ist Fadengebunden und vierfarbig. Durchgehend<br \/>\ndreisprachig deutsch, spanisch, englisch.<\/p>","protected":false},"excerpt":{"rendered":"<ul>\n<li><a href=\"https:\/\/pizbube.ch\/wp-content\/uploads\/attachments\/a_014\/4F398B9CE9615AA622F21F188B57ADB7.pdf\" target=\"_blank\" rel=\"noopener\">PDF: spanien_pyrenaen_aragon_uebersicht_gebiete<\/a><\/li>\n<\/ul>","protected":false},"featured_media":157883,"template":"","meta":[],"product_brand":[],"product_cat":[21539],"product_tag":[],"class_list":{"0":"post-146977","1":"product","2":"type-product","3":"status-publish","4":"has-post-thumbnail","6":"product_cat-fuehrerliteratur-sportklettern-bouldern","7":"pa_autor-wagenhals","8":"pa_erscheinungsjahr-21621","9":"pa_region-spanien","10":"pa_sprache-de","11":"pa_sprache-en","12":"pa_sprache-es","14":"first","15":"outofstock","16":"taxable","17":"shipping-taxable","18":"purchasable","19":"product-type-simple"},"_links":{"self":[{"href":"https:\/\/pizbube.ch\/en\/wp-json\/wp\/v2\/product\/146977","targetHints":{"allow":["GET"]}}],"collection":[{"href":"https:\/\/pizbube.ch\/en\/wp-json\/wp\/v2\/product"}],"about":[{"href":"https:\/\/pizbube.ch\/en\/wp-json\/wp\/v2\/types\/product"}],"wp:featuredmedia":[{"embeddable":true,"href":"https:\/\/pizbube.ch\/en\/wp-json\/wp\/v2\/media\/157883"}],"wp:attachment":[{"href":"https:\/\/pizbube.ch\/en\/wp-json\/wp\/v2\/media?parent=146977"}],"wp:term":[{"taxonomy":"product_brand","embeddable":true,"href":"https:\/\/pizbube.ch\/en\/wp-json\/wp\/v2\/product_brand?post=146977"},{"taxonomy":"product_cat","embeddable":true,"href":"https:\/\/pizbube.ch\/en\/wp-json\/wp\/v2\/product_cat?post=146977"},{"taxonomy":"product_tag","embeddable":true,"href":"https:\/\/pizbube.ch\/en\/wp-json\/wp\/v2\/product_tag?post=146977"}],"curies":[{"name":"wp","href":"https:\/\/api.w.org\/{rel}","templated":true}]}}