{"id":146978,"date":"2021-01-15T10:54:29","date_gmt":"2021-01-15T10:54:29","guid":{"rendered":"https:\/\/codengine3.ch\/?product=import-placeholder-for-200131"},"modified":"2026-01-27T16:31:34","modified_gmt":"2026-01-27T15:31:34","slug":"ueberlebenskuenstler-50-aussergewoehnliche-alpenpflanzen","status":"publish","type":"product","link":"https:\/\/pizbube.ch\/en\/shop\/ueberlebenskuenstler-50-aussergewoehnliche-alpenpflanzen\/","title":{"rendered":"\u00dcberlebensk\u00fcnstler &#8211; 50 au\u00dfergew\u00f6hnliche Alpenpflanzen"},"content":{"rendered":"<p>Von der Zirbelkiefer bis zum Edelwei\u00df \u2013 50 au\u00dferordentliche Alpenpflanzen.<br \/>\nPflanzen als \u00dcberlebensk\u00fcnstler \u2013 wie die Alpenflora sich an extreme<br \/>\nLebensbedingungen anpasst.<br \/>\nReich illustriert mit hervorragenden Zeichnungen und Fotos.<\/p>\n<p>St\u00fcrmische Winde, starke Sonneneinstrahlung, dicke Schneedecken, Wassermangel,<br \/>\nextreme Temperaturschwankungen \u2013 Pflanzen m\u00fcssen in den Bergen viel aushalten.<\/p>\n<p>Dieses Buch portr\u00e4tiert 50 au\u00dferordentliche Alpenpflanzen und zeigt, wie sich<br \/>\ndiese Arten an ihre Lebensr\u00e4ume perfekt angepasst haben. Sie haben Strategien<br \/>\nentwickelt, um unter harschen Bedingungen zu gedeihen. Mit behaarten oder<br \/>\nfleischigen Bl\u00e4ttern wappnen sie sich gegen Trockenheit, UV-absorbierende<br \/>\nPigmente setzen sie ein wie Sonnencr\u00e8me und eine kompakte Bauweise sch\u00fctzt sie<br \/>\ngegen Winde und K\u00e4lte.<br \/>\nMit spannenden Texten, vielen Fotografien und wundersch\u00f6nen Illustrationen<br \/>\nwerden uns die ausgew\u00e4hlten \u00dcberlebensk\u00fcnstler vorgestellt, und es wird uns<br \/>\nvor Augen gef\u00fchrt, welche bewundernswerten Lebensformen durch den Klimawandel<br \/>\nbedroht sind.<\/p>\n<p>1. Auflage 2019<br \/>\n256 Seiten, 52 Illustrationen und 124 Farbfotos, gebunden, 19,5 x 23,5 cm<\/p>","protected":false},"excerpt":{"rendered":"<p>Von der Zirbelkiefer bis zum Edelwei\u00df \u2013 50 au\u00dferordentliche Alpenpflanzen. Pflanzen als \u00dcberlebensk\u00fcnstler \u2013 wie die Alpenflora sich an extreme Lebensbedingungen anpasst. Reich illustriert mit hervorragenden Zeichnungen und Fotos. St\u00fcrmische Winde, starke Sonneneinstrahlung, dicke Schneedecken, Wassermangel, extreme Temperaturschwankungen \u2013 Pflanzen m\u00fcssen in den Bergen viel aushalten. Dieses Buch portr\u00e4tiert 50 au\u00dferordentliche Alpenpflanzen und zeigt, wie [&#8230;]\n","protected":false},"featured_media":168746,"template":"","meta":[],"product_brand":[],"product_cat":[21542],"product_tag":[],"class_list":{"0":"post-146978","1":"product","2":"type-product","3":"status-publish","4":"has-post-thumbnail","6":"product_cat-sachbuecher-dokumentationen","7":"pa_autor-schauer-caspari","8":"pa_erscheinungsjahr-21586","9":"pa_region-fauna-flora-geologie-glaziologie","10":"pa_sprache-de","12":"first","13":"instock","14":"taxable","15":"shipping-taxable","16":"purchasable","17":"product-type-simple"},"_links":{"self":[{"href":"https:\/\/pizbube.ch\/en\/wp-json\/wp\/v2\/product\/146978","targetHints":{"allow":["GET"]}}],"collection":[{"href":"https:\/\/pizbube.ch\/en\/wp-json\/wp\/v2\/product"}],"about":[{"href":"https:\/\/pizbube.ch\/en\/wp-json\/wp\/v2\/types\/product"}],"wp:featuredmedia":[{"embeddable":true,"href":"https:\/\/pizbube.ch\/en\/wp-json\/wp\/v2\/media\/168746"}],"wp:attachment":[{"href":"https:\/\/pizbube.ch\/en\/wp-json\/wp\/v2\/media?parent=146978"}],"wp:term":[{"taxonomy":"product_brand","embeddable":true,"href":"https:\/\/pizbube.ch\/en\/wp-json\/wp\/v2\/product_brand?post=146978"},{"taxonomy":"product_cat","embeddable":true,"href":"https:\/\/pizbube.ch\/en\/wp-json\/wp\/v2\/product_cat?post=146978"},{"taxonomy":"product_tag","embeddable":true,"href":"https:\/\/pizbube.ch\/en\/wp-json\/wp\/v2\/product_tag?post=146978"}],"curies":[{"name":"wp","href":"https:\/\/api.w.org\/{rel}","templated":true}]}}