{"id":146979,"date":"2021-01-15T10:54:29","date_gmt":"2021-01-15T10:54:29","guid":{"rendered":"https:\/\/codengine3.ch\/?product=import-placeholder-for-201286"},"modified":"2022-04-27T14:21:47","modified_gmt":"2022-04-27T12:21:47","slug":"flora-helvetica-illustrierte-flora-der-schweiz","status":"publish","type":"product","link":"https:\/\/pizbube.ch\/en\/shop\/flora-helvetica-illustrierte-flora-der-schweiz\/","title":{"rendered":"Flora Helvetica &#8211; Illustrierte Flora der Schweiz"},"content":{"rendered":"<p>Das Standardwerk zur Schweizer Flora in \u00fcberarbeiteter Neuauflage: \u00fcber 50\u2018000<br \/>\nverkaufte Exemplare.<\/p>\n<p>Alle in der Schweiz wild wachsenden Bl\u00fcten- und Farnpflanzen mit Farbfotos<br \/>\nabgebildet und botanisch genau beschrieben.<br \/>\nNeu: mehr Neophyten, Nomenklatur nach Checkliste Info Flora.<\/p>\n<p>Seit mehr als 20 Jahren ist die \u00abFlora Helvetica\u00bb das Standardwerk zur Botanik<br \/>\nder Schweiz. Obwohl wissenschaftlich aufgebaut und an den APG-Standard<br \/>\nangepasst, wird das Werk auch den Anspr\u00fcchen weniger geschulter<br \/>\nPflanzenfreunde gerecht.<\/p>\n<p>Praktisch alle in der Schweiz wild wachsenden Bl\u00fcten- und Farnpflanzen werden<br \/>\n\u2013 jede Art einzeln \u2013 durch ein oder zwei hervorragende Farbfotos abgebildet<br \/>\nund durch einen genauen Text beschrieben. Die Artbeschreibung enth\u00e4lt den<br \/>\nwissenschaftlichen, deutschen, franz\u00f6sischen, italienischen und<br \/>\nr\u00e4toromanischen Namen, die wichtigsten Merkmale, die \u00f6kologischen Anspr\u00fcche,<br \/>\ndie H\u00e4ufigkeit und das Vorkommen in der Schweiz sowie weitere Informationen<br \/>\nwie Gef\u00e4hrdungsgrad, Giftigkeit, pharmazeutische Anwendung, gesetzlichen<br \/>\nSchutz u.a..<\/p>\n<p>Die 6. Auflage wurde erneut komplett \u00fcberarbeitet: Die Artenauswahl<br \/>\nber\u00fccksichtigt mehr Neophyten, die Pflanzennamen richten sich nach der<br \/>\nneuesten Checklist von Info Flora 2017 und alle Verbreitungskarten wurden<br \/>\naktualisiert.<\/p>","protected":false},"excerpt":{"rendered":"<p>Das Standardwerk zur Schweizer Flora in \u00fcberarbeiteter Neuauflage: \u00fcber 50\u2018000 verkaufte Exemplare. Alle in der Schweiz wild wachsenden Bl\u00fcten- und Farnpflanzen mit Farbfotos abgebildet und botanisch genau beschrieben. Neu: mehr Neophyten, Nomenklatur nach Checkliste Info Flora. Seit mehr als 20 Jahren ist die \u00abFlora Helvetica\u00bb das Standardwerk zur Botanik der Schweiz. Obwohl wissenschaftlich aufgebaut und [&#8230;]\n","protected":false},"featured_media":161671,"template":"","meta":[],"product_brand":[],"product_cat":[21538],"product_tag":[],"class_list":{"0":"post-146979","1":"product","2":"type-product","3":"status-publish","4":"has-post-thumbnail","6":"product_cat-lehrbuecher","7":"pa_autor-lauber-wagner","8":"pa_erscheinungsjahr-21546","9":"pa_region-fauna-flora-geologie-glaziologie","10":"pa_sprache-de","12":"first","13":"instock","14":"taxable","15":"shipping-taxable","16":"purchasable","17":"product-type-simple"},"_links":{"self":[{"href":"https:\/\/pizbube.ch\/en\/wp-json\/wp\/v2\/product\/146979","targetHints":{"allow":["GET"]}}],"collection":[{"href":"https:\/\/pizbube.ch\/en\/wp-json\/wp\/v2\/product"}],"about":[{"href":"https:\/\/pizbube.ch\/en\/wp-json\/wp\/v2\/types\/product"}],"wp:featuredmedia":[{"embeddable":true,"href":"https:\/\/pizbube.ch\/en\/wp-json\/wp\/v2\/media\/161671"}],"wp:attachment":[{"href":"https:\/\/pizbube.ch\/en\/wp-json\/wp\/v2\/media?parent=146979"}],"wp:term":[{"taxonomy":"product_brand","embeddable":true,"href":"https:\/\/pizbube.ch\/en\/wp-json\/wp\/v2\/product_brand?post=146979"},{"taxonomy":"product_cat","embeddable":true,"href":"https:\/\/pizbube.ch\/en\/wp-json\/wp\/v2\/product_cat?post=146979"},{"taxonomy":"product_tag","embeddable":true,"href":"https:\/\/pizbube.ch\/en\/wp-json\/wp\/v2\/product_tag?post=146979"}],"curies":[{"name":"wp","href":"https:\/\/api.w.org\/{rel}","templated":true}]}}