{"id":146981,"date":"2021-01-15T10:54:29","date_gmt":"2021-01-15T10:54:29","guid":{"rendered":"https:\/\/codengine3.ch\/?product=import-placeholder-for-205450"},"modified":"2022-11-04T10:02:49","modified_gmt":"2022-11-04T09:02:49","slug":"alpenpflanzen-in-ihren-lebensraeumen","status":"publish","type":"product","link":"https:\/\/pizbube.ch\/en\/shop\/alpenpflanzen-in-ihren-lebensraeumen\/","title":{"rendered":"Alpenpflanzen in ihren Lebensr\u00e4umen"},"content":{"rendered":"<p>Ein Bestimmungsbuch<\/p>\n<p>Die Wanderung f\u00fchrt den Bach entlang, durch einen Bergmischwald, \u00fcber eine<br \/>\nalpine Rasenfl\u00e4che bis hoch in die Felsen. Wir durchqueren dabei verschiedene<br \/>\nbotanische Lebensr\u00e4ume, in denen sich die einen Pflanzen wohl f\u00fchlen und<br \/>\ngedeihen, w\u00e4hrend sie f\u00fcr andere Arten v\u00f6llig ungeeignet sind.<br \/>\n&#8218;Alpenpflanzen in ihren Lebensr\u00e4umen&#8216; bietet einen ungew\u00f6hnlichen Einstieg in<br \/>\ndie Welt der Pflanzen &#8211; wir lernen die Landschaft lesen, die botanischen<br \/>\nLebensr\u00e4ume kennen und haben damit einen neuen Bestimmungsschl\u00fcssel f\u00fcr die<br \/>\neinzelnen Arten in der Hand.<\/p>\n<p>Nach einer Einf\u00fchrung in die Geologie und Vegetation des Alpenraumes stellt<br \/>\nder Autor 18 wichtige Lebensr\u00e4ume mit mehr als 480 Alpenpflanzen vor.<br \/>\nDieses Buch ist eine einzigartige Schule des Sehens und f\u00fcr alle<br \/>\nPflanzenfreunde und Einsteiger in die Welt der Botanik ein unentbehrlicher<br \/>\nBegleiter auf ihren Erkundungstouren durch die Alpenregionen Mitteleuropas.<\/p>\n<p>2. Auflage2017<br \/>\n480 Seiten \/ \u00fcber 850 Farbabb., ca. 30 Grafiken<\/p>","protected":false},"excerpt":{"rendered":"<p>Ein Bestimmungsbuch Die Wanderung f\u00fchrt den Bach entlang, durch einen Bergmischwald, \u00fcber eine alpine Rasenfl\u00e4che bis hoch in die Felsen. Wir durchqueren dabei verschiedene botanische Lebensr\u00e4ume, in denen sich die einen Pflanzen wohl f\u00fchlen und gedeihen, w\u00e4hrend sie f\u00fcr andere Arten v\u00f6llig ungeeignet sind. &#8218;Alpenpflanzen in ihren Lebensr\u00e4umen&#8216; bietet einen ungew\u00f6hnlichen Einstieg in die Welt [&#8230;]\n","protected":false},"featured_media":164301,"template":"","meta":[],"product_brand":[],"product_cat":[21542],"product_tag":[],"class_list":{"0":"post-146981","1":"product","2":"type-product","3":"status-publish","4":"has-post-thumbnail","6":"product_cat-sachbuecher-dokumentationen","7":"pa_autor-mertz","8":"pa_erscheinungsjahr-21574","9":"pa_region-schweiz","10":"pa_sprache-de","12":"first","13":"instock","14":"taxable","15":"shipping-taxable","16":"purchasable","17":"product-type-simple"},"_links":{"self":[{"href":"https:\/\/pizbube.ch\/en\/wp-json\/wp\/v2\/product\/146981","targetHints":{"allow":["GET"]}}],"collection":[{"href":"https:\/\/pizbube.ch\/en\/wp-json\/wp\/v2\/product"}],"about":[{"href":"https:\/\/pizbube.ch\/en\/wp-json\/wp\/v2\/types\/product"}],"wp:featuredmedia":[{"embeddable":true,"href":"https:\/\/pizbube.ch\/en\/wp-json\/wp\/v2\/media\/164301"}],"wp:attachment":[{"href":"https:\/\/pizbube.ch\/en\/wp-json\/wp\/v2\/media?parent=146981"}],"wp:term":[{"taxonomy":"product_brand","embeddable":true,"href":"https:\/\/pizbube.ch\/en\/wp-json\/wp\/v2\/product_brand?post=146981"},{"taxonomy":"product_cat","embeddable":true,"href":"https:\/\/pizbube.ch\/en\/wp-json\/wp\/v2\/product_cat?post=146981"},{"taxonomy":"product_tag","embeddable":true,"href":"https:\/\/pizbube.ch\/en\/wp-json\/wp\/v2\/product_tag?post=146981"}],"curies":[{"name":"wp","href":"https:\/\/api.w.org\/{rel}","templated":true}]}}