{"id":146983,"date":"2021-01-15T10:54:29","date_gmt":"2021-01-15T10:54:29","guid":{"rendered":"https:\/\/codengine3.ch\/?product=import-placeholder-for-200506"},"modified":"2026-02-25T09:19:15","modified_gmt":"2026-02-25T08:19:15","slug":"dort-oben-sehe-ich-euch-wachsen","status":"publish","type":"product","link":"https:\/\/pizbube.ch\/en\/shop\/dort-oben-sehe-ich-euch-wachsen\/","title":{"rendered":"Dort oben sehe ich euch wachsen"},"content":{"rendered":"<p>Heilkr\u00e4uter aus den Bergen &#8211; finden und anwenden<\/p>\n<p>Liesa Rechenburg hat, begleitet von dem \u00fcber achtzigj\u00e4hrigen Kr\u00e4uterguru<br \/>\nKamillus Kratzer, das jahrhundertealte Wissen rund um die Wirkung dieser<br \/>\nwilden Pflanzen versammelt und es durch neue Bestimmungsanleitungen und<br \/>\nRezepte wieder (er)lebbar gemacht \u2013 das Motto: uns selbst helfen zu lernen,<br \/>\nohne der Natur zu schaden.<\/p>\n<p>Seien Sie gefasst: Tauchen Sie einmal in die Wunderwelt der Kr\u00e4uter ein,<br \/>\nkommen Sie davon nicht mehr so schnell los. Das Suchen und Sammeln, das<br \/>\nZubereiten und Staunen l\u00e4sst uns einen Gang zur\u00fcckschalten, langsamer werden.<br \/>\nDie Berge sind ein Sehnsuchtsort und die Pflanzen, die dort oben wachsen und<br \/>\nden Naturgewalten trotzen, ungeahnt heilkr\u00e4ftig und stark. Wildkr\u00e4uter<br \/>\nenthalten schlie\u00dflich wesentlich mehr sekund\u00e4re Pflanzenstoffe als ihre<br \/>\ngeb\u00e4ndigten Kollegen.<\/p>\n<p>In 30 au\u00dfergew\u00f6hnlichen Kr\u00e4utersortenportr\u00e4ts wird deutlich, dass uns<br \/>\nBergweiden alle Zutaten schenken, um gesund zu werden, zu bleiben und uns in<br \/>\nunserer Haut wohlzuf\u00fchlen. Aber nicht nur Kr\u00e4uter wie die Arnika, Schafgarbe<br \/>\noder Brennnessel f\u00fcllen unser Medizinschr\u00e4nkchen, auch stolze B\u00e4ume, wie<br \/>\nL\u00e4rchen und Fichten, und bunte Johannis-, Vogel- oder Holunderbeeren lassen<br \/>\nsich zu Tinkturen und Tees, Salben und Cremes verarbeiten.<\/p>\n<p>Nachhaltiges Kr\u00e4uterpfl\u00fccken ist dabei Grundvoraussetzung \u2013 und dass wir die<br \/>\nselbstgemachten Produkte in wiederverwendbare D\u00f6schen und Gl\u00e4ser f\u00fcllen, l\u00e4sst<br \/>\ndie Natur aufatmen.<\/p>","protected":false},"excerpt":{"rendered":"<p>Heilkr\u00e4uter aus den Bergen &#8211; finden und anwenden Liesa Rechenburg hat, begleitet von dem \u00fcber achtzigj\u00e4hrigen Kr\u00e4uterguru Kamillus Kratzer, das jahrhundertealte Wissen rund um die Wirkung dieser wilden Pflanzen versammelt und es durch neue Bestimmungsanleitungen und Rezepte wieder (er)lebbar gemacht \u2013 das Motto: uns selbst helfen zu lernen, ohne der Natur zu schaden. Seien Sie [&#8230;]\n","protected":false},"featured_media":183283,"template":"","meta":[],"product_brand":[],"product_cat":[21542],"product_tag":[],"class_list":{"0":"post-146983","1":"product","2":"type-product","3":"status-publish","4":"has-post-thumbnail","6":"product_cat-sachbuecher-dokumentationen","7":"pa_autor-rechenburg","8":"pa_erscheinungsjahr-21586","9":"pa_region-fauna-flora-geologie-glaziologie","10":"pa_sprache-de","12":"first","13":"instock","14":"taxable","15":"shipping-taxable","16":"purchasable","17":"product-type-simple"},"_links":{"self":[{"href":"https:\/\/pizbube.ch\/en\/wp-json\/wp\/v2\/product\/146983","targetHints":{"allow":["GET"]}}],"collection":[{"href":"https:\/\/pizbube.ch\/en\/wp-json\/wp\/v2\/product"}],"about":[{"href":"https:\/\/pizbube.ch\/en\/wp-json\/wp\/v2\/types\/product"}],"wp:featuredmedia":[{"embeddable":true,"href":"https:\/\/pizbube.ch\/en\/wp-json\/wp\/v2\/media\/183283"}],"wp:attachment":[{"href":"https:\/\/pizbube.ch\/en\/wp-json\/wp\/v2\/media?parent=146983"}],"wp:term":[{"taxonomy":"product_brand","embeddable":true,"href":"https:\/\/pizbube.ch\/en\/wp-json\/wp\/v2\/product_brand?post=146983"},{"taxonomy":"product_cat","embeddable":true,"href":"https:\/\/pizbube.ch\/en\/wp-json\/wp\/v2\/product_cat?post=146983"},{"taxonomy":"product_tag","embeddable":true,"href":"https:\/\/pizbube.ch\/en\/wp-json\/wp\/v2\/product_tag?post=146983"}],"curies":[{"name":"wp","href":"https:\/\/api.w.org\/{rel}","templated":true}]}}