{"id":146984,"date":"2021-01-15T10:54:29","date_gmt":"2021-01-15T10:54:29","guid":{"rendered":"https:\/\/codengine3.ch\/?product=import-placeholder-for-204645"},"modified":"2024-03-01T14:09:27","modified_gmt":"2024-03-01T13:09:27","slug":"aromatische-bergkraeuter","status":"publish","type":"product","link":"https:\/\/pizbube.ch\/en\/shop\/aromatische-bergkraeuter\/","title":{"rendered":"Aromatische Bergkr\u00e4uter"},"content":{"rendered":"<p>F\u00fcr die Naturk\u00fcche sammeln und zubereiten<\/p>\n<p>In den Bergen begegnen uns viele heimische Pflanzen, die nicht nur sch\u00f6n<br \/>\nanzuschauen sind, sondern durch ihr intensives Aroma bestechen und damit<br \/>\nunsere K\u00fcche bereichern k\u00f6nnen. Aus dem gro\u00dfen Schatz der Natur haben die<br \/>\nAutoren 83 aromatische Bergkr\u00e4uter ausgew\u00e4hlt, die h\u00e4ufig vorkommen und leicht<br \/>\nzu bestimmen sind.<\/p>\n<p>Sie beschreiben die wichtigen Merkmale sowie die Geruchs- und<br \/>\nGeschmackseigenschaften der Pflanzen und informieren \u00fcber die<br \/>\nVerwendungsm\u00f6glichkeiten in der Naturk\u00fcche.<\/p>\n<p>Dazu passend haben K\u00f6chinnen und K\u00f6che 50 originelle Rezepte mit aromatischen<br \/>\nBergkr\u00e4utern kreiert, die einfach nachzukochen sind: von kleinen Vorspeisen,<br \/>\nnahrhaften Suppen \u00fcber gesunde Salate und herzhafte Fleischgerichte bis zu<br \/>\nraffinierten Desserts<\/p>\n<p>1. Auflage 2017; 224 Seiten, 257 Fotos, 58 Tabellen, Klappenbroschur, 15,5 x<br \/>\n22,5 cm.<\/p>","protected":false},"excerpt":{"rendered":"<ul>\n<li><strong><a href=\"https:\/\/pizbube.ch\/wp-content\/uploads\/attachments\/a_015\/593A334BA51C045895FDB091D9542313.pdf\" target=\"_blank\" rel=\"noopener\">PDF: Inhaltsverzeichnis Aromatische Bergkr\u00e4uter<\/a><\/strong><\/li>\n<\/ul>","protected":false},"featured_media":32881,"template":"","meta":[],"product_brand":[],"product_cat":[21542],"product_tag":[],"class_list":{"0":"post-146984","1":"product","2":"type-product","3":"status-publish","4":"has-post-thumbnail","6":"product_cat-sachbuecher-dokumentationen","7":"pa_autor-pfister-auf-der-maur","8":"pa_erscheinungsjahr-21574","9":"pa_region-schweiz","10":"pa_sprache-de","12":"first","13":"instock","14":"taxable","15":"shipping-taxable","16":"purchasable","17":"product-type-simple"},"_links":{"self":[{"href":"https:\/\/pizbube.ch\/en\/wp-json\/wp\/v2\/product\/146984","targetHints":{"allow":["GET"]}}],"collection":[{"href":"https:\/\/pizbube.ch\/en\/wp-json\/wp\/v2\/product"}],"about":[{"href":"https:\/\/pizbube.ch\/en\/wp-json\/wp\/v2\/types\/product"}],"wp:featuredmedia":[{"embeddable":true,"href":"https:\/\/pizbube.ch\/en\/wp-json\/wp\/v2\/media\/32881"}],"wp:attachment":[{"href":"https:\/\/pizbube.ch\/en\/wp-json\/wp\/v2\/media?parent=146984"}],"wp:term":[{"taxonomy":"product_brand","embeddable":true,"href":"https:\/\/pizbube.ch\/en\/wp-json\/wp\/v2\/product_brand?post=146984"},{"taxonomy":"product_cat","embeddable":true,"href":"https:\/\/pizbube.ch\/en\/wp-json\/wp\/v2\/product_cat?post=146984"},{"taxonomy":"product_tag","embeddable":true,"href":"https:\/\/pizbube.ch\/en\/wp-json\/wp\/v2\/product_tag?post=146984"}],"curies":[{"name":"wp","href":"https:\/\/api.w.org\/{rel}","templated":true}]}}