{"id":146985,"date":"2021-01-15T10:54:29","date_gmt":"2021-01-15T10:54:29","guid":{"rendered":"https:\/\/codengine3.ch\/?product=import-placeholder-for-203001"},"modified":"2021-01-15T12:53:10","modified_gmt":"2021-01-15T12:53:10","slug":"pedriza-guia-de-escalada-deportiva","status":"publish","type":"product","link":"https:\/\/pizbube.ch\/en\/shop\/pedriza-guia-de-escalada-deportiva\/","title":{"rendered":"Pedriza Gu\u00eda de escalada deportiva"},"content":{"rendered":"<p>Esta gu\u00eda incluye una complet\u00edsima selecci\u00f3n de m\u00e1s de 450 v\u00edas, bastantes de<br \/>\nellas nuevas, equipadas especialmente para esta gu\u00eda (otras reequipadas) y<br \/>\nmuchas no publicadas, como para dar a conocer perfectamente esta escuela de<br \/>\nescalada.  <\/p>","protected":false},"excerpt":{"rendered":"<p>Esta gu\u00eda incluye una complet\u00edsima selecci\u00f3n de m\u00e1s de 450 v\u00edas, bastantes de ellas nuevas, equipadas especialmente para esta gu\u00eda (otras reequipadas) y muchas no publicadas, como para dar a conocer perfectamente esta escuela de escalada.<\/p>","protected":false},"featured_media":30506,"template":"","meta":[],"product_brand":[],"product_cat":[21539],"product_tag":[],"class_list":{"0":"post-146985","1":"product","2":"type-product","3":"status-publish","4":"has-post-thumbnail","6":"product_cat-fuehrerliteratur-sportklettern-bouldern","7":"pa_autor-santamaria","8":"pa_erscheinungsjahr-22292","9":"pa_region-spanien","10":"pa_sprache-sp","12":"first","13":"instock","14":"taxable","15":"shipping-taxable","16":"purchasable","17":"product-type-simple"},"_links":{"self":[{"href":"https:\/\/pizbube.ch\/en\/wp-json\/wp\/v2\/product\/146985","targetHints":{"allow":["GET"]}}],"collection":[{"href":"https:\/\/pizbube.ch\/en\/wp-json\/wp\/v2\/product"}],"about":[{"href":"https:\/\/pizbube.ch\/en\/wp-json\/wp\/v2\/types\/product"}],"wp:featuredmedia":[{"embeddable":true,"href":"https:\/\/pizbube.ch\/en\/wp-json\/wp\/v2\/media\/30506"}],"wp:attachment":[{"href":"https:\/\/pizbube.ch\/en\/wp-json\/wp\/v2\/media?parent=146985"}],"wp:term":[{"taxonomy":"product_brand","embeddable":true,"href":"https:\/\/pizbube.ch\/en\/wp-json\/wp\/v2\/product_brand?post=146985"},{"taxonomy":"product_cat","embeddable":true,"href":"https:\/\/pizbube.ch\/en\/wp-json\/wp\/v2\/product_cat?post=146985"},{"taxonomy":"product_tag","embeddable":true,"href":"https:\/\/pizbube.ch\/en\/wp-json\/wp\/v2\/product_tag?post=146985"}],"curies":[{"name":"wp","href":"https:\/\/api.w.org\/{rel}","templated":true}]}}