{"id":146988,"date":"2021-01-15T10:54:29","date_gmt":"2021-01-15T10:54:29","guid":{"rendered":"https:\/\/codengine3.ch\/?product=import-placeholder-for-204528"},"modified":"2021-06-01T08:52:49","modified_gmt":"2021-06-01T06:52:49","slug":"la-pedriza-posterior","status":"publish","type":"product","link":"https:\/\/pizbube.ch\/en\/shop\/la-pedriza-posterior\/","title":{"rendered":"La Pedriza Posterior"},"content":{"rendered":"<p>Tienes en tus manos la \u00fanica y m\u00e1s completa gu\u00eda de escalada de La Pedriza<br \/>\nPosterior donde encontrar\u00e1s toda la informaci\u00f3n de todas las v\u00edas que recorren<br \/>\nsus 135 riscos.<\/p>\n<p>Esta zona es la de mayor potencial de toda La Pedriza y sobre la que se<br \/>\ndispon\u00eda de una informaci\u00f3n dispar y un tanto confusa. Ahora, y gracias al<br \/>\nminucioso y arduo trabajo de Juan Carlos Guichot Papila y Ana Lliso J\u00faper, ya<br \/>\npodemos explorar todas las v\u00edas que nos ofrece La Pedriza Posterior: v\u00edas<br \/>\ntotalmente limpias, equipadas, semiequipadas, artificiales, de varios<br \/>\nlargos&#8230; En definitiva, un sinf\u00edn de posibilidades y modalidades para escalar<br \/>\na muchas cumbres impresionantes, y sentir la soledad y la aventura.<\/p>\n<p>Adem\u00e1s, aunque no forman parte de La Pedriza Posterior, los autores han<br \/>\nquerido incluir en la gu\u00eda otros riscos emblem\u00e1ticos como El Pan de Kilo y una<br \/>\nselecci\u00f3n de v\u00edas de la cara Norte y Sur del Yelmo.<\/p>","protected":false},"excerpt":{"rendered":"<p>Tienes en tus manos la \u00fanica y m\u00e1s completa gu\u00eda de escalada de La Pedriza Posterior donde encontrar\u00e1s toda la informaci\u00f3n de todas las v\u00edas que recorren sus 135 riscos. Esta zona es la de mayor potencial de toda La Pedriza y sobre la que se dispon\u00eda de una informaci\u00f3n dispar y un tanto confusa. [&#8230;]\n","protected":false},"featured_media":32576,"template":"","meta":[],"product_brand":[],"product_cat":[21539],"product_tag":[],"class_list":{"0":"post-146988","1":"product","2":"type-product","3":"status-publish","4":"has-post-thumbnail","6":"product_cat-fuehrerliteratur-sportklettern-bouldern","7":"pa_autor-juper-papila","8":"pa_erscheinungsjahr-21546","9":"pa_region-spanien","10":"pa_sprache-es","12":"first","13":"onbackorder","14":"taxable","15":"shipping-taxable","16":"purchasable","17":"product-type-simple"},"_links":{"self":[{"href":"https:\/\/pizbube.ch\/en\/wp-json\/wp\/v2\/product\/146988","targetHints":{"allow":["GET"]}}],"collection":[{"href":"https:\/\/pizbube.ch\/en\/wp-json\/wp\/v2\/product"}],"about":[{"href":"https:\/\/pizbube.ch\/en\/wp-json\/wp\/v2\/types\/product"}],"wp:featuredmedia":[{"embeddable":true,"href":"https:\/\/pizbube.ch\/en\/wp-json\/wp\/v2\/media\/32576"}],"wp:attachment":[{"href":"https:\/\/pizbube.ch\/en\/wp-json\/wp\/v2\/media?parent=146988"}],"wp:term":[{"taxonomy":"product_brand","embeddable":true,"href":"https:\/\/pizbube.ch\/en\/wp-json\/wp\/v2\/product_brand?post=146988"},{"taxonomy":"product_cat","embeddable":true,"href":"https:\/\/pizbube.ch\/en\/wp-json\/wp\/v2\/product_cat?post=146988"},{"taxonomy":"product_tag","embeddable":true,"href":"https:\/\/pizbube.ch\/en\/wp-json\/wp\/v2\/product_tag?post=146988"}],"curies":[{"name":"wp","href":"https:\/\/api.w.org\/{rel}","templated":true}]}}