{"id":146990,"date":"2021-01-15T10:54:29","date_gmt":"2021-01-15T10:54:29","guid":{"rendered":"https:\/\/codengine3.ch\/?product=import-placeholder-for-207500"},"modified":"2024-02-14T17:30:52","modified_gmt":"2024-02-14T16:30:52","slug":"la-pedriza-escalada-deportiva","status":"publish","type":"product","link":"https:\/\/pizbube.ch\/en\/shop\/la-pedriza-escalada-deportiva\/","title":{"rendered":"La Pedriza &#8211; Escalada Deportiva"},"content":{"rendered":"<p>En esta nueva gu\u00eda que corrige, aumenta y mejora sustancialmente la \u00faltima<br \/>\nedici\u00f3n, Luis Santamar\u00eda muestra (con casi 1.000 v\u00edas) la mayor\u00eda de<br \/>\nitinerarios de escalada deportiva que hay en La Pedriza y que deber\u00edan<br \/>\nconvivir amigablemente con las v\u00edas cl\u00e1sicas, artificiales, expuestas o sin<br \/>\nequipar, que existen en estos bellos parajes gran\u00edticos.<\/p>\n<p>La gran mayor\u00eda de las v\u00edas han sido definidas por escaladores locales o<br \/>\npedriceros, y prevalece en la gu\u00eda el sentido pr\u00e1ctico y de m\u00e1s inter\u00e9s para el posible escalador.<\/p>\n<p>This is the 3rd revised edition of the popular Spanish Destination 60 kms north of Madrid.<br \/>\nThe rock is smooth and the run outs long. Featuring 963 routes withcolour topos and maps<\/p>\n<p>Spanish language throughout.<\/p>","protected":false},"excerpt":{"rendered":"<p>En esta nueva gu\u00eda que corrige, aumenta y mejora sustancialmente la \u00faltima edici\u00f3n, Luis Santamar\u00eda muestra (con casi 1.000 v\u00edas) la mayor\u00eda de itinerarios de escalada deportiva que hay en La Pedriza y que deber\u00edan convivir amigablemente con las v\u00edas cl\u00e1sicas, artificiales, expuestas o sin equipar, que existen en estos bellos parajes gran\u00edticos. La gran [&#8230;]\n","protected":false},"featured_media":171592,"template":"","meta":[],"product_brand":[],"product_cat":[21539],"product_tag":[],"class_list":{"0":"post-146990","1":"product","2":"type-product","3":"status-publish","4":"has-post-thumbnail","6":"product_cat-fuehrerliteratur-sportklettern-bouldern","7":"pa_autor-santamaria-navarrete","8":"pa_erscheinungsjahr-27013","9":"pa_region-spanien","10":"pa_sprache-es","12":"first","13":"instock","14":"taxable","15":"shipping-taxable","16":"purchasable","17":"product-type-simple"},"_links":{"self":[{"href":"https:\/\/pizbube.ch\/en\/wp-json\/wp\/v2\/product\/146990","targetHints":{"allow":["GET"]}}],"collection":[{"href":"https:\/\/pizbube.ch\/en\/wp-json\/wp\/v2\/product"}],"about":[{"href":"https:\/\/pizbube.ch\/en\/wp-json\/wp\/v2\/types\/product"}],"wp:featuredmedia":[{"embeddable":true,"href":"https:\/\/pizbube.ch\/en\/wp-json\/wp\/v2\/media\/171592"}],"wp:attachment":[{"href":"https:\/\/pizbube.ch\/en\/wp-json\/wp\/v2\/media?parent=146990"}],"wp:term":[{"taxonomy":"product_brand","embeddable":true,"href":"https:\/\/pizbube.ch\/en\/wp-json\/wp\/v2\/product_brand?post=146990"},{"taxonomy":"product_cat","embeddable":true,"href":"https:\/\/pizbube.ch\/en\/wp-json\/wp\/v2\/product_cat?post=146990"},{"taxonomy":"product_tag","embeddable":true,"href":"https:\/\/pizbube.ch\/en\/wp-json\/wp\/v2\/product_tag?post=146990"}],"curies":[{"name":"wp","href":"https:\/\/api.w.org\/{rel}","templated":true}]}}