{"id":146992,"date":"2021-01-15T10:54:29","date_gmt":"2021-01-15T10:54:29","guid":{"rendered":"https:\/\/codengine3.ch\/?product=import-placeholder-for-207966"},"modified":"2021-01-15T17:48:41","modified_gmt":"2021-01-15T17:48:41","slug":"la-pedriza-guia-de-bloque","status":"publish","type":"product","link":"https:\/\/pizbube.ch\/en\/shop\/la-pedriza-guia-de-bloque\/","title":{"rendered":"La Pedriza &#8211; Gu\u00eda de bloque"},"content":{"rendered":"<p>Nueva gu\u00eda de bloque de La Pedriza (Madrid), con 540 p\u00e1ginas a todo color,<br \/>\n1407 bloques con sus l\u00edneas marcadas, 26 sectores, como llegar a cada sector<br \/>\ndetallado con fotograf\u00edas del camino a seguir desde el pueblo hasta los<br \/>\nprimeros bloques de cada sector, mapas con fotograf\u00edas de referencia y con la<br \/>\nparticipaci\u00f3n de la mayor\u00eda de los escaladores locales profesionales.<\/p>\n<p>Los 26 sectores incluidos aparecen divididos en 4 zonas de acceso: desde<br \/>\nQuebrantaherraduras, desde Cantocochino, desde El Tranco, y desde Manzanares.<\/p>\n<p>Esta gu\u00eda cuenta con un apoyo visual inmejorable, con fotograf\u00edas de los<br \/>\nmejores bloques de La Pedriza, en su mayor\u00eda con los escaladores que limpiaron<br \/>\no abrieron los bloques. La gu\u00eda ha sido realizada mano a mano con Oscar<br \/>\nMart\u00ednez y Carlos Ruano, qui\u00e9nes adem\u00e1s de corregir y revisar todos los<br \/>\nnombres, l\u00edneas y grados tambi\u00e9n han colaborado con algunos textos.<\/p>","protected":false},"excerpt":{"rendered":"<p>Nueva gu\u00eda de bloque de La Pedriza (Madrid), con 540 p\u00e1ginas a todo color, 1407 bloques con sus l\u00edneas marcadas, 26 sectores, como llegar a cada sector detallado con fotograf\u00edas del camino a seguir desde el pueblo hasta los primeros bloques de cada sector, mapas con fotograf\u00edas de referencia y con la participaci\u00f3n de la [&#8230;]\n","protected":false},"featured_media":38965,"template":"","meta":[],"product_brand":[],"product_cat":[21539],"product_tag":[],"class_list":{"0":"post-146992","1":"product","2":"type-product","3":"status-publish","4":"has-post-thumbnail","6":"product_cat-fuehrerliteratur-sportklettern-bouldern","7":"pa_autor-sanchez","8":"pa_erscheinungsjahr-21574","9":"pa_region-spanien","10":"pa_sprache-es","12":"first","13":"instock","14":"taxable","15":"shipping-taxable","16":"purchasable","17":"product-type-simple"},"_links":{"self":[{"href":"https:\/\/pizbube.ch\/en\/wp-json\/wp\/v2\/product\/146992","targetHints":{"allow":["GET"]}}],"collection":[{"href":"https:\/\/pizbube.ch\/en\/wp-json\/wp\/v2\/product"}],"about":[{"href":"https:\/\/pizbube.ch\/en\/wp-json\/wp\/v2\/types\/product"}],"wp:featuredmedia":[{"embeddable":true,"href":"https:\/\/pizbube.ch\/en\/wp-json\/wp\/v2\/media\/38965"}],"wp:attachment":[{"href":"https:\/\/pizbube.ch\/en\/wp-json\/wp\/v2\/media?parent=146992"}],"wp:term":[{"taxonomy":"product_brand","embeddable":true,"href":"https:\/\/pizbube.ch\/en\/wp-json\/wp\/v2\/product_brand?post=146992"},{"taxonomy":"product_cat","embeddable":true,"href":"https:\/\/pizbube.ch\/en\/wp-json\/wp\/v2\/product_cat?post=146992"},{"taxonomy":"product_tag","embeddable":true,"href":"https:\/\/pizbube.ch\/en\/wp-json\/wp\/v2\/product_tag?post=146992"}],"curies":[{"name":"wp","href":"https:\/\/api.w.org\/{rel}","templated":true}]}}