{"id":146998,"date":"2021-01-15T10:54:29","date_gmt":"2021-01-15T10:54:29","guid":{"rendered":"https:\/\/codengine3.ch\/?product=import-placeholder-for-205928"},"modified":"2021-01-15T14:45:00","modified_gmt":"2021-01-15T14:45:00","slug":"la-vallee-blanche-plus-beau-hors-piste-du-monde","status":"publish","type":"product","link":"https:\/\/pizbube.ch\/en\/shop\/la-vallee-blanche-plus-beau-hors-piste-du-monde\/","title":{"rendered":"La vall\u00e9e Blanche &#8211; plus beau hors-piste du monde"},"content":{"rendered":"<p>Apoth\u00e9ose d&#8217;un s\u00e9jour de ski \u00e0 Chamonix, la vall\u00e9e Blanche est l&#8217;un des plus<br \/>\nbeaux hors-pistes du monde. C&#8217;est \u00e9galement la plus longue descente \u00e0 ski<br \/>\ndepuis une remont\u00e9e m\u00e9canique (le t\u00e9l\u00e9ph\u00e9rique de l&#8217;aiguille du Midi).<br \/>\nFran\u00e7ois Damilano, guide de haute montagne, donne ici les clefs de ce<br \/>\nmagnifique itin\u00e9raire en le repla\u00e7ant dans sa dimension alpine : historique,<br \/>\npr\u00e9sentation du ski sur glacier, m\u00e9t\u00e9orologie, probl\u00e9matique de l&#8217;altitude,<br \/>\n\u00e9quipement.  <\/p>\n<p>Ce livre pr\u00e9sente les six descentes \u00e0 ski les plus classiques du grand bassin<br \/>\nglaciaire de la vall\u00e9e Blanche et de la mer de Glace :<br \/>\n&#8211; vall\u00e9e Blanche classique,<br \/>\n&#8211; vall\u00e9e Blanche des Anciens,<br \/>\n&#8211; Petit Envers,<br \/>\n&#8211; Grand Envers,<br \/>\n&#8211; combe de la Vierge,<br \/>\n&#8211; glacier de Toule.<\/p>","protected":false},"excerpt":{"rendered":"<p>Apoth\u00e9ose d&#8217;un s\u00e9jour de ski \u00e0 Chamonix, la vall\u00e9e Blanche est l&#8217;un des plus beaux hors-pistes du monde. C&#8217;est \u00e9galement la plus longue descente \u00e0 ski depuis une remont\u00e9e m\u00e9canique (le t\u00e9l\u00e9ph\u00e9rique de l&#8217;aiguille du Midi). Fran\u00e7ois Damilano, guide de haute montagne, donne ici les clefs de ce magnifique itin\u00e9raire en le repla\u00e7ant dans sa [&#8230;]\n","protected":false},"featured_media":34783,"template":"","meta":[],"product_brand":[],"product_cat":[21540],"product_tag":[],"class_list":{"0":"post-146998","1":"product","2":"type-product","3":"status-publish","4":"has-post-thumbnail","6":"product_cat-fuehrerliteratur-alpin-winter","7":"pa_autor-damilano","8":"pa_erscheinungsjahr-21693","9":"pa_region-frankreich","10":"pa_sprache-fr","12":"first","13":"instock","14":"taxable","15":"shipping-taxable","16":"purchasable","17":"product-type-simple"},"_links":{"self":[{"href":"https:\/\/pizbube.ch\/en\/wp-json\/wp\/v2\/product\/146998","targetHints":{"allow":["GET"]}}],"collection":[{"href":"https:\/\/pizbube.ch\/en\/wp-json\/wp\/v2\/product"}],"about":[{"href":"https:\/\/pizbube.ch\/en\/wp-json\/wp\/v2\/types\/product"}],"wp:featuredmedia":[{"embeddable":true,"href":"https:\/\/pizbube.ch\/en\/wp-json\/wp\/v2\/media\/34783"}],"wp:attachment":[{"href":"https:\/\/pizbube.ch\/en\/wp-json\/wp\/v2\/media?parent=146998"}],"wp:term":[{"taxonomy":"product_brand","embeddable":true,"href":"https:\/\/pizbube.ch\/en\/wp-json\/wp\/v2\/product_brand?post=146998"},{"taxonomy":"product_cat","embeddable":true,"href":"https:\/\/pizbube.ch\/en\/wp-json\/wp\/v2\/product_cat?post=146998"},{"taxonomy":"product_tag","embeddable":true,"href":"https:\/\/pizbube.ch\/en\/wp-json\/wp\/v2\/product_tag?post=146998"}],"curies":[{"name":"wp","href":"https:\/\/api.w.org\/{rel}","templated":true}]}}