{"id":146999,"date":"2021-01-15T10:54:29","date_gmt":"2021-01-15T10:54:29","guid":{"rendered":"https:\/\/codengine3.ch\/?product=import-placeholder-for-202750"},"modified":"2024-09-03T10:43:43","modified_gmt":"2024-09-03T08:43:43","slug":"mont-blanc-et-aiguilles-rouges-a-ski","status":"publish","type":"product","link":"https:\/\/pizbube.ch\/en\/shop\/mont-blanc-et-aiguilles-rouges-a-ski\/","title":{"rendered":"Mont Blanc et Aiguilles Rouges \u00e0 Ski"},"content":{"rendered":"<p>Plus de 400 descentes \u00e0 ski dans les massifs du Mont Blanc et des Aiguilles<br \/>\nRouges<\/p>\n<p>Le majestueux Mont Blanc figure parmi les plus grands sanctuaires mondiaux du<br \/>\nski. Il offre une fois l\u2019hiver venu un \u00e9ventail unique de pentes de r\u00eave.<br \/>\nAnselme Baud, guide de montagne et pr\u00e9curseur du ski extr\u00eame, nous invite \u00e0<br \/>\nd\u00e9couvrir ce fabuleux terrain de jeu.<\/p>\n<p>Des classiques en ski de rando aux pentes les plus extr\u00eames, ce topo r\u00e9unit la<br \/>\ndescription pr\u00e9cise et compl\u00e8te de plus de 400 descentes des massifs du Mont<br \/>\nBlanc et des Aiguilles Rouges.<\/p>\n<p>De l\u2019amateur de belles pentes au freerider extr\u00eame, les passionn\u00e9s de grand<br \/>\nski trouveront dans ce guide toutes les informations n\u00e9cessaires pour tracer<br \/>\ndes lignes parfaites !<\/p>\n<p>NOUVELLE EDITION 2017 REVUE ET ACTUALISEE !!<\/p>","protected":false},"excerpt":{"rendered":"<p>Plus de 400 descentes \u00e0 ski dans les massifs du Mont Blanc et des Aiguilles Rouges Le majestueux Mont Blanc figure parmi les plus grands sanctuaires mondiaux du ski. Il offre une fois l\u2019hiver venu un \u00e9ventail unique de pentes de r\u00eave. Anselme Baud, guide de montagne et pr\u00e9curseur du ski extr\u00eame, nous invite \u00e0 [&#8230;]\n","protected":false},"featured_media":174639,"template":"","meta":[],"product_brand":[],"product_cat":[21540],"product_tag":[],"class_list":{"0":"post-146999","1":"product","2":"type-product","3":"status-publish","4":"has-post-thumbnail","6":"product_cat-fuehrerliteratur-alpin-winter","7":"pa_autor-baud","8":"pa_erscheinungsjahr-21574","9":"pa_region-frankreich","10":"pa_sprache-fr","12":"first","13":"instock","14":"taxable","15":"shipping-taxable","16":"purchasable","17":"product-type-simple"},"_links":{"self":[{"href":"https:\/\/pizbube.ch\/en\/wp-json\/wp\/v2\/product\/146999","targetHints":{"allow":["GET"]}}],"collection":[{"href":"https:\/\/pizbube.ch\/en\/wp-json\/wp\/v2\/product"}],"about":[{"href":"https:\/\/pizbube.ch\/en\/wp-json\/wp\/v2\/types\/product"}],"wp:featuredmedia":[{"embeddable":true,"href":"https:\/\/pizbube.ch\/en\/wp-json\/wp\/v2\/media\/174639"}],"wp:attachment":[{"href":"https:\/\/pizbube.ch\/en\/wp-json\/wp\/v2\/media?parent=146999"}],"wp:term":[{"taxonomy":"product_brand","embeddable":true,"href":"https:\/\/pizbube.ch\/en\/wp-json\/wp\/v2\/product_brand?post=146999"},{"taxonomy":"product_cat","embeddable":true,"href":"https:\/\/pizbube.ch\/en\/wp-json\/wp\/v2\/product_cat?post=146999"},{"taxonomy":"product_tag","embeddable":true,"href":"https:\/\/pizbube.ch\/en\/wp-json\/wp\/v2\/product_tag?post=146999"}],"curies":[{"name":"wp","href":"https:\/\/api.w.org\/{rel}","templated":true}]}}