{"id":147000,"date":"2021-01-15T10:54:29","date_gmt":"2021-01-15T10:54:29","guid":{"rendered":"https:\/\/codengine3.ch\/?product=import-placeholder-for-200887"},"modified":"2021-01-15T11:01:45","modified_gmt":"2021-01-15T11:01:45","slug":"mont-blanc-hors-pistes","status":"publish","type":"product","link":"https:\/\/pizbube.ch\/en\/shop\/mont-blanc-hors-pistes\/","title":{"rendered":"Mont-Blanc hors pistes"},"content":{"rendered":"<p>Chamonix &#8211; Courmayeur &#8211; Les Contamines  <\/p>\n<p>L&#8217;essentiel des descentes hors-pistes au d\u00e9part des remont\u00e9es m\u00e9caniques de la<br \/>\nvall\u00e9e de Chamonix, de Courmayeur et des Contamines.  <\/p>\n<p>Ce topo-guide est une s\u00e9lection des principaux itin\u00e9raires de ski hors piste<br \/>\nqui parcourent les massifs du Mont-Blanc.  <\/p>\n<p>On y trouve quatre secteurs : le br\u00e9vent, les grands montets, l&#8217;aiguille du<br \/>\nmidi et les contamines, pour un total de 100 itin\u00e9raires de ski hors piste<br \/>\ndans les montagnes autour de Chamonix.  <\/p>","protected":false},"excerpt":{"rendered":"<p>Chamonix &#8211; Courmayeur &#8211; Les Contamines L&#8217;essentiel des descentes hors-pistes au d\u00e9part des remont\u00e9es m\u00e9caniques de la vall\u00e9e de Chamonix, de Courmayeur et des Contamines. Ce topo-guide est une s\u00e9lection des principaux itin\u00e9raires de ski hors piste qui parcourent les massifs du Mont-Blanc. On y trouve quatre secteurs : le br\u00e9vent, les grands montets, l&#8217;aiguille [&#8230;]\n","protected":false},"featured_media":27987,"template":"","meta":[],"product_brand":[],"product_cat":[21540],"product_tag":[],"class_list":{"0":"post-147000","1":"product","2":"type-product","3":"status-publish","4":"has-post-thumbnail","6":"product_cat-fuehrerliteratur-alpin-winter","7":"pa_autor-burnier-potard","8":"pa_erscheinungsjahr-21591","9":"pa_region-frankreich","10":"pa_sprache-fr","12":"first","13":"instock","14":"taxable","15":"shipping-taxable","16":"purchasable","17":"product-type-simple"},"_links":{"self":[{"href":"https:\/\/pizbube.ch\/en\/wp-json\/wp\/v2\/product\/147000","targetHints":{"allow":["GET"]}}],"collection":[{"href":"https:\/\/pizbube.ch\/en\/wp-json\/wp\/v2\/product"}],"about":[{"href":"https:\/\/pizbube.ch\/en\/wp-json\/wp\/v2\/types\/product"}],"wp:featuredmedia":[{"embeddable":true,"href":"https:\/\/pizbube.ch\/en\/wp-json\/wp\/v2\/media\/27987"}],"wp:attachment":[{"href":"https:\/\/pizbube.ch\/en\/wp-json\/wp\/v2\/media?parent=147000"}],"wp:term":[{"taxonomy":"product_brand","embeddable":true,"href":"https:\/\/pizbube.ch\/en\/wp-json\/wp\/v2\/product_brand?post=147000"},{"taxonomy":"product_cat","embeddable":true,"href":"https:\/\/pizbube.ch\/en\/wp-json\/wp\/v2\/product_cat?post=147000"},{"taxonomy":"product_tag","embeddable":true,"href":"https:\/\/pizbube.ch\/en\/wp-json\/wp\/v2\/product_tag?post=147000"}],"curies":[{"name":"wp","href":"https:\/\/api.w.org\/{rel}","templated":true}]}}