{"id":147002,"date":"2021-01-15T10:54:30","date_gmt":"2021-01-15T10:54:30","guid":{"rendered":"https:\/\/codengine3.ch\/?product=import-placeholder-for-200886"},"modified":"2021-01-15T11:01:45","modified_gmt":"2021-01-15T11:01:45","slug":"mont-blanc-off-piste-hors-pistes","status":"publish","type":"product","link":"https:\/\/pizbube.ch\/en\/shop\/mont-blanc-off-piste-hors-pistes\/","title":{"rendered":"Mont- Blanc off piste &#8211; hors pistes"},"content":{"rendered":"<p>Chamonix &#8211; Courmayeur &#8211; Les Contamines  <\/p>\n<p>This guidebook describes the principal off-piste descents of the Chamonix<br \/>\nValley, Courmayeur and Les Contamines.<\/p>\n<p>It covers the areas accessible from the Br\u00e9vent, Fl\u00e9g\u00e8re, Tour, Grands Montets<br \/>\nand Aiguille du Midi ski lifts.<br \/>\nThe ultimate skiing or snowboarding experience, going off-piste allows you to<br \/>\ndiscover the fantastic world of the high mountains.  <\/p>\n<p>Any skier or boarder who ventures into it must have the necessary skills and<br \/>\nknowledge to deal with these dangers. This book has been written with this<br \/>\nidea in mind.<\/p>\n<p>Each route has been described in detail to allow the user to choose a suitable<br \/>\nitinerary and to adequately prepare for his descent. We hope that it will<br \/>\nenable you to make the most of the extraordinary possibilities offered by the<br \/>\nMont-Blanc area.<\/p>\n<p>Ce topo-guide rassemble l\u2019essentiel des descentes hors-pistes au d\u00e9part des<br \/>\nremont\u00e9es m\u00e9caniques de la vall\u00e9e de Chamonix, de Courmayeur et des<br \/>\nContamines. Aboutissement dans l\u2019apprentissage du ski ou du snowboard, le<br \/>\nhors-pistes ouvre les portes d\u2019un univers lumineux, celui de la haute montagne<br \/>\nhivernale. C\u2019est pourquoi cette pratique ne peut s\u2019envisager sans une<br \/>\nconnaissance approfondie de ce milieu complexe, d\u2019apparence endormie, mais<br \/>\naussi enchanteur que sauvage et sans concessions.  <\/p>\n<p>De ce point de vue, ce livre devrait permettre \u00e0 tous les amateurs de terrains<br \/>\nd\u2019aventure, gr\u00e2ce \u00e0 une documentation pr\u00e9cise sur chaque itin\u00e9raire, de bien<br \/>\nchoisir et pr\u00e9parer leurs incursions au c\u0153ur de ce domaine extraordinaire<br \/>\nqu\u2019offre l\u2019espace Mont-Blanc.<\/p>","protected":false},"excerpt":{"rendered":"<p>Chamonix &#8211; Courmayeur &#8211; Les Contamines This guidebook describes the principal off-piste descents of the Chamonix Valley, Courmayeur and Les Contamines. It covers the areas accessible from the Br\u00e9vent, Fl\u00e9g\u00e8re, Tour, Grands Montets and Aiguille du Midi ski lifts. The ultimate skiing or snowboarding experience, going off-piste allows you to discover the fantastic world of [&#8230;]\n","protected":false},"featured_media":39929,"template":"","meta":[],"product_brand":[],"product_cat":[21540],"product_tag":[],"class_list":{"0":"post-147002","1":"product","2":"type-product","3":"status-publish","4":"has-post-thumbnail","6":"product_cat-fuehrerliteratur-alpin-winter","7":"pa_autor-burnier-potard","8":"pa_erscheinungsjahr-21571","9":"pa_region-frankreich","10":"pa_sprache-en-fr","12":"first","13":"instock","14":"taxable","15":"shipping-taxable","16":"purchasable","17":"product-type-simple"},"_links":{"self":[{"href":"https:\/\/pizbube.ch\/en\/wp-json\/wp\/v2\/product\/147002","targetHints":{"allow":["GET"]}}],"collection":[{"href":"https:\/\/pizbube.ch\/en\/wp-json\/wp\/v2\/product"}],"about":[{"href":"https:\/\/pizbube.ch\/en\/wp-json\/wp\/v2\/types\/product"}],"wp:featuredmedia":[{"embeddable":true,"href":"https:\/\/pizbube.ch\/en\/wp-json\/wp\/v2\/media\/39929"}],"wp:attachment":[{"href":"https:\/\/pizbube.ch\/en\/wp-json\/wp\/v2\/media?parent=147002"}],"wp:term":[{"taxonomy":"product_brand","embeddable":true,"href":"https:\/\/pizbube.ch\/en\/wp-json\/wp\/v2\/product_brand?post=147002"},{"taxonomy":"product_cat","embeddable":true,"href":"https:\/\/pizbube.ch\/en\/wp-json\/wp\/v2\/product_cat?post=147002"},{"taxonomy":"product_tag","embeddable":true,"href":"https:\/\/pizbube.ch\/en\/wp-json\/wp\/v2\/product_tag?post=147002"}],"curies":[{"name":"wp","href":"https:\/\/api.w.org\/{rel}","templated":true}]}}