{"id":147006,"date":"2021-01-15T10:54:36","date_gmt":"2021-01-15T10:54:36","guid":{"rendered":"https:\/\/codengine3.ch\/?product=import-placeholder-for-206416"},"modified":"2021-01-15T14:48:47","modified_gmt":"2021-01-15T14:48:47","slug":"arudy-pyrenees-atlantiques","status":"publish","type":"product","link":"https:\/\/pizbube.ch\/en\/shop\/arudy-pyrenees-atlantiques\/","title":{"rendered":"ARUDY- Pyr\u00e9n\u00e9es Atlantiques"},"content":{"rendered":"<p>Topo d&#8217;Escalade<br \/>\nPetit livre sans ambition litt\u00e9raire mais fa\u00e7onn\u00e9 par des passionn\u00e9s, le<br \/>\ntopoquide a un net avantage sur tout les reste de la litt\u00e9rature. Son immense<br \/>\nprivil\u00e8ge est d&#8217;inviter \u00e0 l&#8217;action. Simplement. Un bon topo vous conduit au<br \/>\nbaston. Il vous donne envie d&#8217;y aller. Les derni\u00e8res pages referm\u00e9es, il doit<br \/>\nvous d\u00e9poser au pied du mur, face au truc, le nez coll\u00e9 au gris du calcaire,<br \/>\ncomptant et recomptant les d\u00e9gaines, scrutant la paroi, la fissure qui se<br \/>\ndessine, le bac o\u00f9 l&#8217;on pourra mousquetonner, la vire du relais et les<br \/>\nmaillons suppos\u00e9s.  <\/p>","protected":false},"excerpt":{"rendered":"<p>Topo d&#8217;Escalade Petit livre sans ambition litt\u00e9raire mais fa\u00e7onn\u00e9 par des passionn\u00e9s, le topoquide a un net avantage sur tout les reste de la litt\u00e9rature. Son immense privil\u00e8ge est d&#8217;inviter \u00e0 l&#8217;action. Simplement. Un bon topo vous conduit au baston. Il vous donne envie d&#8217;y aller. Les derni\u00e8res pages referm\u00e9es, il doit vous d\u00e9poser au [&#8230;]\n","protected":false},"featured_media":35445,"template":"","meta":[],"product_brand":[],"product_cat":[21539],"product_tag":[],"class_list":{"0":"post-147006","1":"product","2":"type-product","3":"status-publish","4":"has-post-thumbnail","6":"product_cat-fuehrerliteratur-sportklettern-bouldern","7":"pa_autor-ffme","8":"pa_erscheinungsjahr-21830","9":"pa_region-frankreich","10":"pa_sprache-fr","12":"first","13":"instock","14":"taxable","15":"shipping-taxable","16":"purchasable","17":"product-type-simple"},"_links":{"self":[{"href":"https:\/\/pizbube.ch\/en\/wp-json\/wp\/v2\/product\/147006","targetHints":{"allow":["GET"]}}],"collection":[{"href":"https:\/\/pizbube.ch\/en\/wp-json\/wp\/v2\/product"}],"about":[{"href":"https:\/\/pizbube.ch\/en\/wp-json\/wp\/v2\/types\/product"}],"wp:featuredmedia":[{"embeddable":true,"href":"https:\/\/pizbube.ch\/en\/wp-json\/wp\/v2\/media\/35445"}],"wp:attachment":[{"href":"https:\/\/pizbube.ch\/en\/wp-json\/wp\/v2\/media?parent=147006"}],"wp:term":[{"taxonomy":"product_brand","embeddable":true,"href":"https:\/\/pizbube.ch\/en\/wp-json\/wp\/v2\/product_brand?post=147006"},{"taxonomy":"product_cat","embeddable":true,"href":"https:\/\/pizbube.ch\/en\/wp-json\/wp\/v2\/product_cat?post=147006"},{"taxonomy":"product_tag","embeddable":true,"href":"https:\/\/pizbube.ch\/en\/wp-json\/wp\/v2\/product_tag?post=147006"}],"curies":[{"name":"wp","href":"https:\/\/api.w.org\/{rel}","templated":true}]}}