{"id":147009,"date":"2021-01-15T10:54:36","date_gmt":"2021-01-15T10:54:36","guid":{"rendered":"https:\/\/codengine3.ch\/?product=import-placeholder-for-206697"},"modified":"2023-09-02T11:14:36","modified_gmt":"2023-09-02T09:14:36","slug":"france-ariege","status":"publish","type":"product","link":"https:\/\/pizbube.ch\/en\/shop\/france-ariege\/","title":{"rendered":"France: Ari\u00e8ge"},"content":{"rendered":"<p>The Ariege region of Southern France is the compact area where the Ariege<br \/>\nRiver cuts through the Pyrenees on its way from Andorra to the coast. There is<br \/>\na lot of high quality climbing in the area with a superb variety of rock types<br \/>\nto go at; from the soaring granite slabs of the Dent d`Orlu, to the steep<br \/>\nlimestone bulges of Genat. Limestone, granite and gneiss are on offer and<br \/>\nroutes vary in size from boulder problems to long epics of over 20 pitches.<\/p>\n<p>The area has a long and intriguing history and offers plenty to do apart from<br \/>\nthe climbing, including mountain walking, caving, river rafting, skiing and<br \/>\nchecking out the many ancient castles. Factor in the year-round climbing, easy<br \/>\naccess from northern Europe and plenty of high quality accommodation in the<br \/>\narea and it is easy to see that the Ariege region has lots to offer.<br \/>\nThe areas covered in the guidebook are in and around the main Ariege river<br \/>\nvalley which runs down from Andorra through Tarascon-sur-Ariege and Foix. All<br \/>\nthe main sport climbing crags are covered including, Alliat, Auzat, Calames,<br \/>\nSinsat and ther Plantaurel, as well as many longer routes on the Dent d`Orlu<br \/>\nand Sinsat. There are also sections on Mountain Walking, Road and Mountain<br \/>\nBiking, Water sports and skiing.<\/p>\n<p>Despite its attractions, the area has remained off the radar to the climbing<br \/>\nworld in general, and the lack of a comprehensive modern guide to the area<br \/>\nmust be a large part of the reason for this. This publication will hopefully<br \/>\nopen up this great area as a new destination for travelling climbers.<\/p>\n<p>Crags included:<br \/>\nArabaux, Abeilles, Carol, Roquefixade, Lavelanet, Roche Ronde, Roc \u00e0 Steph,<br \/>\nCalam\u00e8s, Roc de S\u00e9dour, B\u00e9deilhac Quarry, D\u00e9vers de S\u00e9dour, Sabart, Alliat,<br \/>\nG\u00e9nat, Le Saut de l`Ours, Arbiech, Sibada, Baychon, Auzat, Goulier, Pic Rouge<br \/>\nde Belcaire, Les Toulousains, Sinsat, Verdun, Appy, Ax les Thermes, Dent<br \/>\nd`Orlu, Walking Peaks, Wild Swimming<\/p>\n<p>Rockfax Rock Climbing Guide<\/p>","protected":false},"excerpt":{"rendered":"<p>The Ariege region of Southern France is the compact area where the Ariege River cuts through the Pyrenees on its way from Andorra to the coast. There is a lot of high quality climbing in the area with a superb variety of rock types to go at; from the soaring granite slabs of the Dent [&#8230;]\n","protected":false},"featured_media":159000,"template":"","meta":[],"product_brand":[],"product_cat":[21539],"product_tag":[],"class_list":{"0":"post-147009","1":"product","2":"type-product","3":"status-publish","4":"has-post-thumbnail","6":"product_cat-fuehrerliteratur-sportklettern-bouldern","7":"pa_autor-craggs-arran","8":"pa_erscheinungsjahr-21621","9":"pa_region-frankreich","10":"pa_sprache-en","12":"first","13":"instock","14":"taxable","15":"shipping-taxable","16":"purchasable","17":"product-type-simple"},"_links":{"self":[{"href":"https:\/\/pizbube.ch\/en\/wp-json\/wp\/v2\/product\/147009","targetHints":{"allow":["GET"]}}],"collection":[{"href":"https:\/\/pizbube.ch\/en\/wp-json\/wp\/v2\/product"}],"about":[{"href":"https:\/\/pizbube.ch\/en\/wp-json\/wp\/v2\/types\/product"}],"wp:featuredmedia":[{"embeddable":true,"href":"https:\/\/pizbube.ch\/en\/wp-json\/wp\/v2\/media\/159000"}],"wp:attachment":[{"href":"https:\/\/pizbube.ch\/en\/wp-json\/wp\/v2\/media?parent=147009"}],"wp:term":[{"taxonomy":"product_brand","embeddable":true,"href":"https:\/\/pizbube.ch\/en\/wp-json\/wp\/v2\/product_brand?post=147009"},{"taxonomy":"product_cat","embeddable":true,"href":"https:\/\/pizbube.ch\/en\/wp-json\/wp\/v2\/product_cat?post=147009"},{"taxonomy":"product_tag","embeddable":true,"href":"https:\/\/pizbube.ch\/en\/wp-json\/wp\/v2\/product_tag?post=147009"}],"curies":[{"name":"wp","href":"https:\/\/api.w.org\/{rel}","templated":true}]}}