{"id":147010,"date":"2021-01-15T10:54:36","date_gmt":"2021-01-15T10:54:36","guid":{"rendered":"https:\/\/codengine3.ch\/?product=import-placeholder-for-204852"},"modified":"2023-11-02T14:13:49","modified_gmt":"2023-11-02T13:13:49","slug":"100-sommets-des-pyrenees","status":"publish","type":"product","link":"https:\/\/pizbube.ch\/en\/shop\/100-sommets-des-pyrenees\/","title":{"rendered":"100 sommets des Pyr\u00e9n\u00e9es"},"content":{"rendered":"<p>Les Pyr\u00e9n\u00e9es constituent un extraordinaire terrain d&#8217;aventure pour tous les<br \/>\nrandonneurs.<br \/>\nLa tr\u00e8s grande diversit\u00e9 des paysages, de l&#8217;Atlantique \u00e0 la M\u00e9diterran\u00e9e, en<br \/>\nFrance et en Espagne (sans oublier l&#8217;Andorre), rec\u00e8le et r\u00e9v\u00e8le une telle<br \/>\nrichesse d&#8217;itin\u00e9raires vers les sommets que la s\u00e9lection \u00e9tablie dans ce guide<br \/>\npara\u00eetra arbitraire \u00e0 bien des montagnards. Ce ne sont pas les cent plus<br \/>\nhauts, mais on y trouve l&#8217;Aneto, le Posets, le Vignemale, le Mont-Perdu, le<br \/>\npic Long&#8230;<\/p>\n<p>Y figurent certainement les plus beaux, mais les auteurs &#8211; prudents &#8211; laissent<br \/>\n\u00e0 chacun le soin d&#8217;\u00e9tablir son propre palmar\u00e8s. Il y en a m\u00eame de forts<br \/>\nmodestes, comme le pic de Comabona ou le Mont N\u00e9, quand d&#8217;autres sont r\u00e9serv\u00e9s<br \/>\naux randonneurs exp\u00e9riment\u00e9s : la Tendenera, le pic d&#8217;Etang Faury, le Grand<br \/>\nQuayrat, la Munia, le Bala\u00eftous, l&#8217;Ossau. Et tant d&#8217;autres, du pech de<br \/>\nBugarach au Cotiella, des penas de haya au roc de Frausa&#8230;<\/p>\n<p>Ces cent sommets sont tous indiscutables pour qui veut faire connaissance sac<br \/>\nau dos et sueur au front avec les hauts lieux de la cordill\u00e8re.<\/p>","protected":false},"excerpt":{"rendered":"<p>Les Pyr\u00e9n\u00e9es constituent un extraordinaire terrain d&#8217;aventure pour tous les randonneurs. La tr\u00e8s grande diversit\u00e9 des paysages, de l&#8217;Atlantique \u00e0 la M\u00e9diterran\u00e9e, en France et en Espagne (sans oublier l&#8217;Andorre), rec\u00e8le et r\u00e9v\u00e8le une telle richesse d&#8217;itin\u00e9raires vers les sommets que la s\u00e9lection \u00e9tablie dans ce guide para\u00eetra arbitraire \u00e0 bien des montagnards. Ce ne [&#8230;]\n","protected":false},"featured_media":37515,"template":"","meta":[],"product_brand":[],"product_cat":[21544],"product_tag":[],"class_list":{"0":"post-147010","1":"product","2":"type-product","3":"status-publish","4":"has-post-thumbnail","6":"product_cat-fuehrerliteratur-alpin-sommer","7":"pa_autor-castagnet-dutilh-record-sirejol-valcke","8":"pa_erscheinungsjahr-21571","9":"pa_region-frankreich","10":"pa_sprache-fr","12":"first","13":"outofstock","14":"taxable","15":"shipping-taxable","16":"purchasable","17":"product-type-simple"},"_links":{"self":[{"href":"https:\/\/pizbube.ch\/en\/wp-json\/wp\/v2\/product\/147010","targetHints":{"allow":["GET"]}}],"collection":[{"href":"https:\/\/pizbube.ch\/en\/wp-json\/wp\/v2\/product"}],"about":[{"href":"https:\/\/pizbube.ch\/en\/wp-json\/wp\/v2\/types\/product"}],"wp:featuredmedia":[{"embeddable":true,"href":"https:\/\/pizbube.ch\/en\/wp-json\/wp\/v2\/media\/37515"}],"wp:attachment":[{"href":"https:\/\/pizbube.ch\/en\/wp-json\/wp\/v2\/media?parent=147010"}],"wp:term":[{"taxonomy":"product_brand","embeddable":true,"href":"https:\/\/pizbube.ch\/en\/wp-json\/wp\/v2\/product_brand?post=147010"},{"taxonomy":"product_cat","embeddable":true,"href":"https:\/\/pizbube.ch\/en\/wp-json\/wp\/v2\/product_cat?post=147010"},{"taxonomy":"product_tag","embeddable":true,"href":"https:\/\/pizbube.ch\/en\/wp-json\/wp\/v2\/product_tag?post=147010"}],"curies":[{"name":"wp","href":"https:\/\/api.w.org\/{rel}","templated":true}]}}