{"id":147011,"date":"2021-01-15T10:54:36","date_gmt":"2021-01-15T10:54:36","guid":{"rendered":"https:\/\/codengine3.ch\/?product=import-placeholder-for-202504"},"modified":"2021-01-15T12:36:50","modified_gmt":"2021-01-15T12:36:50","slug":"el-pirineo-occidental-a-traves-del-4-grado","status":"publish","type":"product","link":"https:\/\/pizbube.ch\/en\/shop\/el-pirineo-occidental-a-traves-del-4-grado\/","title":{"rendered":"El Pirineo occidental a traves del 4 grado"},"content":{"rendered":"<p>Alberto Urtasun, experto escalador, selecciona para ti las 39 mejores<br \/>\nescaladas del Pirineo occidental entre AD- y MD: desde las apacibles y verdes<br \/>\nmonta\u00f1as de Aralar, hasta los hoscas cimas gran\u00edticas del macizo de Balaitus.<br \/>\nLa selecci\u00f3n de las v\u00edas, adem\u00e1s de a su inter\u00e9s, atiende al criterio de<br \/>\ndificultad, por lo que todas las escaladas propuestas giran en torno al IV<br \/>\ngrado. En cada itinerario encontrar\u00e1s toda la informaci\u00f3n pr\u00e1ctica necesaria<br \/>\npara planificar tus escaladas: desnivel, horario, dificultad, punto de<br \/>\npartida, aproximaci\u00f3n, material, descripci\u00f3n y descenso, todo ello ilustrado<br \/>\ncon croquis, fotos y mapas de situaci\u00f3n. Las zonas de escalada que describe<br \/>\nson: Aralar (Navarra), Belagoa-Zuriza (Navarra) , Lesc\u00fan (Francia), Riglos-<br \/>\nAg\u00fcero (Huesca), Aspe (Huesca), Anayet-Foratata (Huesca), Macizo de Ossau<br \/>\n(Francia), Gourette (Francia), Macizo de Balaitus (Huesca).<\/p>","protected":false},"excerpt":{"rendered":"<p>Alberto Urtasun, experto escalador, selecciona para ti las 39 mejores escaladas del Pirineo occidental entre AD- y MD: desde las apacibles y verdes monta\u00f1as de Aralar, hasta los hoscas cimas gran\u00edticas del macizo de Balaitus. La selecci\u00f3n de las v\u00edas, adem\u00e1s de a su inter\u00e9s, atiende al criterio de dificultad, por lo que todas las [&#8230;]\n","protected":false},"featured_media":29898,"template":"","meta":[],"product_brand":[],"product_cat":[21539],"product_tag":[],"class_list":{"0":"post-147011","1":"product","2":"type-product","3":"status-publish","4":"has-post-thumbnail","6":"product_cat-fuehrerliteratur-sportklettern-bouldern","7":"pa_autor-uriz","8":"pa_erscheinungsjahr-22144","9":"pa_region-spanien","10":"pa_sprache-sp","12":"first","13":"outofstock","14":"taxable","15":"shipping-taxable","16":"purchasable","17":"product-type-simple"},"_links":{"self":[{"href":"https:\/\/pizbube.ch\/en\/wp-json\/wp\/v2\/product\/147011","targetHints":{"allow":["GET"]}}],"collection":[{"href":"https:\/\/pizbube.ch\/en\/wp-json\/wp\/v2\/product"}],"about":[{"href":"https:\/\/pizbube.ch\/en\/wp-json\/wp\/v2\/types\/product"}],"wp:featuredmedia":[{"embeddable":true,"href":"https:\/\/pizbube.ch\/en\/wp-json\/wp\/v2\/media\/29898"}],"wp:attachment":[{"href":"https:\/\/pizbube.ch\/en\/wp-json\/wp\/v2\/media?parent=147011"}],"wp:term":[{"taxonomy":"product_brand","embeddable":true,"href":"https:\/\/pizbube.ch\/en\/wp-json\/wp\/v2\/product_brand?post=147011"},{"taxonomy":"product_cat","embeddable":true,"href":"https:\/\/pizbube.ch\/en\/wp-json\/wp\/v2\/product_cat?post=147011"},{"taxonomy":"product_tag","embeddable":true,"href":"https:\/\/pizbube.ch\/en\/wp-json\/wp\/v2\/product_tag?post=147011"}],"curies":[{"name":"wp","href":"https:\/\/api.w.org\/{rel}","templated":true}]}}