{"id":147012,"date":"2021-01-15T10:54:36","date_gmt":"2021-01-15T10:54:36","guid":{"rendered":"https:\/\/codengine3.ch\/?product=import-placeholder-for-205409"},"modified":"2025-07-23T16:14:47","modified_gmt":"2025-07-23T14:14:47","slug":"les-pyrenees-du-levant","status":"publish","type":"product","link":"https:\/\/pizbube.ch\/en\/shop\/les-pyrenees-du-levant\/","title":{"rendered":"Les Pyr\u00e9n\u00e9es du Levant"},"content":{"rendered":"<p>Rocher: falaises &amp; grandes voies \/ neige, glace, mixte<\/p>\n<p>Les Pyr\u00e9n\u00e9es du Levant est un topo-guide d&#8217;escalade et d&#8217;alpinisme sur les Pyr\u00e9n\u00e9es-Orientales avec une partie de l&#8217;Aude de l&#8217;Ari\u00e8ge et de l&#8217;Andorre. Il prend en compte tous les itin\u00e9raires de montagne que ce soit en rocher pour l&#8217;\u00e9t\u00e9 (falaises et grandes voies) et en neige glace et mixte pour l&#8217;hiver.<br \/>\nSe livre au format A5 de 458 pages est bilingue (Anglais-Fran\u00e7ais)<\/p>\n<p><span class=\"font-weight-bold\">464 pages <\/span><\/p>\n<p>Rockclimbing; snow, ice &amp; mixed<\/p>\n<p>Les Pyrennees &#8211; Orientales (Rock &amp; Ice Climbs): French Side<br \/>\nA great guide describing rock, ice and mixed routes in the French Pyrenees &#8211; the area covered lies between the Mediterranean Sea in the east and Andorra in the west and on the French side of the French \/ Spanish border.<\/p>\n<p>The guide has lots of clear photo-topos of the ice \/ mixed routes and a mixture of photo-topos and diagrams for the rock routes, information on what gear you&#8217;re likely to need and easy to follow maps of the climbing areas covered &#8211; there&#8217;s a good selection of action shots that give a flavour of the climbing and the area and the text has English translations.<\/p>\n<p>An up to date and definitive guide book to the dozens of crags situated in the eastern French Pyrenees both in summer and winter. Virtually all of the routes are on volcanic rock and range from short 15m sport routes up to 400m+ trad routes with a big mountain feel. Being the &#171;ultimate&#187; guide means that it is a major tome nearly 3cms thick and a bit meaty to carry on some of the more higher routes. With big limestone and granite crags to the north and limestone and conglomerate crags to the south in Spain this is a great area little known to the Brits.<\/p>\n<p>Les secteurs trait\u00e9s sont les suivants\u00a0:<br \/>\n<strong>Alb\u00e8res &#8211; Haut Vallespir &#8211; Vall de Ter<\/strong><br \/>\n<em>Alb\u00e8res<\/em><br \/>\n&#8211; Rimbau<br \/>\n&#8211; Ultera<br \/>\n<em>Haut Vallespir<\/em><br \/>\n&#8211; Vall de Quers<br \/>\n<em>Vall de Ter<\/em><br \/>\n&#8211; Gra de Fajol Petit<br \/>\n&#8211; Gra de Fajol Gran<br \/>\n&#8211; Pic de l&#8217;Infern<br \/>\n<strong>Conflent &#8211; Canigou<\/strong><br \/>\n<em>Conflent Cortalets<\/em><br \/>\n&#8211; Barbet<br \/>\n&#8211; Quazemi<br \/>\n&#8211; Canigou face est<br \/>\n<em>Conflent Mariailles<\/em><br \/>\n&#8211; Saint-Martin<br \/>\n&#8211; Les Bourgn\u00e8gues<br \/>\n&#8211; Petit Yosemite<br \/>\n&#8211; Secteur refuge de Mariailles<br \/>\n&#8211; Rocher \u00e9cole de Mariailles<br \/>\n&#8211; Etambot<br \/>\n&#8211; Lippe au Derche<br \/>\n&#8211; Secteur ENSA-RAmonet<br \/>\n&#8211; ENSA<br \/>\n&#8211; Ramonet<br \/>\n&#8211; Secteur Yos\u00e9mite d&#8217;en haut<br \/>\n&#8211; Yos\u00e9mite d&#8217;en haut<br \/>\n&#8211; Pilier Vostock<br \/>\n&#8211; Roc de Mariailles<br \/>\n&#8211; Mauricette<br \/>\n&#8211; Stentor<br \/>\n&#8211; Secteur des rappels<br \/>\n&#8211; Secteur pointe SAM<br \/>\n&#8211; Secteur Tchuck-Tchuck<br \/>\n<strong>Cerdagne &#8211; Conflent<\/strong><br \/>\n<em>Bas Conflent<\/em><br \/>\n&#8211; Caranca<br \/>\n<em>Haut Conflent<\/em><br \/>\n&#8211; Moneliet<br \/>\n&#8211; Reco Petit, Gros &#8211; Andorada &#8211; Enfer<br \/>\n&#8211; Pic Rodo<br \/>\n&#8211; Rodo- Anyeller<br \/>\n&#8211; Roc del Boc<br \/>\n&#8211; Saint-Pierre-dels-Forcats<br \/>\n&#8211; Plan\u00e9s<br \/>\n<em>Haut Conflent Ouest<\/em><br \/>\n&#8211; Malaza<br \/>\n&#8211; Cambre d&#8217;Aze<br \/>\n&#8211; Tour d&#8217;Eyne<br \/>\n&#8211; Conca Sud<br \/>\n<strong>Cerdagne &#8211; Capcir<\/strong><br \/>\n&#8211; Roc de l&#8217;Aigle<br \/>\n&#8211; Bouillosuse<br \/>\n&#8211; Esquits<br \/>\n&#8211; Secteur Roc d&#8217;Aude<br \/>\n&#8211; Totem<br \/>\n&#8211; Roc d&#8217;Aude<br \/>\n&#8211; Hile<br \/>\n&#8211; Secteur Pasquers Reals<br \/>\n&#8211; Miroir de Pierre<br \/>\n&#8211; Gors Bras<br \/>\n&#8211; Quer Doig<br \/>\n&#8211; Font-Romeu<br \/>\n&#8211; Coma Armada<br \/>\n&#8211; Llo<br \/>\n&#8211; Secteur au fil de llo &#8211; Castell Vidre<br \/>\n&#8211; Secteur Empire du soleil couchant<br \/>\n<strong>Capcir- Pays de Sault<\/strong><br \/>\n<em>Capcir<\/em><br \/>\n&#8211; Balc\u00e8re<br \/>\n&#8211; Mercadal<br \/>\n&#8211; Qu\u00e9rigut<br \/>\n<em>Pays de Sault<\/em><br \/>\n&#8211; Camisette<br \/>\n&#8211; Roc Blanc<br \/>\n&#8211; P\u00e9ric<br \/>\n&#8211; Carlit<br \/>\n<strong>Cerdagne &#8211; Andorre<\/strong><br \/>\n&#8211; Qu\u00e8s<br \/>\n&#8211; Peiraforca<br \/>\n&#8211; Secteur de la Vinyola<br \/>\n&#8211; Estagnols<br \/>\n&#8211; Valletes<br \/>\n&#8211; Pointe de l&#8217;Orri de la Vinyola<br \/>\n&#8211; Estagnas<br \/>\n&#8211; Font N\u00e8gre<br \/>\n&#8211; Font N\u00e8gre Occidental<br \/>\n&#8211; Font N\u00e8gre Oriental<br \/>\n&#8211; Pedrous<br \/>\n&#8211; Carlit Nord-Ouest<br \/>\n&#8211; Esquella<br \/>\n&#8211; Bony d&#8217;Envalira<br \/>\n&#8211; Ribuls<br \/>\n&#8211; Pic des Isards<br \/>\n&#8211; Pessons<br \/>\n&#8211; Ribuls<br \/>\n&#8211; Cubil<br \/>\n&#8211; Tossal de la Muga<br \/>\n&#8211; Calm-Colomer<\/p>","protected":false},"excerpt":{"rendered":"<p>Rocher: falaises &amp; grandes voies \/ neige, glace, mixte Les Pyr\u00e9n\u00e9es du Levant est un topo-guide d&#8217;escalade et d&#8217;alpinisme sur les Pyr\u00e9n\u00e9es-Orientales avec une partie de l&#8217;Aude de l&#8217;Ari\u00e8ge et de l&#8217;Andorre. Il prend en compte tous les itin\u00e9raires de montagne que ce soit en rocher pour l&#8217;\u00e9t\u00e9 (falaises et grandes voies) et en neige [&#8230;]\n","protected":false},"featured_media":168223,"template":"","meta":[],"product_brand":[],"product_cat":[21544],"product_tag":[26950],"class_list":{"0":"post-147012","1":"product","2":"type-product","3":"status-publish","4":"has-post-thumbnail","6":"product_cat-fuehrerliteratur-alpin-sommer","7":"product_tag-pyrenaeen","8":"pa_autor-dulac-testas","9":"pa_erscheinungsjahr-21591","10":"pa_region-frankreich","11":"pa_sprache-fr-en","13":"first","14":"outofstock","15":"taxable","16":"shipping-taxable","17":"purchasable","18":"product-type-simple"},"_links":{"self":[{"href":"https:\/\/pizbube.ch\/en\/wp-json\/wp\/v2\/product\/147012","targetHints":{"allow":["GET"]}}],"collection":[{"href":"https:\/\/pizbube.ch\/en\/wp-json\/wp\/v2\/product"}],"about":[{"href":"https:\/\/pizbube.ch\/en\/wp-json\/wp\/v2\/types\/product"}],"wp:featuredmedia":[{"embeddable":true,"href":"https:\/\/pizbube.ch\/en\/wp-json\/wp\/v2\/media\/168223"}],"wp:attachment":[{"href":"https:\/\/pizbube.ch\/en\/wp-json\/wp\/v2\/media?parent=147012"}],"wp:term":[{"taxonomy":"product_brand","embeddable":true,"href":"https:\/\/pizbube.ch\/en\/wp-json\/wp\/v2\/product_brand?post=147012"},{"taxonomy":"product_cat","embeddable":true,"href":"https:\/\/pizbube.ch\/en\/wp-json\/wp\/v2\/product_cat?post=147012"},{"taxonomy":"product_tag","embeddable":true,"href":"https:\/\/pizbube.ch\/en\/wp-json\/wp\/v2\/product_tag?post=147012"}],"curies":[{"name":"wp","href":"https:\/\/api.w.org\/{rel}","templated":true}]}}