{"id":147013,"date":"2021-01-15T10:54:36","date_gmt":"2021-01-15T10:54:36","guid":{"rendered":"https:\/\/codengine3.ch\/?product=import-placeholder-for-205109"},"modified":"2022-06-21T18:08:16","modified_gmt":"2022-06-21T16:08:16","slug":"les-pyrenees-en-faces","status":"publish","type":"product","link":"https:\/\/pizbube.ch\/en\/shop\/les-pyrenees-en-faces\/","title":{"rendered":"Les Pyr\u00e9n\u00e9es en faces"},"content":{"rendered":"<p>Les Pyr\u00e9n\u00e9es en Faces est le nouveau livre de Laurent Lafforgue.<\/p>\n<p>Ce dernier nous invite \u00e0 partager un choix de courses pyr\u00e9n\u00e9ennes originales<br \/>\net vari\u00e9es, tout en prenant le soin de rester \u00e0 un niveau abordable pour le<br \/>\nplus grand nombre.<\/p>\n<p>Privil\u00e9giant la beaut\u00e9 \u00e0 la difficult\u00e9, chaque itin\u00e9raire pr\u00e9sent\u00e9 fait<br \/>\nl&#8217;objet d&#8217;une description \u00e0 la fois g\u00e9n\u00e9rale et technique, qui permettra \u00e0<br \/>\nchacun de r\u00eaver et de concevoir de nombreux projets d&#8217;ascensions.<\/p>\n<p>Agr\u00e9ment\u00e9 de somptueuses photos, de r\u00e9cits authentiques, ce passionnant carnet<br \/>\nde courses combine \u00e0 la fois le contenu d&#8217;un topo pratique et celui d&#8217;un beau<br \/>\nlivre : il comblera tous les montagnards amoureux des Pyr\u00e9n\u00e9es.<br \/>\nPr\u00e9face de Louis Audoubert<\/p>","protected":false},"excerpt":{"rendered":"<p>Les Pyr\u00e9n\u00e9es en Faces est le nouveau livre de Laurent Lafforgue. Ce dernier nous invite \u00e0 partager un choix de courses pyr\u00e9n\u00e9ennes originales et vari\u00e9es, tout en prenant le soin de rester \u00e0 un niveau abordable pour le plus grand nombre. Privil\u00e9giant la beaut\u00e9 \u00e0 la difficult\u00e9, chaque itin\u00e9raire pr\u00e9sent\u00e9 fait l&#8217;objet d&#8217;une description \u00e0 [&#8230;]\n","protected":false},"featured_media":33719,"template":"","meta":[],"product_brand":[],"product_cat":[21544],"product_tag":[26950],"class_list":{"0":"post-147013","1":"product","2":"type-product","3":"status-publish","4":"has-post-thumbnail","6":"product_cat-fuehrerliteratur-alpin-sommer","7":"product_tag-pyrenaeen","8":"pa_autor-lafforgue","9":"pa_erscheinungsjahr-21763","10":"pa_region-frankreich","11":"pa_sprache-fr","13":"first","14":"instock","15":"taxable","16":"shipping-taxable","17":"purchasable","18":"product-type-simple"},"_links":{"self":[{"href":"https:\/\/pizbube.ch\/en\/wp-json\/wp\/v2\/product\/147013","targetHints":{"allow":["GET"]}}],"collection":[{"href":"https:\/\/pizbube.ch\/en\/wp-json\/wp\/v2\/product"}],"about":[{"href":"https:\/\/pizbube.ch\/en\/wp-json\/wp\/v2\/types\/product"}],"wp:featuredmedia":[{"embeddable":true,"href":"https:\/\/pizbube.ch\/en\/wp-json\/wp\/v2\/media\/33719"}],"wp:attachment":[{"href":"https:\/\/pizbube.ch\/en\/wp-json\/wp\/v2\/media?parent=147013"}],"wp:term":[{"taxonomy":"product_brand","embeddable":true,"href":"https:\/\/pizbube.ch\/en\/wp-json\/wp\/v2\/product_brand?post=147013"},{"taxonomy":"product_cat","embeddable":true,"href":"https:\/\/pizbube.ch\/en\/wp-json\/wp\/v2\/product_cat?post=147013"},{"taxonomy":"product_tag","embeddable":true,"href":"https:\/\/pizbube.ch\/en\/wp-json\/wp\/v2\/product_tag?post=147013"}],"curies":[{"name":"wp","href":"https:\/\/api.w.org\/{rel}","templated":true}]}}