{"id":147014,"date":"2021-01-15T10:54:36","date_gmt":"2021-01-15T10:54:36","guid":{"rendered":"https:\/\/codengine3.ch\/?product=import-placeholder-for-201249"},"modified":"2023-02-09T09:58:05","modified_gmt":"2023-02-09T08:58:05","slug":"ski-de-randonnee-dans-les-pyrenees-atlantiques-60-itineraires-en-vallees-daspe-et-dossau","status":"publish","type":"product","link":"https:\/\/pizbube.ch\/en\/shop\/ski-de-randonnee-dans-les-pyrenees-atlantiques-60-itineraires-en-vallees-daspe-et-dossau\/","title":{"rendered":"Ski de randonn\u00e9e dans les Pyr\u00e9n\u00e9es-Atlantiques &#8211; 60 itin\u00e9raires en Vall\u00e9es d\u2019Aspe et d\u2019Ossau"},"content":{"rendered":"<p>60 itin\u00e9raires en Vall\u00e9es d\u2019Aspe et d\u2019Ossau<br \/>\nSkitourenf\u00fchrer f\u00fcr die westlichen franz\u00f6sischen Pyren\u00e4en mit 60<br \/>\nTourenvorschl\u00e4gen (in franz\u00f6sischer Sprache).<\/p>\n<p>Apr\u00e8s avoir couvert le territoire hivernal des Hautes-Pyr\u00e9n\u00e9es en deux<br \/>\nvolumes, Fr\u00e9d\u00e9ric Cabot s\u2019est tourn\u00e9 vers l\u2019ouest de la cha\u00eene et il en a<br \/>\nramen\u00e9 60 itin\u00e9raires de ski de randonn\u00e9e en vall\u00e9es d\u2019Aspe et d\u2019Ossau (avec<br \/>\nun soup\u00e7on de Panticosa et de Pays basque).<\/p>\n<p>Apr\u00e8s avoir couvert, en deux volumes, le territoire des Hautes-Pyr\u00e9n\u00e9es, Fred<br \/>\nCabot, m\u00e9t\u00e9orologue sp\u00e9cialis\u00e9 en nivologie, livre en cet automne 2013<br \/>\nsoixante itin\u00e9raires de ski de randonn\u00e9e. des plus en phase avec<br \/>\nl&#8217;apprentissage de cette exigeante discipline aux plus spectaculaires et<br \/>\nsportifs parcours, requ\u00e9rant une tr\u00e8s bonne forme physique, un &#187; sens &#187;<br \/>\n\u00e9vident de la montagne (de la m\u00e9t\u00e9o, de l&#8217;orientation, des risques), et un<br \/>\nmental \u00e0 l&#8217;unisson.<br \/>\nLes deux pr\u00e9c\u00e9dents ouvrages de Fred Cabot font r\u00e9f\u00e9rence, \u00e0 telle enseigne<br \/>\nque l&#8217;on parle aujourd&#8217;hui des &#187; cabots &#171;, le nom commun marquant<br \/>\n[appropriation de ces itin\u00e9raires et de leurs descriptifs par la petite foule<br \/>\ndes skieurs de rando.<\/p>","protected":false},"excerpt":{"rendered":"<p>60 itin\u00e9raires en Vall\u00e9es d\u2019Aspe et d\u2019Ossau Skitourenf\u00fchrer f\u00fcr die westlichen franz\u00f6sischen Pyren\u00e4en mit 60 Tourenvorschl\u00e4gen (in franz\u00f6sischer Sprache). Apr\u00e8s avoir couvert le territoire hivernal des Hautes-Pyr\u00e9n\u00e9es en deux volumes, Fr\u00e9d\u00e9ric Cabot s\u2019est tourn\u00e9 vers l\u2019ouest de la cha\u00eene et il en a ramen\u00e9 60 itin\u00e9raires de ski de randonn\u00e9e en vall\u00e9es d\u2019Aspe et d\u2019Ossau [&#8230;]\n","protected":false},"featured_media":165917,"template":"","meta":[],"product_brand":[],"product_cat":[21540],"product_tag":[],"class_list":{"0":"post-147014","1":"product","2":"type-product","3":"status-publish","4":"has-post-thumbnail","6":"product_cat-fuehrerliteratur-alpin-winter","7":"pa_autor-cabot","8":"pa_erscheinungsjahr-21621","9":"pa_region-frankreich","10":"pa_sprache-fr","12":"first","13":"outofstock","14":"taxable","15":"shipping-taxable","16":"purchasable","17":"product-type-simple"},"_links":{"self":[{"href":"https:\/\/pizbube.ch\/en\/wp-json\/wp\/v2\/product\/147014","targetHints":{"allow":["GET"]}}],"collection":[{"href":"https:\/\/pizbube.ch\/en\/wp-json\/wp\/v2\/product"}],"about":[{"href":"https:\/\/pizbube.ch\/en\/wp-json\/wp\/v2\/types\/product"}],"wp:featuredmedia":[{"embeddable":true,"href":"https:\/\/pizbube.ch\/en\/wp-json\/wp\/v2\/media\/165917"}],"wp:attachment":[{"href":"https:\/\/pizbube.ch\/en\/wp-json\/wp\/v2\/media?parent=147014"}],"wp:term":[{"taxonomy":"product_brand","embeddable":true,"href":"https:\/\/pizbube.ch\/en\/wp-json\/wp\/v2\/product_brand?post=147014"},{"taxonomy":"product_cat","embeddable":true,"href":"https:\/\/pizbube.ch\/en\/wp-json\/wp\/v2\/product_cat?post=147014"},{"taxonomy":"product_tag","embeddable":true,"href":"https:\/\/pizbube.ch\/en\/wp-json\/wp\/v2\/product_tag?post=147014"}],"curies":[{"name":"wp","href":"https:\/\/api.w.org\/{rel}","templated":true}]}}