{"id":147021,"date":"2021-01-15T10:54:37","date_gmt":"2021-01-15T10:54:37","guid":{"rendered":"https:\/\/codengine3.ch\/?product=import-placeholder-for-200137"},"modified":"2021-01-15T10:54:40","modified_gmt":"2021-01-15T10:54:40","slug":"die-alpen-sehnsuchtsort-heimatidyll-naturlandschaft","status":"publish","type":"product","link":"https:\/\/pizbube.ch\/en\/shop\/die-alpen-sehnsuchtsort-heimatidyll-naturlandschaft\/","title":{"rendered":"Die Alpen &#8211; Sehnsuchtsort, Heimatidyll, Naturlandschaft"},"content":{"rendered":"<p>Die Alpenregion in ihrer ganzen Pracht<\/p>\n<p>&#8211; Von \u00d6tzi \u00fcber Hannibal bis Napoleon &#8211; die Geschichte der Alpen von der<br \/>\nAntike bis heute<br \/>\n&#8211; Alles Wissenswerte \u00fcber Geologie sowie Flora und Fauna<br \/>\n&#8211; Faszinierende Aufnahmen einer einzigartigen Natur- und Kulturlandschaft<\/p>\n<p>Grandiose Kulisse f\u00fcr eine atemberaubende Artenvielfalt: circa 30 000 Tier-<br \/>\nund 4500 Pflanzenarten leben in den Alpen auf gut 190 800 Quadratkilometer \u2013<br \/>\ndas ist mehr als die H\u00e4lfte Deutschlands. Hinzu kommen 15 Millionen Bewohner<br \/>\nund mehr als 400 Millionen G\u00e4ste j\u00e4hrlich; Tendenz steigend.<\/p>\n<p>Ob \u00d6tzi, Hannibal, Karl der Gro\u00dfe oder Napoleon \u2013 sie alle versuchten lange<br \/>\nvor den gro\u00dfen Touristenstr\u00f6men die Alpen aus den unterschiedlichsten Gr\u00fcnden<br \/>\nzu \u00fcberqueren. Und Matterhorn, Mont Blanc, Gro\u00dfglockner, Dolomiten oder Eiger-<br \/>\nNordwand lie\u00dfen Alpinsten von Horace-B\u00e9n\u00e9dict de Saussure bis Luis Trenker und<br \/>\nReinhold Messner an ihre Grenzen gehen \u2013 und dar\u00fcber hinaus.<\/p>\n<p>Fristeten die Almbauern in fr\u00fcheren Zeiten ein eher karges und beschwerliches<br \/>\nDasein, treibt der \u201eH\u00fcttenzauber\u201c heute meist vergn\u00fcgungss\u00fcchtige Gro\u00dfst\u00e4dter<br \/>\nauf die Alm. L\u00e4ngst sind die Alpen und Alpenst\u00e4dte ein nicht zu<br \/>\nuntersch\u00e4tzender Wirtschaftsfaktor f\u00fcr die Alpenl\u00e4nder geworden.<\/p>\n<p>Fakten und Fantastisches, Geschichten und Geschichtliches, Detlev Arens<br \/>\nunternimmt eine Bergtour der besonderen Art in diese einzigartige Natur- und<br \/>\nKulturlandschaft.  <\/p>","protected":false},"excerpt":{"rendered":"<p>Die Alpenregion in ihrer ganzen Pracht &#8211; Von \u00d6tzi \u00fcber Hannibal bis Napoleon &#8211; die Geschichte der Alpen von der Antike bis heute &#8211; Alles Wissenswerte \u00fcber Geologie sowie Flora und Fauna &#8211; Faszinierende Aufnahmen einer einzigartigen Natur- und Kulturlandschaft Grandiose Kulisse f\u00fcr eine atemberaubende Artenvielfalt: circa 30 000 Tier- und 4500 Pflanzenarten leben in [&#8230;]\n","protected":false},"featured_media":26019,"template":"","meta":[],"product_brand":[],"product_cat":[21542],"product_tag":[],"class_list":{"0":"post-147021","1":"product","2":"type-product","3":"status-publish","4":"has-post-thumbnail","6":"product_cat-sachbuecher-dokumentationen","7":"pa_autor-arens","8":"pa_erscheinungsjahr-21571","9":"pa_region-deutschland","10":"pa_sprache-de","12":"first","13":"instock","14":"taxable","15":"shipping-taxable","16":"purchasable","17":"product-type-simple"},"_links":{"self":[{"href":"https:\/\/pizbube.ch\/en\/wp-json\/wp\/v2\/product\/147021","targetHints":{"allow":["GET"]}}],"collection":[{"href":"https:\/\/pizbube.ch\/en\/wp-json\/wp\/v2\/product"}],"about":[{"href":"https:\/\/pizbube.ch\/en\/wp-json\/wp\/v2\/types\/product"}],"wp:featuredmedia":[{"embeddable":true,"href":"https:\/\/pizbube.ch\/en\/wp-json\/wp\/v2\/media\/26019"}],"wp:attachment":[{"href":"https:\/\/pizbube.ch\/en\/wp-json\/wp\/v2\/media?parent=147021"}],"wp:term":[{"taxonomy":"product_brand","embeddable":true,"href":"https:\/\/pizbube.ch\/en\/wp-json\/wp\/v2\/product_brand?post=147021"},{"taxonomy":"product_cat","embeddable":true,"href":"https:\/\/pizbube.ch\/en\/wp-json\/wp\/v2\/product_cat?post=147021"},{"taxonomy":"product_tag","embeddable":true,"href":"https:\/\/pizbube.ch\/en\/wp-json\/wp\/v2\/product_tag?post=147021"}],"curies":[{"name":"wp","href":"https:\/\/api.w.org\/{rel}","templated":true}]}}