{"id":147022,"date":"2021-01-15T10:54:37","date_gmt":"2021-01-15T10:54:37","guid":{"rendered":"https:\/\/codengine3.ch\/?product=import-placeholder-for-208188"},"modified":"2026-03-20T15:10:15","modified_gmt":"2026-03-20T14:10:15","slug":"die-alpen-geschichte-und-zukunft-einer-europaeischen-kulturlandschaft","status":"publish","type":"product","link":"https:\/\/pizbube.ch\/en\/shop\/die-alpen-geschichte-und-zukunft-einer-europaeischen-kulturlandschaft\/","title":{"rendered":"Die Alpen &#8211; Geschichte und Zukunft einer europ\u00e4ischen Kulturlandschaft"},"content":{"rendered":"<p>Ist das Verschwinden der Alpen als menschlicher Lebens- und Wirtschaftsraum<br \/>\n\u00fcberhaupt noch aufzuhalten? Degenerieren sie zu einem Erlebnispark f\u00fcr die<br \/>\numliegenden Metropolen? Werner B\u00e4tzing zieht Bilanz seiner jahrzehntelangen<br \/>\nBesch\u00e4ftigung mit dem einzigartigen Natur- und Kulturraum der Alpen. B\u00e4tzing<br \/>\nschildert, wie die Alpen als Lebens- und Wirtschaftsraum und als<br \/>\nKulturlandschaft entstanden sind, wie diese im 19. und 20. Jahrhundert durch<br \/>\nTourismus, Industrie, St\u00e4dtewachstum, Verkehr und den Zusammenbruch der<br \/>\nBerglandwirtschaft vollst\u00e4ndig ver\u00e4ndert wurde (und wird), und er stellt die<br \/>\naktuelle Situation und die heutigen Probleme der Alpen im \u00dcberblick dar.<\/p>\n<p>Schlie\u00dflich zeigt er, wie die modernen Wirtschafts- und Lebensformen so mit<br \/>\nden traditionellen alpinen Umwelterfahrungen verbunden werden k\u00f6nnen, dass die<br \/>\nAlpen auf neue Weise zu einem vielf\u00e4ltigen und dezentralen Lebens- und<br \/>\nWirtschaftsraum in Europa werden. Zahlreiche Fotos und Karten veranschaulichen<br \/>\ndie Argumente des Autors und machen die Lekt\u00fcre zu einem Erlebnis.<br \/>\n4., v\u00f6llig \u00fcberarb., erw. Auflg.<\/p>\n<p>Werner B\u00e4tzing ist der international anerkannte Experte f\u00fcr den Alpenraum.<br \/>\nSeit 1977 besch\u00e4ftigt er sich in fach- und grenz\u00fcbergreifender Perspektive mit<br \/>\nden Problemen des Alpenraums. B\u00e4tzing ist u. a. wissenschaftlicher Berater der<br \/>\nInternationalen Alpenschutzkommission CIPRA, Beiratsmitglied im<br \/>\ninternationalen Verein &#171;Pro Vita Alpina&#187; sowie Mitglied im Fachbeirat des<br \/>\ndeutschen Alpenvereins. Den Bergfreunden bekannt wurde er auch durch seine<br \/>\nBeschreibung des piemontesischen Weitwanderwegs &#171;Grande Traversata delle<br \/>\nAlpi&#187;, der von der Schweizer Grenze bis zum Mittelmeer f\u00fchrt.<\/p>\n<p><strong>Sonderpreis 4. Auflage: CHF 25.00 statt 49.90<\/strong><\/p>","protected":false},"excerpt":{"rendered":"<p>Ist das Verschwinden der Alpen als menschlicher Lebens- und Wirtschaftsraum \u00fcberhaupt noch aufzuhalten? Degenerieren sie zu einem Erlebnispark f\u00fcr die umliegenden Metropolen? Werner B\u00e4tzing zieht Bilanz seiner jahrzehntelangen Besch\u00e4ftigung mit dem einzigartigen Natur- und Kulturraum der Alpen. B\u00e4tzing schildert, wie die Alpen als Lebens- und Wirtschaftsraum und als Kulturlandschaft entstanden sind, wie diese im 19. [&#8230;]\n","protected":false},"featured_media":39592,"template":"","meta":[],"product_brand":[],"product_cat":[21542],"product_tag":[],"class_list":{"0":"post-147022","1":"product","2":"type-product","3":"status-publish","4":"has-post-thumbnail","6":"product_cat-sachbuecher-dokumentationen","7":"pa_autor-baetzing","8":"pa_erscheinungsjahr-21597","9":"pa_region-deutschland","10":"pa_sprache-de","12":"first","13":"instock","14":"sale","15":"taxable","16":"shipping-taxable","17":"purchasable","18":"product-type-simple"},"_links":{"self":[{"href":"https:\/\/pizbube.ch\/en\/wp-json\/wp\/v2\/product\/147022","targetHints":{"allow":["GET"]}}],"collection":[{"href":"https:\/\/pizbube.ch\/en\/wp-json\/wp\/v2\/product"}],"about":[{"href":"https:\/\/pizbube.ch\/en\/wp-json\/wp\/v2\/types\/product"}],"wp:featuredmedia":[{"embeddable":true,"href":"https:\/\/pizbube.ch\/en\/wp-json\/wp\/v2\/media\/39592"}],"wp:attachment":[{"href":"https:\/\/pizbube.ch\/en\/wp-json\/wp\/v2\/media?parent=147022"}],"wp:term":[{"taxonomy":"product_brand","embeddable":true,"href":"https:\/\/pizbube.ch\/en\/wp-json\/wp\/v2\/product_brand?post=147022"},{"taxonomy":"product_cat","embeddable":true,"href":"https:\/\/pizbube.ch\/en\/wp-json\/wp\/v2\/product_cat?post=147022"},{"taxonomy":"product_tag","embeddable":true,"href":"https:\/\/pizbube.ch\/en\/wp-json\/wp\/v2\/product_tag?post=147022"}],"curies":[{"name":"wp","href":"https:\/\/api.w.org\/{rel}","templated":true}]}}