{"id":147024,"date":"2021-01-15T10:54:37","date_gmt":"2021-01-15T10:54:37","guid":{"rendered":"https:\/\/codengine3.ch\/?product=import-placeholder-for-206029"},"modified":"2021-01-15T14:45:48","modified_gmt":"2021-01-15T14:45:48","slug":"mythos-alpen","status":"publish","type":"product","link":"https:\/\/pizbube.ch\/en\/shop\/mythos-alpen\/","title":{"rendered":"Mythos Alpen"},"content":{"rendered":"<p>Die Faszination der Alpen ist bis heute ungebrochen. Bereits seit dem Beginn<br \/>\ndes 19. Jahrhunderts reiste, wer es sich leisten konnte, in diese gro\u00dfartige<br \/>\nHochgebirgslandschaft. Die bislang unver\u00f6ffentlichten, bereits zu ihrer<br \/>\nEntstehungszeit von Aquarellisten kolorierten Glasdiapositve in diesem Band<br \/>\nstammen aus der Zeit zwischen 1900 und 1925 und werfen einen nostalgischen<br \/>\nBlick auf die Alpenl\u00e4nder. Die Fotografien entf\u00fchren in eine Zeit, als man zur<br \/>\nSommerfrische in die Berge fuhr und der Wintersport noch den Hauch des<br \/>\nExklusiven hatte.<br \/>\nUnerschrockene Alpinisten suchten in steilen Felsw\u00e4nden das Abenteuer, erste<br \/>\nPassstra\u00dfen und Zahnradbahnen machten die Alpen auch f\u00fcr weniger Wagemutige<br \/>\nzug\u00e4nglich und erschlossen \u00fcberw\u00e4ltigende Panoramablicke, atemberaubende<br \/>\nWasserf\u00e4lle, stille Bergseen und abgelegene Bergd\u00f6rfer. Die Bilder in diesem<br \/>\nBuch lassen die Faszination erahnen, die mit der abenteuerlichen Eroberung der<br \/>\nFelsen- und Eismeere verbunden war und geben zugleich Zeugnis einer<br \/>\nUrspr\u00fcnglichkeit, die heute vom Verschwinden bedroht ist.  <\/p>","protected":false},"excerpt":{"rendered":"<p>Die Faszination der Alpen ist bis heute ungebrochen. Bereits seit dem Beginn des 19. Jahrhunderts reiste, wer es sich leisten konnte, in diese gro\u00dfartige Hochgebirgslandschaft. Die bislang unver\u00f6ffentlichten, bereits zu ihrer Entstehungszeit von Aquarellisten kolorierten Glasdiapositve in diesem Band stammen aus der Zeit zwischen 1900 und 1925 und werfen einen nostalgischen Blick auf die Alpenl\u00e4nder. [&#8230;]\n","protected":false},"featured_media":34918,"template":"","meta":[],"product_brand":[],"product_cat":[21580],"product_tag":[],"class_list":{"0":"post-147024","1":"product","2":"type-product","3":"status-publish","4":"has-post-thumbnail","6":"product_cat-kunst-kultur","7":"pa_autor-brandstaetter-hrsg-stifter","8":"pa_erscheinungsjahr-21830","9":"pa_region-uebrigers-europa","10":"pa_sprache-de","12":"first","13":"instock","14":"taxable","15":"shipping-taxable","16":"purchasable","17":"product-type-simple"},"_links":{"self":[{"href":"https:\/\/pizbube.ch\/en\/wp-json\/wp\/v2\/product\/147024","targetHints":{"allow":["GET"]}}],"collection":[{"href":"https:\/\/pizbube.ch\/en\/wp-json\/wp\/v2\/product"}],"about":[{"href":"https:\/\/pizbube.ch\/en\/wp-json\/wp\/v2\/types\/product"}],"wp:featuredmedia":[{"embeddable":true,"href":"https:\/\/pizbube.ch\/en\/wp-json\/wp\/v2\/media\/34918"}],"wp:attachment":[{"href":"https:\/\/pizbube.ch\/en\/wp-json\/wp\/v2\/media?parent=147024"}],"wp:term":[{"taxonomy":"product_brand","embeddable":true,"href":"https:\/\/pizbube.ch\/en\/wp-json\/wp\/v2\/product_brand?post=147024"},{"taxonomy":"product_cat","embeddable":true,"href":"https:\/\/pizbube.ch\/en\/wp-json\/wp\/v2\/product_cat?post=147024"},{"taxonomy":"product_tag","embeddable":true,"href":"https:\/\/pizbube.ch\/en\/wp-json\/wp\/v2\/product_tag?post=147024"}],"curies":[{"name":"wp","href":"https:\/\/api.w.org\/{rel}","templated":true}]}}