{"id":147025,"date":"2021-01-15T10:54:37","date_gmt":"2021-01-15T10:54:37","guid":{"rendered":"https:\/\/codengine3.ch\/?product=import-placeholder-for-208799"},"modified":"2021-01-15T17:57:58","modified_gmt":"2021-01-15T17:57:58","slug":"abenteuer-alpen","status":"publish","type":"product","link":"https:\/\/pizbube.ch\/en\/shop\/abenteuer-alpen\/","title":{"rendered":"ABENTEUER Alpen"},"content":{"rendered":"<p>\nGebirgsmonster, die pl\u00f6tzlich zwischen lieblichen Almen auftauchen, bizarr und<br \/>\nzerkl\u00fcftet, sich in einer atemberaubenden Wuchtigkeit in den Himmel aufb\u00e4umen<br \/>\n\u2013 ein unglaublicher Kontrast, von jeder Ecke anders und \u00fcberw\u00e4ltigender. Der<br \/>\nAndrang auf den verschlungenen Passstra\u00dfen ist mitunter enorm, die Verlockung<br \/>\nf\u00fcr viele gro\u00df, die geballte Natursch\u00f6nheit der Alpen bequem am Autofenster<br \/>\nals Film vorbeiziehen zu lassen. Aber es wird eben immer nur ein Film bleiben.<\/p>\n<p>Unbeteiligt, au\u00dfenstehend, ganz nett \u2013 mehr nicht. \u201eFahren zeigt Ohnmacht.<br \/>\nGehen Kraft\u201c, so sagte schon weise der deutsche Schriftsteller Johann<br \/>\nGottfried Seume, der 1801 zu Fu\u00df durch halb Europa lief. Mit eigener Kraft die<br \/>\nAlpen zu durchqueren, den Wettern zu trotzen, schroffes Felsgel\u00e4nde zu<br \/>\nbew\u00e4ltigen, auf den Gipfeln zu stehen, die Welt unter sich \u2013 das ist ein<br \/>\nHochgef\u00fchl, das mit nichts zu vergleichen ist.<\/p>\n<p>Iris K\u00fcrschner hat \u00fcber lange Jahre alle Regionen der Alpen erwandert und<br \/>\nerklettert. Sie zeigt uns die Bergwelt in \u00fcber 240 wunderbaren Aufnahmen und<br \/>\nf\u00fchrt uns vom \u00e4u\u00dfersten Westen bis weit in die Ostalpen, im Sommer und auch im<br \/>\nWinter. Dreizehn Sonderkapitel lassen an spannenden, anspruchsvollen und<br \/>\nau\u00dfergew\u00f6hnlichen Touren teilhaben \u2013 vom Yaktrekking im Wallis \u00fcber ein<br \/>\nPilger-Trekking auf den Rocciamelone bis zum Kammwandern durch die<br \/>\nfranz\u00f6sischen Dolomiten auf der Haute Route du Vercors.<\/p>\n<p>128 Seiten, 246 Abbildungen, Format 24 x 30 cm, gebunden mit farbigem<br \/>\nSchutzumschlag, Deutsch, \u00dcbersichtskarte  <\/p>","protected":false},"excerpt":{"rendered":"<p>Gebirgsmonster, die pl\u00f6tzlich zwischen lieblichen Almen auftauchen, bizarr und zerkl\u00fcftet, sich in einer atemberaubenden Wuchtigkeit in den Himmel aufb\u00e4umen \u2013 ein unglaublicher Kontrast, von jeder Ecke anders und \u00fcberw\u00e4ltigender. Der Andrang auf den verschlungenen Passstra\u00dfen ist mitunter enorm, die Verlockung f\u00fcr viele gro\u00df, die geballte Natursch\u00f6nheit der Alpen bequem am Autofenster als Film vorbeiziehen zu [&#8230;]\n","protected":false},"featured_media":41384,"template":"","meta":[],"product_brand":[],"product_cat":[21542],"product_tag":[],"class_list":{"0":"post-147025","1":"product","2":"type-product","3":"status-publish","4":"has-post-thumbnail","6":"product_cat-sachbuecher-dokumentationen","7":"pa_autor-kuerschner","8":"pa_erscheinungsjahr-21574","9":"pa_region-deutschland","10":"pa_sprache-de","12":"first","13":"instock","14":"taxable","15":"shipping-taxable","16":"purchasable","17":"product-type-simple"},"_links":{"self":[{"href":"https:\/\/pizbube.ch\/en\/wp-json\/wp\/v2\/product\/147025","targetHints":{"allow":["GET"]}}],"collection":[{"href":"https:\/\/pizbube.ch\/en\/wp-json\/wp\/v2\/product"}],"about":[{"href":"https:\/\/pizbube.ch\/en\/wp-json\/wp\/v2\/types\/product"}],"wp:featuredmedia":[{"embeddable":true,"href":"https:\/\/pizbube.ch\/en\/wp-json\/wp\/v2\/media\/41384"}],"wp:attachment":[{"href":"https:\/\/pizbube.ch\/en\/wp-json\/wp\/v2\/media?parent=147025"}],"wp:term":[{"taxonomy":"product_brand","embeddable":true,"href":"https:\/\/pizbube.ch\/en\/wp-json\/wp\/v2\/product_brand?post=147025"},{"taxonomy":"product_cat","embeddable":true,"href":"https:\/\/pizbube.ch\/en\/wp-json\/wp\/v2\/product_cat?post=147025"},{"taxonomy":"product_tag","embeddable":true,"href":"https:\/\/pizbube.ch\/en\/wp-json\/wp\/v2\/product_tag?post=147025"}],"curies":[{"name":"wp","href":"https:\/\/api.w.org\/{rel}","templated":true}]}}