{"id":147026,"date":"2021-01-15T10:54:37","date_gmt":"2021-01-15T10:54:37","guid":{"rendered":"https:\/\/codengine3.ch\/?product=import-placeholder-for-200138"},"modified":"2021-01-15T10:54:40","modified_gmt":"2021-01-15T10:54:40","slug":"sud-du-jura-guide-des-sites-descalade","status":"publish","type":"product","link":"https:\/\/pizbube.ch\/en\/shop\/sud-du-jura-guide-des-sites-descalade\/","title":{"rendered":"Sud du Jura &#8211; Guide des sites d`escalade"},"content":{"rendered":"<p>R\u00e9gion L\u00e9donienne &#8211; Regions des Lacs &#8211; Haut-Jura<\/p>\n<p>Les sites d`escalade et de Via Ferrata pr\u00e9sent\u00e9s dans cet ouvrage, le sont<br \/>\ndans un but purement informatif.Le grimpeur reste le seul ma\u00eetre de sa<br \/>\ndestin\u00e9e et des choix qu`il op\u00e8re par rapport \u00e0 ses capacit\u00e9s, son \u00e9quipement<br \/>\net aux conditions particuli\u00e8res de la falaises.  <\/p>\n<p>Les voies d`escalade et de Via Ferrata sont d\u00e9crites dans des conditions et<br \/>\ndes \u00e9poques pr\u00e9cises.<br \/>\nIl est bon de s`assurer de leurs conditions actuelles et qu`elles n`ont pas<br \/>\n\u00e9t\u00e9 modifi\u00e9es&#8230;<br \/>\n168 pages<\/p>","protected":false},"excerpt":{"rendered":"<p>R\u00e9gion L\u00e9donienne &#8211; Regions des Lacs &#8211; Haut-Jura Les sites d`escalade et de Via Ferrata pr\u00e9sent\u00e9s dans cet ouvrage, le sont dans un but purement informatif.Le grimpeur reste le seul ma\u00eetre de sa destin\u00e9e et des choix qu`il op\u00e8re par rapport \u00e0 ses capacit\u00e9s, son \u00e9quipement et aux conditions particuli\u00e8res de la falaises. Les voies [&#8230;]\n","protected":false},"featured_media":26038,"template":"","meta":[],"product_brand":[],"product_cat":[21539],"product_tag":[],"class_list":{"0":"post-147026","1":"product","2":"type-product","3":"status-publish","4":"has-post-thumbnail","6":"product_cat-fuehrerliteratur-sportklettern-bouldern","7":"pa_autor-ffme-pirat","8":"pa_erscheinungsjahr-21621","9":"pa_region-frankreich","10":"pa_sprache-fr","12":"first","13":"instock","14":"taxable","15":"shipping-taxable","16":"purchasable","17":"product-type-simple"},"_links":{"self":[{"href":"https:\/\/pizbube.ch\/en\/wp-json\/wp\/v2\/product\/147026","targetHints":{"allow":["GET"]}}],"collection":[{"href":"https:\/\/pizbube.ch\/en\/wp-json\/wp\/v2\/product"}],"about":[{"href":"https:\/\/pizbube.ch\/en\/wp-json\/wp\/v2\/types\/product"}],"wp:featuredmedia":[{"embeddable":true,"href":"https:\/\/pizbube.ch\/en\/wp-json\/wp\/v2\/media\/26038"}],"wp:attachment":[{"href":"https:\/\/pizbube.ch\/en\/wp-json\/wp\/v2\/media?parent=147026"}],"wp:term":[{"taxonomy":"product_brand","embeddable":true,"href":"https:\/\/pizbube.ch\/en\/wp-json\/wp\/v2\/product_brand?post=147026"},{"taxonomy":"product_cat","embeddable":true,"href":"https:\/\/pizbube.ch\/en\/wp-json\/wp\/v2\/product_cat?post=147026"},{"taxonomy":"product_tag","embeddable":true,"href":"https:\/\/pizbube.ch\/en\/wp-json\/wp\/v2\/product_tag?post=147026"}],"curies":[{"name":"wp","href":"https:\/\/api.w.org\/{rel}","templated":true}]}}