{"id":147028,"date":"2021-01-15T10:54:37","date_gmt":"2021-01-15T10:54:37","guid":{"rendered":"https:\/\/codengine3.ch\/?product=import-placeholder-for-203362"},"modified":"2023-06-02T12:45:23","modified_gmt":"2023-06-02T10:45:23","slug":"escalade-en-haut-lieu-loue-lison","status":"publish","type":"product","link":"https:\/\/pizbube.ch\/en\/shop\/escalade-en-haut-lieu-loue-lison\/","title":{"rendered":"Escalade en Haut Lieu &#8211; Loue \/ Lison"},"content":{"rendered":"<p>Escalade dans le Doubs<\/p>\n<p>Une invitation \u00e0 l`escalade sud de Besan\u00e7on\/ Doubs &#8211; un potential de 800<br \/>\nlongeurs d` escalade, au VTT, au cano\u00eb-kayak, \u00e0 la randonn\u00e9e, \u00e0 la sp\u00e9ologie.<br \/>\n205 p.<\/p>","protected":false},"excerpt":{"rendered":"<p>Escalade dans le Doubs Une invitation \u00e0 l`escalade sud de Besan\u00e7on\/ Doubs &#8211; un potential de 800 longeurs d` escalade, au VTT, au cano\u00eb-kayak, \u00e0 la randonn\u00e9e, \u00e0 la sp\u00e9ologie. 205 p.<\/p>","protected":false},"featured_media":167843,"template":"","meta":[],"product_brand":[],"product_cat":[21539],"product_tag":[],"class_list":{"0":"post-147028","1":"product","2":"type-product","3":"status-publish","4":"has-post-thumbnail","6":"product_cat-fuehrerliteratur-sportklettern-bouldern","7":"pa_autor-gleizes","8":"pa_erscheinungsjahr-22150","9":"pa_region-frankreich","10":"pa_sprache-fr","12":"first","13":"instock","14":"taxable","15":"shipping-taxable","16":"purchasable","17":"product-type-simple"},"_links":{"self":[{"href":"https:\/\/pizbube.ch\/en\/wp-json\/wp\/v2\/product\/147028","targetHints":{"allow":["GET"]}}],"collection":[{"href":"https:\/\/pizbube.ch\/en\/wp-json\/wp\/v2\/product"}],"about":[{"href":"https:\/\/pizbube.ch\/en\/wp-json\/wp\/v2\/types\/product"}],"wp:featuredmedia":[{"embeddable":true,"href":"https:\/\/pizbube.ch\/en\/wp-json\/wp\/v2\/media\/167843"}],"wp:attachment":[{"href":"https:\/\/pizbube.ch\/en\/wp-json\/wp\/v2\/media?parent=147028"}],"wp:term":[{"taxonomy":"product_brand","embeddable":true,"href":"https:\/\/pizbube.ch\/en\/wp-json\/wp\/v2\/product_brand?post=147028"},{"taxonomy":"product_cat","embeddable":true,"href":"https:\/\/pizbube.ch\/en\/wp-json\/wp\/v2\/product_cat?post=147028"},{"taxonomy":"product_tag","embeddable":true,"href":"https:\/\/pizbube.ch\/en\/wp-json\/wp\/v2\/product_tag?post=147028"}],"curies":[{"name":"wp","href":"https:\/\/api.w.org\/{rel}","templated":true}]}}