{"id":147029,"date":"2021-01-15T10:54:37","date_gmt":"2021-01-15T10:54:37","guid":{"rendered":"https:\/\/codengine3.ch\/?product=import-placeholder-for-207576"},"modified":"2021-01-15T16:04:47","modified_gmt":"2021-01-15T16:04:47","slug":"escalade-autour-de-pont-de-roide","status":"publish","type":"product","link":"https:\/\/pizbube.ch\/en\/shop\/escalade-autour-de-pont-de-roide\/","title":{"rendered":"Escalade autour de Pont-de-roide"},"content":{"rendered":"<p>Le Cr\u00eat des Roches, un site qui raisonne dans ma m\u00e9moire comme \u00e9tant le<br \/>\npremier site calcaire foul\u00e9 par mes doigts et chaussons de jeune grimpeur<br \/>\nalsacien. sur la route du xsud, ce site a attir\u00e9 les foules en raison de ses<br \/>\nnombreux atouts, une exposition permettant d`y grimper quelle que soit la<br \/>\nsaison, un superbe rocher qui n\u00e9cessite technique et finesse, des voies de<br \/>\ntous niveaux en quantit\u00e9 et qualit\u00e9 et le tout dans un cadre calme et<br \/>\nagr\u00e9able.  <\/p>\n<p>Les ann\u00e9es passent, \u00e0 part la patine dans les voies tr\u00e8s faciles pur laquelle<br \/>\non ne peut pas faire grand chose et l`\u00e9quipement qui a subie en 2010 un bon<br \/>\nlifting gr\u00e2ce au travail conjoint des \u00e9quipeurs locaux et du conseiller<br \/>\ntechnique du comit\u00e9 d\u00e9partemental et cela afin de vous permettre de grimper en<br \/>\ntoute s\u00e9r\u00e9nit\u00e9 et s\u00e9curit\u00e9, ce site continuera de ravir tout grimpeur en qu\u00eate<br \/>\nde verticalit\u00e9.<\/p>","protected":false},"excerpt":{"rendered":"<p>Le Cr\u00eat des Roches, un site qui raisonne dans ma m\u00e9moire comme \u00e9tant le premier site calcaire foul\u00e9 par mes doigts et chaussons de jeune grimpeur alsacien. sur la route du xsud, ce site a attir\u00e9 les foules en raison de ses nombreux atouts, une exposition permettant d`y grimper quelle que soit la saison, un [&#8230;]\n","protected":false},"featured_media":37870,"template":"","meta":[],"product_brand":[],"product_cat":[21539],"product_tag":[],"class_list":{"0":"post-147029","1":"product","2":"type-product","3":"status-publish","4":"has-post-thumbnail","6":"product_cat-fuehrerliteratur-sportklettern-bouldern","7":"pa_autor-ruyer","8":"pa_erscheinungsjahr-21610","9":"pa_region-frankreich","10":"pa_sprache-fr","12":"first","13":"instock","14":"taxable","15":"shipping-taxable","16":"purchasable","17":"product-type-simple"},"_links":{"self":[{"href":"https:\/\/pizbube.ch\/en\/wp-json\/wp\/v2\/product\/147029","targetHints":{"allow":["GET"]}}],"collection":[{"href":"https:\/\/pizbube.ch\/en\/wp-json\/wp\/v2\/product"}],"about":[{"href":"https:\/\/pizbube.ch\/en\/wp-json\/wp\/v2\/types\/product"}],"wp:featuredmedia":[{"embeddable":true,"href":"https:\/\/pizbube.ch\/en\/wp-json\/wp\/v2\/media\/37870"}],"wp:attachment":[{"href":"https:\/\/pizbube.ch\/en\/wp-json\/wp\/v2\/media?parent=147029"}],"wp:term":[{"taxonomy":"product_brand","embeddable":true,"href":"https:\/\/pizbube.ch\/en\/wp-json\/wp\/v2\/product_brand?post=147029"},{"taxonomy":"product_cat","embeddable":true,"href":"https:\/\/pizbube.ch\/en\/wp-json\/wp\/v2\/product_cat?post=147029"},{"taxonomy":"product_tag","embeddable":true,"href":"https:\/\/pizbube.ch\/en\/wp-json\/wp\/v2\/product_tag?post=147029"}],"curies":[{"name":"wp","href":"https:\/\/api.w.org\/{rel}","templated":true}]}}