{"id":147030,"date":"2021-01-15T10:54:37","date_gmt":"2021-01-15T10:54:37","guid":{"rendered":"https:\/\/codengine3.ch\/?product=import-placeholder-for-203361"},"modified":"2021-01-15T14:22:28","modified_gmt":"2021-01-15T14:22:28","slug":"baume-les-dames","status":"publish","type":"product","link":"https:\/\/pizbube.ch\/en\/shop\/baume-les-dames\/","title":{"rendered":"Baume-les-Dames"},"content":{"rendered":"<p>Topo des falaises de Baume-les-Dames, dans le Doubs central.<br \/>\nUn site \u00e9quip\u00e9 par quelques passionn\u00e9s de grimpe, qui vous offre un \u00e9ventail<br \/>\nd`escalades allant du 3 au 8c+ et quelques projets futuristes.<br \/>\nVous avez choisi de grimper \u00e0 Baume les Dames, &#171;sur les traces des coureurs<br \/>\nde murailles&#187;; nous esp\u00e9rons que vous appr\u00e9cierez votre s\u00e9jour dans notre<br \/>\ncit\u00e9 comtoise et sur ses forteresses calcaires. Ce topoguide d&#8217;escalade de<br \/>\nBaume les Dames vous invite \u00e0 parcourir les 458 voies am\u00e9nag\u00e9es dans 7 sites<br \/>\ndiff\u00e9rents.<\/p>\n<p>Baume les Dames, c&#8217;est un choix de 487 longueurs qui repr\u00e9sentent environ<br \/>\n8425m d\u0092escalade sur des falaises aux types de pratique vari\u00e9s : blocs,<br \/>\ncouennes, voies longues, voies extr\u00eames encore non r\u00e9alis\u00e9es, terrains<br \/>\nd&#8217;aventure, escalade artificielle, voies de plusieurs longueurs, dans des vois<br \/>\ntr\u00e8s bien \u00e9quip\u00e9es ou parfois l\u00e9g\u00e8rement engag\u00e9es (\u00e0 la fente de Babre), pour<br \/>\ntous les niveaux pratique : initiation, loisir, perfectionnement, haut niveau<br \/>\nafin que chacun puisse trouver son bonheur dans un rayon d&#8217;action tr\u00e8s r\u00e9duit<br \/>\n! Concernant les cotations, &#171;vous connaissez la musique&#187;, on pourrait en<br \/>\nd\u00e9battre pendant des heures, il suffit de savoir qu&#8217;elles sont \u00e0 priori<br \/>\nhomog\u00e8nes sur chaque site, ce qui n&#8217;est d\u00e9j\u00e0 pas si mal et que certaines<br \/>\ncotations, par manque de r\u00e9p\u00e9tition, sont \u00e0 affiner.<\/p>","protected":false},"excerpt":{"rendered":"<p>Topo des falaises de Baume-les-Dames, dans le Doubs central. Un site \u00e9quip\u00e9 par quelques passionn\u00e9s de grimpe, qui vous offre un \u00e9ventail d`escalades allant du 3 au 8c+ et quelques projets futuristes. Vous avez choisi de grimper \u00e0 Baume les Dames, &#171;sur les traces des coureurs de murailles&#187;; nous esp\u00e9rons que vous appr\u00e9cierez votre s\u00e9jour [&#8230;]\n","protected":false},"featured_media":32846,"template":"","meta":[],"product_brand":[],"product_cat":[21539],"product_tag":[],"class_list":{"0":"post-147030","1":"product","2":"type-product","3":"status-publish","4":"has-post-thumbnail","6":"product_cat-fuehrerliteratur-sportklettern-bouldern","7":"pa_autor-blanchon","8":"pa_erscheinungsjahr-21597","9":"pa_region-frankreich","10":"pa_sprache-fr","12":"first","13":"instock","14":"taxable","15":"shipping-taxable","16":"purchasable","17":"product-type-simple"},"_links":{"self":[{"href":"https:\/\/pizbube.ch\/en\/wp-json\/wp\/v2\/product\/147030","targetHints":{"allow":["GET"]}}],"collection":[{"href":"https:\/\/pizbube.ch\/en\/wp-json\/wp\/v2\/product"}],"about":[{"href":"https:\/\/pizbube.ch\/en\/wp-json\/wp\/v2\/types\/product"}],"wp:featuredmedia":[{"embeddable":true,"href":"https:\/\/pizbube.ch\/en\/wp-json\/wp\/v2\/media\/32846"}],"wp:attachment":[{"href":"https:\/\/pizbube.ch\/en\/wp-json\/wp\/v2\/media?parent=147030"}],"wp:term":[{"taxonomy":"product_brand","embeddable":true,"href":"https:\/\/pizbube.ch\/en\/wp-json\/wp\/v2\/product_brand?post=147030"},{"taxonomy":"product_cat","embeddable":true,"href":"https:\/\/pizbube.ch\/en\/wp-json\/wp\/v2\/product_cat?post=147030"},{"taxonomy":"product_tag","embeddable":true,"href":"https:\/\/pizbube.ch\/en\/wp-json\/wp\/v2\/product_tag?post=147030"}],"curies":[{"name":"wp","href":"https:\/\/api.w.org\/{rel}","templated":true}]}}