{"id":147031,"date":"2021-01-15T10:54:37","date_gmt":"2021-01-15T10:54:37","guid":{"rendered":"https:\/\/codengine3.ch\/?product=import-placeholder-for-205916"},"modified":"2021-01-15T14:44:56","modified_gmt":"2021-01-15T14:44:56","slug":"franzoesischer-jura","status":"publish","type":"product","link":"https:\/\/pizbube.ch\/en\/shop\/franzoesischer-jura\/","title":{"rendered":"Franz\u00f6sischer Jura"},"content":{"rendered":"<p>Franche-Comt\u00e9 &#8211; Vogesen bis Genfer See  <\/p>\n<p>Der Jura ist eine der abwechslungsreichsten und vielseitigsten Gegenden<br \/>\nFrankreichs. Herrliche Panoramagipfel, wilde Schluchten, ausgedehnte W\u00e4lder<br \/>\nund blumen\u00fcbers\u00e4te Almwiesen erwarten den Wanderer. Die Region erstreckt sich<br \/>\nvon den Vogesen bis zum Genfer See und vom Burgund bis zur Schweizer Grenze.<br \/>\nDer Rother Wanderf\u00fchrer \u00bbFranz\u00f6sischer Jura\u00ab stellt 50 sch\u00f6ne Touren f\u00fcr<br \/>\nGenusswanderer vor.<\/p>\n<p>Beeindruckend sind die hufeisenf\u00f6rmigen Talschl\u00fcsse mit ihren senkrechten<br \/>\nFelsw\u00e4nden, von denen tosende Wasserf\u00e4lle herabst\u00fcrzen. Auch die<br \/>\nTropfsteinh\u00f6hlen sind sehenswert. Zahlreiche Seen laden zum Baden ein. S\u00fcmpfe,<br \/>\nunber\u00fchrte Moore und Karstquellen sind eine weitere Besonderheit der Region.<br \/>\nAuch Kulturinteressierte kommen hier nicht zu kurz: H\u00fcbsche D\u00f6rfer und kleine<br \/>\nmittelalterliche St\u00e4dtchen, Kirchen und Kapellen sowie Schl\u00f6sser und Burgen<br \/>\ngibt es zu entdecken. Und auf einem Stadtrundgang durch Besan\u00e7on kann man<br \/>\nzahlreiche Sehensw\u00fcrdigkeiten und die hoch \u00fcber der Stadt gelegene Zitadelle<br \/>\nbesichtigen.<\/p>\n<p>Der Autor Thomas Rettstatt stellt beliebte Ziele vor, die bei keinem Jura-<br \/>\nUrlaub fehlen d\u00fcrfen, wie die Wasserf\u00e4lle des H\u00e9risson und den Talschluss von<br \/>\nBaume-les-Messieurs, aber auch einsame Wege, wie der \u00fcber die Seenplatte von<br \/>\n\u00c9cromagny.<\/p>\n<p>Alle Touren werden mit Kurzinfos, genauen Wegbeschreibungen, detaillierten<br \/>\nWanderk\u00e4rtchen mit eingezeichnetem Routenverlauf und aussagekr\u00e4ftigen<br \/>\nH\u00f6henprofilen vorgestellt. Hinzu kommen Tipps zu Sehenswertem sowie<br \/>\neindrucksvolle Farbfotos. GPS-Tracks zu allen Touren stehen zum Download<br \/>\nbereit. Der Wanderf\u00fchrer ist somit ein unverzichtbarer Begleiter f\u00fcr alle, die<br \/>\ndiese einmalige Landschaft zu Fu\u00df entdecken m\u00f6chten.<\/p>\n<p>F\u00fcr die aktuelle Auflage wurde der Wanderf\u00fchrer \u00bbFranz\u00f6sischer Jura\u00ab<br \/>\nsorgf\u00e4ltig \u00fcberarbeitet und mit GPS-Tracks versehen.  <\/p>","protected":false},"excerpt":{"rendered":"<ul>\n<li><a href=\"https:\/\/pizbube.ch\/wp-content\/uploads\/attachments\/a_031\/EC0F1751EFE20A9F26B2FE0CEBEB3A49.pdf\" target=\"_blank\" rel=\"noopener\">PDF: Franz\u00f6sischer_Jura_Inhaltsverzeichnis<\/a><\/li>\n<\/ul>","protected":false},"featured_media":34771,"template":"","meta":[],"product_brand":[],"product_cat":[21605],"product_tag":[],"class_list":{"0":"post-147031","1":"product","2":"type-product","3":"status-publish","4":"has-post-thumbnail","6":"product_cat-wanderfuehrer-trekking","7":"pa_autor-rettstatt","8":"pa_erscheinungsjahr-21586","9":"pa_region-frankreich","10":"pa_sprache-de","12":"first","13":"instock","14":"taxable","15":"shipping-taxable","16":"purchasable","17":"product-type-simple"},"_links":{"self":[{"href":"https:\/\/pizbube.ch\/en\/wp-json\/wp\/v2\/product\/147031","targetHints":{"allow":["GET"]}}],"collection":[{"href":"https:\/\/pizbube.ch\/en\/wp-json\/wp\/v2\/product"}],"about":[{"href":"https:\/\/pizbube.ch\/en\/wp-json\/wp\/v2\/types\/product"}],"wp:featuredmedia":[{"embeddable":true,"href":"https:\/\/pizbube.ch\/en\/wp-json\/wp\/v2\/media\/34771"}],"wp:attachment":[{"href":"https:\/\/pizbube.ch\/en\/wp-json\/wp\/v2\/media?parent=147031"}],"wp:term":[{"taxonomy":"product_brand","embeddable":true,"href":"https:\/\/pizbube.ch\/en\/wp-json\/wp\/v2\/product_brand?post=147031"},{"taxonomy":"product_cat","embeddable":true,"href":"https:\/\/pizbube.ch\/en\/wp-json\/wp\/v2\/product_cat?post=147031"},{"taxonomy":"product_tag","embeddable":true,"href":"https:\/\/pizbube.ch\/en\/wp-json\/wp\/v2\/product_tag?post=147031"}],"curies":[{"name":"wp","href":"https:\/\/api.w.org\/{rel}","templated":true}]}}